{"id":1052,"date":"2024-03-29T15:13:57","date_gmt":"2024-03-29T14:13:57","guid":{"rendered":"https:\/\/chalonformation.com\/?page_id=1052"},"modified":"2026-02-13T09:32:26","modified_gmt":"2026-02-13T08:32:26","slug":"formations-bac2","status":"publish","type":"page","link":"https:\/\/chalonformation.com\/index.php\/formations-bac2\/","title":{"rendered":"Nos formations Bac+2"},"content":{"rendered":"<div  data-label=\"Cta\" data-id=\"cta--3\" data-export-id=\"cta-blue-section\" data-category=\"cta\" class=\"cta-blue-section content-section content-section-spacing-medium bg-color1 white-text\" id=\"cta-3\"><div  class=\"gridContainer\"> <div  class=\"row middle-xs\"><div  class=\"col-sm-8 space-bottom-xs\" data-type=\"column\">  <h3  class=\"\">Pour plus d\u2019informations, pr\u00e9inscrivez-vous et rencontrez un de nos conseillers<\/h3><\/div> <div  class=\"col-sm-4 end-sm\" data-type=\"column\"> <a  class=\"button color9 dark-text\" href=\"https:\/\/inscriptions.chalonformation.com\/bienvenue?site=chalon\" target=\"_self\" data-cp-link=\"1\" data-icon=\"\" rel=\"noopener\">Se pr\u00e9inscrire<\/a><\/div> <\/div><\/div> <\/div><div  data-label=\"Content\" data-id=\"content--1\" data-export-id=\"content-12\" data-category=\"content\" class=\"content-12 content-section content-section-spacing\" id=\"content-1\" style=\"background-color: rgb(255, 255, 255);\"><div  class=\"gridContainer\"> <div  class=\"row text-center\"><div  class=\"section-title-col\" data-type=\"column\"> <h2  class=\"\">Qu\u2019est-ce qu\u2019un BTS en alternance ?<\/h2> <p  class=\"lead\">Exclusivement en alternance \u00e0 Dijon Formation, le BTS (Brevet de Technicien Sup\u00e9rieur) est accessible apr\u00e8s le Baccalaur\u00e9at. C\u2019est un dipl\u00f4me d\u2019enseignement sup\u00e9rieur de niveau Bac+2 d\u00e9livr\u00e9 par le Minist\u00e8re de l\u2019\u00c9ducation Nationale. Il m\u00eale dipl\u00f4me et exp\u00e9rience professionnelle, un alliage tr\u00e8s recherch\u00e9 sur le march\u00e9 de l\u2019emploi.<\/p><\/div> <\/div> <div  class=\"row center-xs middle-xs\"> <div  class=\"col-sm-9\" data-type=\"column\"> <\/div> <\/div><\/div> <\/div><div  data-label=\"Content\" data-id=\"content--2\" data-export-id=\"content-5-2\" data-category=\"content\" class=\"content-5-2 content-section content-section-spacing\" id=\"content-2\" style=\"background-color: rgb(255, 255, 255);\"><div  class=\"gridContainer\"> <div  class=\"row text-center\"><div  class=\"section-title-col\" data-type=\"column\">  <\/div> <\/div> <div  class=\"row middle-sm\"> <div  class=\"col-sm-6 flexbox around-xs top-xs\"> <div  class=\"overlay-box flexbox middle-xs center-xs overlay-holder\"> <div  class=\"overlay-box-offset offset-background shadow-medium bg-color2 hide-xs\"><\/div> <img  decoding=\"async\" class=\"flexbox shadow-large img1\" data-size=\"485x632\" src=\"https:\/\/chalonformation.com\/wp-content\/uploads\/2024\/07\/cropped-pleasure-first-later-go-our-duties-scaled-3.jpg\" title=\"Pleasure first, later go our duties\" alt=\"\"><\/div> <\/div> <div  class=\"col-sm-6 space-bottom-xs\"> <div  class=\"row space-bottom content-holder content-center-sm\" data-type=\"column\"> <h2  class=\"\" style=\"text-align: center;\">Quels sont les avantages<br >\ndu BTS en alternance ?<\/h2> <\/div> <div  class=\"row space-bottom center-sm\" data-type=\"row\"><div  class=\"col-sm-6 space-bottom\"> <i  class=\"fa icon medium fa-file-o color1\"><\/i> <h5  class=\"\" style=\"text-align: center;\">Insertion professionnelle facilit\u00e9e<\/h5> <p  class=\"\" style=\"text-align: justify;\">Les BTS couvrent une large gamme de domaines, allant de l\u2019informatique \u00e0 la gestion en passant par le commerce, la communication et l\u2019assurance. Le BTS est r\u00e9put\u00e9 pour son caract\u00e8re professionnalisant, il est con\u00e7u pour r\u00e9pondre aux besoins sp\u00e9cifiques du march\u00e9 du travail dans un secteur donn\u00e9. Chalon Formation organise \u00e9galement des ateliers apprentis, journ\u00e9es d\u2019\u00e9veil culturel et soci\u00e9tal sensibilisant les \u00e9tudiants \u00e0 diff\u00e9rentes th\u00e9matiques sur le monde d\u2019aujourd\u2019hui (arts, culture, sport, milieu associatif, etc.).<\/p><\/div> <div  class=\"col-sm-6\"><i  class=\"fa icon medium fa-balance-scale color1\"><\/i> <h5  class=\"\" style=\"text-align: center;\">L\u2019alternance comme atout<\/h5> <p  class=\"\" style=\"text-align: justify;\">La formation BTS m\u00eale enseignements th\u00e9oriques \u00e0 l\u2019\u00e9cole, et comp\u00e9tences pratiques en entreprise, permettant aux \u00e9tudiants d\u2019acqu\u00e9rir \u00e0 la fois des connaissances acad\u00e9miques solides et une exp\u00e9rience professionnelle concr\u00e8te.<br >\nA Chalon Formation, le rythme est de 2 jours en cours, 3 jours en entreprise.<\/p><\/div> <div  class=\"col-sm-6 space-bottom\"><i  class=\"fa icon medium fa-clock-o color1\"><\/i> <h5  class=\"\" style=\"text-align: center;\">Les modalit\u00e9s d\u2019examen<\/h5> <p  class=\"\" style=\"text-align: justify;\">Les \u00e9tudiants sont \u00e9valu\u00e9s sur la base de contr\u00f4les continus, puis \u00e0 la fin des 2 ann\u00e9es avec un examen final compos\u00e9 d\u2019\u00e9preuves \u00e9crites et d\u2019oraux. Une fois l\u2019examen valid\u00e9, les \u00e9tudiants sont voient dot\u00e9s d\u2019un dipl\u00f4me de niveau Bac+2.<\/p><\/div> <div  class=\"col-sm-6\"><i  class=\"fa icon medium fa-graduation-cap color1\"><\/i> <h5  class=\"\" style=\"text-align: center;\">Possibilit\u00e9s<br >\nde poursuite d\u2019\u00e9tudes<\/h5> <p  class=\"\" style=\"text-align: justify;\">A l\u2019issue du BTS en alternance, les \u00e9tudiants peuvent s\u2019ins\u00e9rer sur le march\u00e9 du travail avec les comp\u00e9tences acquises lors de leur formation et recherch\u00e9es par les employeurs. Ils peuvent \u00e9galement poursuivre leur cursus acad\u00e9mique en Licence ou Bachelor (Bac+3).<br >\nNB: Plusieurs aides financi\u00e8res sont propos\u00e9es aux \u00e9tudiants en d\u00e9but d\u2019ann\u00e9e dont l\u2019aide au permis de conduire (500\u20ac).<\/p><\/div> <\/div><\/div> <\/div><\/div> <\/div><div  data-label=\"Features\" data-id=\"features--6\" data-export-id=\"features-13-card-bordered\" data-category=\"features\" class=\"features-13 content-section content-section-spacing\" id=\"features-6\" style=\"background-color: rgb(255, 255, 255);\"><div  class=\"gridContainer\"> <div  class=\"row text-center\"><div  class=\"section-title-col\" data-type=\"column\">  <h1 class=\"\" >Nos 5 BTS en alternance<\/h1><p  class=\"lead\"><span  style=\"font-weight: 600;\">Tous nos dipl\u00f4mes sont reconnus au RNCP (R\u00e9pertoire National des Certifications Professionnelles).<\/span><br >\nEn 1\u00e8re ann\u00e9e, \u00e0 Chalon Formation les \u00e9tudiants sont en cours le lundi et mardi et en entreprise du mercredi au vendredi. En 2\u00e8me ann\u00e9e, les \u00e9tudiants sont en cours le jeudi et vendredi, et en entreprise du lundi au mercredi.<\/p><\/div> <\/div> <div  class=\"row spaced-cols content-center-sm\" data-type=\"row\"> <div  class=\"col-sm-4\"> <div  class=\"card bordered y-move\" data-type=\"column\">  <h4  class=\"\">BTS COMPTA\/GESTION<\/h4>  <a  class=\"button y-move small color1\" href=\"https:\/\/chalonformation.com\/index.php\/bts-comptabilite-et-gestion-a-chalon-formation\" target=\"_self\" data-cp-link=\"1\" data-icon=\"\">En savoir plus <\/a><\/div> <\/div>  <div  class=\"col-sm-4\"> <div  class=\"card bordered y-move\" data-type=\"column\">  <h4  class=\"\">BTS GPME<\/h4>  <a  class=\"button y-move small color1\" href=\"https:\/\/chalonformation.com\/index.php\/bts-gestion-de-la-pme-a-chalon-formation\" target=\"_self\" data-cp-link=\"1\" data-icon=\"\">En savoir plus <\/a><\/div> <\/div><div  class=\"col-sm-4\"> <div  class=\"card bordered y-move\" data-type=\"column\">  <h4  class=\"\">BTS MCO<\/h4>  <a  class=\"button y-move small color1\" href=\"https:\/\/chalonformation.com\/index.php\/bts-management-commercial-operationnel\" target=\"_self\" data-cp-link=\"1\" data-icon=\"\">En savoir plus <\/a><\/div> <\/div><div  class=\"col-sm-4\"> <div  class=\"card bordered y-move\" data-type=\"column\">  <h4  class=\"\">BTS NDRC&nbsp;<\/h4>  <a  class=\"button y-move small color1\" href=\"https:\/\/chalonformation.com\/index.php\/bts-negociation-et-digitalisation-de-la-relation-client-a-chalon-formation-ndrc\" target=\"_self\" data-cp-link=\"1\" data-icon=\"\">En savoir plus <\/a><\/div> <\/div><div  class=\"col-sm-4\"> <div  class=\"card bordered y-move\" data-type=\"column\">  <h4  class=\"\">BTS SAM<\/h4>  <a  class=\"button y-move small color1\" href=\"https:\/\/chalonformation.com\/index.php\/bts-support-a-laction-manageriale-a-chalon-formation\" target=\"_self\" data-cp-link=\"1\" data-icon=\"\">En savoir plus <\/a><\/div> <\/div><\/div> <\/div><\/div><div  data-label=\"Features\" data-id=\"features--1\" data-export-id=\"features-5\" data-category=\"features\" class=\"features-5 content-section-spacing\" id=\"features-1\" style=\"background-color: rgb(245, 250, 253);\"><div  class=\"gridContainer\"> <div  class=\"row text-center\"><div  class=\"section-title-col\" data-type=\"column\">  <h2  class=\"\">Quelques id\u00e9es de parcours de Bac+2 \u00e0 Bac+5<\/h2><p  class=\"\" style=\"text-align: justify;\"><span  style=\"font-weight: 500;\">Ces parcours sont uniquement des propositions, chaque candidat est libre de prendre rendez-vous avec un conseiller pour savoir quelles formations sont les plus ad\u00e9quates dans son parcours p\u00e9dagogique en fonction de ses volont\u00e9s et de ses comp\u00e9tences.<\/span><\/p><h3  class=\"\"><span  style=\"font-weight: 900;\">ADMINISTRATIF<\/span><\/h3><\/div> <\/div> <div  class=\"row text-center\" data-type=\"row\"> <div  class=\"col-xs-12 col-sm-4 col-md-4 col-padding-small\"> <div  class=\"number-container\"> <div  class=\"link-line left bg-color1\"><\/div> <p  class=\"number border-color1 color1\"><span >+2<\/span><\/p> <div  class=\"link-line right bg-color1\"><\/div><\/div> <div  data-type=\"column\" class=\"\"><h5  class=\"\">BTS SAM<\/h5> <\/div> <\/div> <div  class=\"col-xs-12 col-sm-4 col-md-4 col-padding-small\"> <div  class=\"number-container\"> <div  class=\"link-line left bg-color1\"><\/div> <p  class=\"number border-color1 color1\"><span >+3<\/span><\/p> <div  class=\"link-line right bg-color1\"><\/div><\/div> <div  data-type=\"column\" class=\"\"><h5  class=\"\">Bachelor Ressources Humaines<\/h5> <\/div><\/div> <div  class=\"col-xs-12 col-sm-4 col-md-4 col-padding-small\"><div  class=\"number-container\"> <div  class=\"link-line left bg-color1\"><\/div> <p  class=\"number border-color1 color1\"><span >+5<\/span><\/p> <div  class=\"link-line right bg-color1\"><\/div><\/div> <div  data-type=\"column\" class=\"\"><h5  class=\"\" style=\"text-align: left;\">\u2022 Manager Ressources Humaines<br >\u2022 Manager d\u2019Affaires<\/h5> <\/div> <\/div><\/div> <\/div><\/div><div  data-label=\"Features\" data-id=\"features--2\" data-export-id=\"features-5\" data-category=\"features\" class=\"features-5 content-section-spacing\" id=\"features-2\" style=\"background-color: rgb(255, 255, 255);\"><div  class=\"gridContainer\"> <div  class=\"row text-center\"><div  class=\"section-title-col\" data-type=\"column\">  <h3  class=\"\"><span  style=\"font-weight: 900;\">COMMERCE<\/span><\/h3><\/div> <\/div> <div  class=\"row text-center\" data-type=\"row\"> <div  class=\"col-xs-12 col-sm-4 col-md-4 col-padding-small\"> <div  class=\"number-container\"> <div  class=\"link-line left bg-color1\"><\/div> <p  class=\"number border-color1 color1\"><span >+2<\/span><\/p> <div  class=\"link-line right bg-color1\"><\/div><\/div> <div  data-type=\"column\" class=\"\"><h5  class=\"\">BTS MCO<\/h5> <\/div> <\/div> <div  class=\"col-xs-12 col-sm-4 col-md-4 col-padding-small\"> <div  class=\"number-container\"> <div  class=\"link-line left bg-color1\"><\/div> <p  class=\"number border-color1 color1\"><span >+3<\/span><\/p> <div  class=\"link-line right bg-color1\"><\/div><\/div> <div  data-type=\"column\" class=\"\"><h5  class=\"\" style=\"text-align: left;\">\u2022 Bachelor Responsable du D\u00e9veloppement Commercial<br >\u2022&nbsp;Bachelor Office Manager<\/h5> <\/div><\/div> <div  class=\"col-xs-12 col-sm-4 col-md-4 col-padding-small\"><div  class=\"number-container\"> <div  class=\"link-line left bg-color1\"><\/div> <p  class=\"number border-color1 color1\"><span >+5<\/span><\/p> <div  class=\"link-line right bg-color1\"><\/div><\/div> <div  data-type=\"column\" class=\"\"><h5  class=\"\" style=\"text-align: left;\">\u2022 Manager d\u2019Affaires<\/h5> <\/div> <\/div><\/div> <\/div><\/div><div  data-label=\"Features\" data-id=\"features--4\" data-export-id=\"features-5\" data-category=\"features\" class=\"features-5 content-section-spacing\" id=\"features-4\" style=\"background-color: rgb(255, 255, 255);\"><div  class=\"gridContainer\"> <div  class=\"row text-center\"><div  class=\"section-title-col\" data-type=\"column\">  <\/div> <\/div> <div  class=\"row text-center\" data-type=\"row\"> <div  class=\"col-xs-12 col-sm-4 col-md-4 col-padding-small\"> <div  class=\"number-container\"> <div  class=\"link-line left bg-color1\"><\/div> <p  class=\"number border-color1 color1\"><span >+2<\/span><\/p> <div  class=\"link-line right bg-color1\"><\/div><\/div> <div  data-type=\"column\" class=\"\"><h5  class=\"\">BTS NDRC<\/h5> <\/div> <\/div> <div  class=\"col-xs-12 col-sm-4 col-md-4 col-padding-small\"> <div  class=\"number-container\"> <div  class=\"link-line left bg-color1\"><\/div> <p  class=\"number border-color1 color1\"><span >+3<\/span><\/p> <div  class=\"link-line right bg-color1\"><\/div><\/div> <div  data-type=\"column\" class=\"\"><h5  class=\"\" style=\"text-align: left;\">\u2022 Bachelor Responsable du D\u00e9veloppement Commercial<br >\n\u2022 Bachelor Office Manager<\/h5> <\/div><\/div> <div  class=\"col-xs-12 col-sm-4 col-md-4 col-padding-small\"><div  class=\"number-container\"> <div  class=\"link-line left bg-color1\"><\/div> <p  class=\"number border-color1 color1\"><span >+5<\/span><\/p> <div  class=\"link-line right bg-color1\"><\/div><\/div> <div  data-type=\"column\" class=\"\"><h5  class=\"\" style=\"text-align: left;\">\u2022 Manager d\u2019Affaires<\/h5> <\/div> <\/div><\/div> <\/div><\/div><div  data-label=\"Features\" data-id=\"features--3\" data-export-id=\"features-5\" data-category=\"features\" class=\"features-5 content-section-spacing\" id=\"features-3\" style=\"background-color: rgb(245, 250, 253);\"><div  class=\"gridContainer\"> <div  class=\"row text-center\"><div  class=\"section-title-col\" data-type=\"column\">  <h3  class=\"\"><span  style=\"font-weight: 900;\">GESTION<\/span><\/h3><\/div> <\/div> <div  class=\"row text-center\" data-type=\"row\"> <div  class=\"col-xs-12 col-sm-4 col-md-4 col-padding-small\"> <div  class=\"number-container\"> <div  class=\"link-line left bg-color1\"><\/div> <p  class=\"number border-color1 color1\"><span >+2<\/span><\/p> <div  class=\"link-line right bg-color1\"><\/div><\/div> <div  data-type=\"column\" class=\"\"><h5  class=\"\">BTS GPME<\/h5> <\/div> <\/div> <div  class=\"col-xs-12 col-sm-4 col-md-4 col-padding-small\"> <div  class=\"number-container\"> <div  class=\"link-line left bg-color1\"><\/div> <p  class=\"number border-color1 color1\"><span >+3<\/span><\/p> <div  class=\"link-line right bg-color1\"><\/div><\/div> <div  data-type=\"column\" class=\"\"><h5  class=\"\" style=\"text-align: left;\">\u2022 Bachelor Responsable du D\u00e9veloppement Commercial<br >\n\u2022 Bachelor Office Manager<br >\u2022 Bachelor RH<\/h5> <\/div><\/div> <div  class=\"col-xs-12 col-sm-4 col-md-4 col-padding-small\"><div  class=\"number-container\"> <div  class=\"link-line left bg-color1\"><\/div> <p  class=\"number border-color1 color1\"><span >+5<\/span><\/p> <div  class=\"link-line right bg-color1\"><\/div><\/div> <div  data-type=\"column\" class=\"\"><p  class=\"\" style=\"text-align: justify;\"><span  style=\"font-weight: 700; font-family: Muli, arial, helvetica, sans-serif;\">\u2022 Manager d\u2019Affaires<\/span><br ><span  style=\"font-family: Muli, arial, helvetica, sans-serif; font-weight: 700;\">\u2022 Manager Ressources Humaines<\/span><\/p> <\/div> <\/div><\/div> <\/div><\/div><div  data-label=\"Features\" data-id=\"features--5\" data-export-id=\"features-5\" data-category=\"features\" class=\"features-5 content-section-spacing\" id=\"features-5\" style=\"background-color: rgb(255, 255, 255);\"><div  class=\"gridContainer\"> <div  class=\"row text-center\"><div  class=\"section-title-col\" data-type=\"column\">  <\/div> <\/div> <div  class=\"row text-center\" data-type=\"row\"> <div  class=\"col-xs-12 col-sm-4 col-md-4 col-padding-small\"> <div  class=\"number-container\"> <div  class=\"link-line left bg-color1\"><\/div> <p  class=\"number border-color1 color1\"><span >+2<\/span><\/p> <div  class=\"link-line right bg-color1\"><\/div><\/div> <div  data-type=\"column\" class=\"\"><h5  class=\"\">BTS Comptablit\u00e9-Gestion<\/h5> <\/div> <\/div> <div  class=\"col-xs-12 col-sm-4 col-md-4 col-padding-small\"> <div  class=\"number-container\"> <div  class=\"link-line left bg-color1\"><\/div> <p  class=\"number border-color1 color1\"><span >+3<\/span><\/p> <div  class=\"link-line right bg-color1\"><\/div><\/div> <div  data-type=\"column\" class=\"\"><h5  class=\"\" style=\"text-align: left;\">\u2022 Bachelor Responsable du D\u00e9veloppement Commercial<br >\n\u2022 Bachelor Office Manager<\/h5> <\/div><\/div> <div  class=\"col-xs-12 col-sm-4 col-md-4 col-padding-small\"><div  class=\"number-container\"> <div  class=\"link-line left bg-color1\"><\/div> <p  class=\"number border-color1 color1\"><span >+5<\/span><\/p> <div  class=\"link-line right bg-color1\"><\/div><\/div> <div  data-type=\"column\" class=\"\"><h5  class=\"\" style=\"text-align: left;\">\u2022 Manager d\u2019Affaires<br >\u2022 Manager Ressources Humaines<\/h5> <\/div> <\/div><\/div> <\/div><\/div><div  data-label=\"Cta\" data-id=\"cta--2\" data-export-id=\"cta-centered-section-grid\" data-category=\"cta\" class=\"cta-centered-section-grid content-section content-section-spacing-medium bg-color1 white-text\" id=\"cta-2\"><div  class=\"gridContainer\"> <div  class=\"row text-center\"><div  class=\"col-xs-12 col-sm-10 col-sm-offset-1 col-md-8 col-md-offset-2\" data-type=\"column\">  <h3  class=\"\">Pour plus d\u2019information, pr\u00e9inscrivez-vous !<\/h3> <a  class=\"button big color9 dark-text\" href=\"https:\/\/inscriptions.chalonformation.com\/bienvenue?site=chalon\" target=\"_blank\" data-cp-link=\"1\" data-icon=\"\" rel=\"noopener\">Se pr\u00e9inscrire<\/a><\/div> <\/div><\/div> <\/div>","protected":false},"excerpt":{"rendered":"<p>Pour plus d\u2019informations, pr\u00e9inscrivez-vous et rencontrez un de nos conseillers Se pr\u00e9inscrire Qu\u2019est-ce qu\u2019un BTS en alternance ? Exclusivement en alternance \u00e0 Dijon Formation, le BTS (Brevet de Technicien Sup\u00e9rieur) est accessible apr\u00e8s le Baccalaur\u00e9at. C\u2019est un dipl\u00f4me d\u2019enseignement sup\u00e9rieur de niveau Bac+2 d\u00e9livr\u00e9 par le Minist\u00e8re de l\u2019\u00c9ducation Nationale. Il m\u00eale dipl\u00f4me et exp\u00e9rience&hellip; <br \/> <a class=\"read-more\" href=\"https:\/\/chalonformation.com\/index.php\/formations-bac2\/\">Read more<\/a><\/p>\n","protected":false},"author":1,"featured_media":0,"parent":0,"menu_order":0,"comment_status":"closed","ping_status":"closed","template":"pro\/page-templates\/full-width-page.php","meta":{"om_disable_all_campaigns":false,"_monsterinsights_skip_tracking":false,"_monsterinsights_sitenote_active":false,"_monsterinsights_sitenote_note":"","_monsterinsights_sitenote_category":0,"_uf_show_specific_survey":0,"_uf_disable_surveys":false,"footnotes":""},"class_list":["post-1052","page","type-page","status-publish","hentry"],"_links":{"self":[{"href":"https:\/\/chalonformation.com\/index.php\/wp-json\/wp\/v2\/pages\/1052","targetHints":{"allow":["GET"]}}],"collection":[{"href":"https:\/\/chalonformation.com\/index.php\/wp-json\/wp\/v2\/pages"}],"about":[{"href":"https:\/\/chalonformation.com\/index.php\/wp-json\/wp\/v2\/types\/page"}],"author":[{"embeddable":true,"href":"https:\/\/chalonformation.com\/index.php\/wp-json\/wp\/v2\/users\/1"}],"replies":[{"embeddable":true,"href":"https:\/\/chalonformation.com\/index.php\/wp-json\/wp\/v2\/comments?post=1052"}],"version-history":[{"count":27,"href":"https:\/\/chalonformation.com\/index.php\/wp-json\/wp\/v2\/pages\/1052\/revisions"}],"predecessor-version":[{"id":2895,"href":"https:\/\/chalonformation.com\/index.php\/wp-json\/wp\/v2\/pages\/1052\/revisions\/2895"}],"wp:attachment":[{"href":"https:\/\/chalonformation.com\/index.php\/wp-json\/wp\/v2\/media?parent=1052"}],"curies":[{"name":"wp","href":"https:\/\/api.w.org\/{rel}","templated":true}]}}