{"id":1108,"date":"2024-03-26T10:50:33","date_gmt":"2024-03-26T09:50:33","guid":{"rendered":"https:\/\/chalonformation.com\/?page_id=1108"},"modified":"2026-02-11T11:33:07","modified_gmt":"2026-02-11T10:33:07","slug":"une-equipe-a-votre-ecoute","status":"publish","type":"page","link":"https:\/\/chalonformation.com\/index.php\/une-equipe-a-votre-ecoute\/","title":{"rendered":"Une \u00e9quipe \u00e0 votre \u00e9coute"},"content":{"rendered":"<div  data-label=\"Cta\" data-id=\"cta--5\" data-export-id=\"cta-blue-section\" data-category=\"cta\" class=\"cta-blue-section content-section content-section-spacing-medium bg-color1 white-text\" id=\"cta-5\"><div  class=\"gridContainer\"> <div  class=\"row middle-xs\"><div  class=\"col-sm-8 space-bottom-xs\" data-type=\"column\"><h3  class=\"\">Pour plus d\u2019informations, pr\u00e9inscrivez-vous<\/h3>  <\/div> <div  class=\"col-sm-4 end-sm\" data-type=\"column\"> <a  class=\"button color9 dark-text\" href=\"https:\/\/inscriptions.chalonformation.com\/bienvenue?site=chalon\" target=\"_blank\" data-cp-link=\"1\" data-icon=\"\" rel=\"noopener\">SE PR\u00c9INSCRIRE<\/a><\/div> <\/div><\/div> <\/div><div  data-label=\"Team\" data-id=\"team--1\" data-export-id=\"team-3\" data-category=\"team\" class=\"team-3 content-section content-section-spacing\" id=\"team-1\" style=\"background-color: rgb(255, 255, 255);\"><div  class=\"gridContainer\"> <div  class=\"row space-bottom text-center\"><div  data-type=\"column\" class=\"section-title-col col-xs-12 col-sm-12\">  <h3  class=\"\" style=\"text-align: justify;\"><span  style=\"font-family: Helvetica, Arial, sans-serif, arial, helvetica, sans-serif; color: rgb(34, 34, 34); font-weight: 500;\">Toute l\u2019\u00e9quipe administrative accompagne les \u00e9tudiants et les entreprises dans leur projet d\u2019alternance. Elle coordonne, encadre et assure le suivi de chaque \u00e9tudiant au quotidien.<\/span><\/h3><h2  class=\"\"><span  style=\"color: rgb(34, 34, 34); font-weight: 600;\">Notre \u00e9quipe vous accompagne<\/span><\/h2><p  class=\"\" style=\"text-align: justify;\"><span  style=\"color: rgb(34, 34, 34);\">Apr\u00e8s la pr\u00e9inscription, nos conseill\u00e8res re\u00e7oivent chaque candidat individuellement en entretien afin de d\u00e9finir le projet de formation, r\u00e9pondre aux questions et accompagner les \u00e9tudiants dans la recherche d\u2019entreprise pour l\u2019alternance, puis pour le suivi en entreprise et acad\u00e9mique et ce durant toute la formation au sein de l\u2019\u00e9cole.<\/span><\/p><\/div> <\/div> <div  data-type=\"row\" class=\"row spaced-cols\"> <div  class=\"col-xs-12 col-sm-6 col-md-3 portfolio-item\"> <div  data-hover-fx=\"portfolio-1\" class=\"contentswap-effect visible cs-portfolio-1\"> <div  class=\"initial-image\"> <img  decoding=\"async\" data-size=\"500x500\" src=\"https:\/\/chalonformation.com\/wp-content\/uploads\/2024\/09\/cropped-PHOTO-PORTRAIT-NEUTRE.png\"><\/div> <div  class=\"overlay\"><\/div> <div  class=\"swap-inner col-xs-12\"> <div  class=\"row full-height-row bottom-xs\"> <div  class=\"col-xs-12 text-center content-holder\"> <h4  class=\"color-white font-500\">Julie Lorrain<\/h4> <p  class=\"small color-white\" style=\"font-style: italic;\">Directrice de Dijon Formation, Chalon Formation et ISMACC<\/p><\/div> <\/div><\/div> <\/div><\/div><div  class=\"col-xs-12 col-sm-6 col-md-3 portfolio-item\"> <div  data-hover-fx=\"portfolio-1\" class=\"contentswap-effect visible cs-portfolio-1\"> <div  class=\"initial-image\"> <img  decoding=\"async\" data-size=\"500x500\" src=\"https:\/\/chalonformation.com\/wp-content\/uploads\/2024\/09\/cropped-PHOTO-PORTRAIT-NEUTRE.png\"><\/div> <div  class=\"overlay\"><\/div> <div  class=\"swap-inner col-xs-12\"> <div  class=\"row full-height-row bottom-xs\"> <div  class=\"col-xs-12 text-center content-holder\"> <h4  class=\"color-white font-500\">Bruno Petitgenet<\/h4> <p  class=\"small color-white\" style=\"font-style: italic;\">Directeur financier de Dijon Formation, Chalon Formation et ISMACC<\/p><\/div> <\/div><\/div> <\/div><\/div><div  class=\"col-xs-12 col-sm-6 col-md-3 portfolio-item\"> <div  data-hover-fx=\"portfolio-1\" class=\"contentswap-effect visible cs-portfolio-1\"> <div  class=\"initial-image\"> <img  decoding=\"async\" data-size=\"500x500\" src=\"https:\/\/chalonformation.com\/wp-content\/uploads\/2024\/03\/cropped-PHOTO-PORTRAIT-ROND-Emilie.png\"><\/div> <div  class=\"overlay\"><\/div> <div  class=\"swap-inner col-xs-12\"> <div  class=\"row full-height-row bottom-xs\"> <div  class=\"col-xs-12 text-center content-holder\"> <h4  class=\"color-white font-500\">Emilie Martin<\/h4> <p  class=\"small color-white\" style=\"font-style: italic;\">Responsable de Chalon Formation<\/p><\/div> <\/div><\/div> <\/div><\/div> <div  class=\"col-xs-12 col-sm-6 col-md-3 portfolio-item\"><div  data-hover-fx=\"portfolio-1\" class=\"contentswap-effect visible cs-portfolio-1\"> <div  class=\"initial-image\"> <img  decoding=\"async\" data-size=\"500x500\" src=\"https:\/\/chalonformation.com\/wp-content\/uploads\/2024\/03\/cropped-PHOTO-PORTRAIT-ROND-Sab.png\"><\/div> <div  class=\"overlay\"><\/div> <div  class=\"swap-inner col-xs-12\"> <div  class=\"row full-height-row bottom-xs\"> <div  class=\"col-xs-12 text-center content-holder\"> <h4  class=\"color-white font-500\">Sabrina Bourdeaux<\/h4> <p  class=\"small color-white\" style=\"font-style: italic;\">Conseill\u00e8re formation<\/p><\/div> <\/div><\/div> <\/div><\/div> <div  class=\"col-xs-12 col-sm-6 col-md-3 portfolio-item\"> <div  data-hover-fx=\"portfolio-1\" class=\"contentswap-effect visible cs-portfolio-1\"> <div  class=\"initial-image\"> <img  decoding=\"async\" data-size=\"500x500\" src=\"https:\/\/chalonformation.com\/wp-content\/uploads\/2024\/07\/cropped-PHOTO-PORTRAIT-ROND.png\"><\/div> <div  class=\"overlay\"><\/div> <div  class=\"swap-inner col-xs-12\"> <div  class=\"row full-height-row bottom-xs\"> <div  class=\"col-xs-12 text-center content-holder\"> <h4  class=\"color-white font-500\">Nicolas Prouteau<\/h4> <p  class=\"small color-white\" style=\"font-style: italic;\">Coordinateur P\u00e9dagogique<\/p><\/div> <\/div><\/div> <\/div><\/div>      <div  class=\"col-xs-12 col-sm-6 col-md-3 portfolio-item\"> <div  data-hover-fx=\"portfolio-1\" class=\"contentswap-effect visible cs-portfolio-1\"> <div  class=\"initial-image\"> <img  decoding=\"async\" data-size=\"500x500\" src=\"https:\/\/chalonformation.com\/wp-content\/uploads\/2024\/09\/cropped-PHOTO-PORTRAIT-NEUTRE.png\"><\/div> <div  class=\"overlay\"><\/div> <div  class=\"swap-inner col-xs-12\"> <div  class=\"row full-height-row bottom-xs\"> <div  class=\"col-xs-12 text-center content-holder\"> <h4  class=\"color-white font-500\">Louna Da Costa Leal<\/h4> <p  class=\"small color-white\" style=\"font-style: italic;\">Assistante Administrative (Mast\u00e8re MDO)<\/p><\/div> <\/div><\/div> <\/div><\/div><div  class=\"col-xs-12 col-sm-6 col-md-3 portfolio-item\"> <div  data-hover-fx=\"portfolio-1\" class=\"contentswap-effect visible cs-portfolio-1\"> <div  class=\"initial-image\"> <img  decoding=\"async\" data-size=\"500x500\" src=\"https:\/\/chalonformation.com\/wp-content\/uploads\/2024\/09\/cropped-PHOTO-PORTRAIT-NEUTRE.png\"><\/div> <div  class=\"overlay\"><\/div> <div  class=\"swap-inner col-xs-12\"> <div  class=\"row full-height-row bottom-xs\"> <div  class=\"col-xs-12 text-center content-holder\"> <h4  class=\"color-white font-500\">Alicia Fourcade<\/h4> <p  class=\"small color-white\" style=\"font-style: italic;\">Assistante Administrative (BTS SAM)<\/p><\/div> <\/div><\/div> <\/div><\/div><\/div><\/div> <\/div><div  data-label=\"Features\" data-id=\"features--1\" data-export-id=\"features-13\" data-category=\"features\" class=\"features-13 content-section content-section-spacing\" id=\"features-1\" style=\"background-color: rgb(255, 255, 255);\"><div  class=\"gridContainer\"> <div  class=\"row text-center\"><div  class=\"section-title-col\" data-type=\"column\"> <h2  class=\"\"><span  style=\"color: rgb(34, 34, 34);\">Un suivi au quotidien<\/span><br ><span  style=\"color: rgb(34, 34, 34);\">\ntout au long du cursus de formation<\/span><\/h2> <\/div> <\/div> <div  class=\"row spaced-cols center-sm content-center-sm\" data-type=\"row\"> <div  class=\"col col-sm-6 col-md-3 space-bottom\"> <i  class=\"fa icon fa-handshake-o bordered round big color1\"><\/i> <h4  class=\"\"><span  style=\"font-family: Helvetica, Arial, sans-serif, arial, helvetica, sans-serif; color: rgb(34, 34, 34);\">Entretien individuel<\/span><\/h4> <p  class=\"\" style=\"text-align: justify;\"><span  style=\"color: rgb(34, 34, 34);\">Lors de la pr\u00e9inscription les alternants sont re\u00e7us en rendez-vous individuels afin d\u2019\u00e9tablir le projet formation et r\u00e9pondre \u00e0 leurs questions.<\/span><\/p> <\/div> <div  class=\"col col-sm-6 col-md-3 space-bottom\"><i  class=\"fa icon fa-link bordered round big color1\"><\/i> <h4  class=\"\"><span  style=\"color: rgb(34, 34, 34); font-family: Helvetica, Arial, sans-serif, arial, helvetica, sans-serif;\">Accompagnement<\/span><\/h4> <p  class=\"\" style=\"text-align: justify;\"><span  style=\"color: rgb(34, 34, 34);\">Une fois le projet d\u00e9termin\u00e9, nos conseillers formation accompagnent les alternants dans la pr\u00e9paration de leur CV, lettre de motivation, et l\u2019exercice de l\u2019entretien d\u2019embauche pour la recherche d\u2019alternance.\n<\/span><br ><br ><span  style=\"color: rgb(34, 34, 34);\">\nNos conseillers communiquent \u00e9galement aux candidats les offres de postes en alternance des partenaires de l\u2019\u00e9cole.<\/span><\/p> <\/div> <div  class=\"col col-sm-6 col-md-3 space-bottom\"><i  class=\"fa icon fa-laptop bordered round big color1\"><\/i> <h4  class=\"\"><span  style=\"font-family: Helvetica, Arial, sans-serif, arial, helvetica, sans-serif; color: rgb(34, 34, 34);\">Pr\u00eat de mat\u00e9riel<\/span><\/h4> <p  class=\"\" style=\"text-align: justify;\"><span  style=\"color: rgb(34, 34, 34);\">Tous les alternants peuvent emprunter gratuitement un ordinateur portable pendant l\u2019int\u00e9gralit\u00e9 de leur cursus scolaire.\n<\/span><br ><br ><span  style=\"color: rgb(34, 34, 34);\">\nDes rallonges, calculatrices et autres accessoires sont \u00e9galement \u00e0 disposition (pr\u00e9voir cependant son propre mat\u00e9riel).\n<\/span><br ><br ><span  style=\"color: rgb(34, 34, 34);\">\nUne adresse mail de l\u2019\u00e9cole sera fournie \u00e0 chaque \u00e9tudiant avec un acc\u00e8s au Pack Office (Word, Excel etc..)<\/span><\/p> <\/div> <div  class=\"col col-sm-6 col-md-3 space-bottom\"><i  class=\"fa icon fa-book bordered round big color1\"><\/i> <h4  class=\"\"><span  style=\"font-family: Helvetica, Arial, sans-serif, arial, helvetica, sans-serif; color: rgb(34, 34, 34);\">Suivi personnalis\u00e9<\/span><\/h4> <p  class=\"\" style=\"text-align: justify;\">Les \u00e9tudiants b\u00e9n\u00e9ficient d\u2019un suivi personnalis\u00e9:<br >\n\u2022 Bilan d\u2019int\u00e9gration en entreprise \n<br >\u2022 Rendez-vous avec les tuteurs en entreprise \n<br >\u2022 Suivi du projet professionnel et p\u00e9dagogique \n<br >\u2022 Accompagnement individualis\u00e9 tout au long de la formation\n<br >\u2022 Bilan semestriel<\/p> <\/div> <div  class=\"col col-sm-6 col-md-3 space-bottom\"> <i  class=\"fa icon fa-address-book-o bordered round big color1\"><\/i> <h4  class=\"\"><span  style=\"font-family: Helvetica, Arial, sans-serif, arial, helvetica, sans-serif; color: rgb(34, 34, 34);\">Job dating et portes ouvertes<\/span><\/h4> <p  class=\"\" style=\"text-align: justify;\"><span  style=\"color: rgb(34, 34, 34);\">L\u2019\u00e9cole organise en avril l\u2019 \u00ab Happy Hour, Job dating de l\u2019alternance \u00bb permettant \u00e0 ses entreprises partenaires d\u00e9sireuses de recruter des alternants, et aux \u00e9tudiants ou futurs \u00e9tudiants de l\u2019\u00e9cole de se rencontrer.\n<\/span><br ><br ><span  style=\"color: rgb(34, 34, 34);\">\nPlusieurs dates de portes ouvertes sont \u00e9galement organis\u00e9es tout au long de l\u2019ann\u00e9e pour prendre des informations sur l\u2019\u00e9cole.<\/span><\/p> <a  class=\"button color1\" href=\"https:\/\/chalonformation.com\/index.php\/happy-hour-job-dating-de-lalternance-a-chalon-formation\" target=\"_blank\" data-cp-link=\"1\" data-icon=\"\" rel=\"noopener\">EN SAVOIR PLUS<\/a><\/div><div  class=\"col col-sm-6 col-md-3 space-bottom\"> <i  class=\"fa icon fa-gamepad bordered round big color1\"><\/i> <h4  class=\"\"><span  style=\"font-family: Helvetica, Arial, sans-serif, arial, helvetica, sans-serif; color: rgb(34, 34, 34);\">Concours nationaux et challenges<\/span><\/h4> <p  class=\"\" style=\"text-align: justify;\"><span  style=\"color: rgb(34, 34, 34);\">Chaque ann\u00e9e, l\u2019\u00e9cole participe \u00e0 plusieurs concours r\u00e9gionaux et nationaux (Business games et Comp\u00e9titions) dans divers fili\u00e8res et niveaux de formation, permettant aux \u00e9tudiants de s\u2019agu\u00e9rrir et vivre des exp\u00e9riences uniques.<\/span><br ><span  style=\"color: rgb(34, 34, 34);\">\nDepuis plusieurs ann\u00e9es, les \u00e9tudiants de Dijon Formation se qualifient pour la finale des \u00ab N\u00e9gociales \u00bb, le plus grand concours de n\u00e9gociation \u00e0 l\u2019\u00e9chelle nationale.<\/span><\/p> <\/div><div  class=\"col col-sm-6 col-md-3 space-bottom\"> <i  class=\"fa icon fa-bank bordered round big color1\"><\/i> <h4  class=\"\"><span style=\"font-weight: 700; color: rgb(52, 58, 64);\" >Aides financi\u00e8res et sp\u00e9cialis\u00e9es<\/span><\/h4> <p  class=\"\" style=\"text-align: justify;\"><span  style=\"color: rgb(34, 34, 34);\">Un accompagnement est propos\u00e9 pour des demandes sp\u00e9cifiques li\u00e9es \u00e0 un handicap, des difficult\u00e9s fianci\u00e8res ou tout autre probl\u00e8me. Une adresse mail est mise \u00e0 disposition et permet de prendre contact avec une personne r\u00e9f\u00e9rente au sein de l\u2019\u00e9tablissement pour r\u00e9pondre aux besoins \u00e9ventuels :\n<\/span><br ><sup ><span  style=\"font-weight: 400;\">\n<br ><span  style=\"color: rgb(34, 34, 34); font-weight: 600;\">accompagnement@chalonformation.com<\/span><\/span><\/sup><\/p> <\/div><\/div><\/div> <\/div><div  data-label=\"Cta\" data-id=\"cta--6\" data-export-id=\"cta-centered-section-grid\" data-category=\"cta\" class=\"cta-centered-section-grid content-section content-section-spacing-medium bg-color1 white-text\" id=\"cta-6\"><div  class=\"gridContainer\"> <div  class=\"row text-center\"><div  class=\"col-xs-12 col-sm-10 col-sm-offset-1 col-md-8 col-md-offset-2\" data-type=\"column\">   <a  class=\"button color9 dark-text\" href=\"https:\/\/inscriptions.chalonformation.com\/bienvenue?site=chalon\" target=\"_blank\" data-cp-link=\"1\" data-icon=\"\" rel=\"noopener\">PRENDRE RENDEZ-VOUS AVEC UN CONSEILLER <\/a><\/div> <\/div><\/div> <\/div><div  data-label=\"Features\" data-id=\"features--2\" data-export-id=\"features-13\" data-category=\"features\" class=\"features-13 content-section content-section-spacing\" id=\"features-2\" style=\"background-color: rgb(255, 255, 255);\"><div  class=\"gridContainer\"> <div  class=\"row text-center\"><div  class=\"section-title-col\" data-type=\"column\"> <h2  class=\"\"><span  style=\"font-weight: 600; color: rgb(34, 34, 34);\">Satisfaction des \u00e9tudiants<\/span><\/h2> <\/div> <\/div> <div  class=\"row spaced-cols center-sm\" data-type=\"row\">  <div  class=\"col col-sm-6 col-md-3 space-bottom\"><i  class=\"fa icon fa-users color1\"><\/i> <h4  class=\"\"><span  style=\"font-family: Helvetica, Arial, sans-serif, arial, helvetica, sans-serif; color: rgb(34, 34, 34);\">Disponibilit\u00e9 \n<\/span><br ><span  style=\"font-family: Helvetica, Arial, sans-serif, arial, helvetica, sans-serif; color: rgb(34, 34, 34);\">des \u00e9quipes<\/span><\/h4>  <\/div> <div  class=\"col col-sm-6 col-md-3 space-bottom\"><i  class=\"fa icon fa-life-bouy color1\"><\/i> <h4  class=\"\"><span  style=\"font-family: Helvetica, Arial, sans-serif, arial, helvetica, sans-serif; color: rgb(34, 34, 34);\">Soutien<\/span><br ><span  style=\"font-family: Helvetica, Arial, sans-serif, arial, helvetica, sans-serif; color: rgb(34, 34, 34);\">\npendant la formation<\/span><\/h4>  <\/div>  <div  class=\"col col-sm-6 col-md-3 space-bottom\"><i  class=\"fa icon fa-handshake-o color1\"><\/i> <h4  class=\"\"><span  style=\"color: rgb(34, 34, 34); font-family: Helvetica, Arial, sans-serif, arial, helvetica, sans-serif;\">Accompagnement p\u00e9dagogique<\/span><\/h4>  <\/div><div  class=\"col col-sm-6 col-md-3 space-bottom\"><i  class=\"fa icon fa-angle-double-right color1\"><\/i> <h4  class=\"\"><span  style=\"color: rgb(34, 34, 34); font-family: Helvetica, Arial, sans-serif, arial, helvetica, sans-serif;\">Suivi \n<\/span><br ><span  style=\"color: rgb(34, 34, 34); font-family: Helvetica, Arial, sans-serif, arial, helvetica, sans-serif;\">en entreprise<\/span><\/h4>  <\/div><div  class=\"col col-sm-6 col-md-3 space-bottom\"><i  class=\"fa icon fa-hand-o-right color1\"><\/i> <h4  class=\"\"><span  style=\"font-family: Helvetica, Arial, sans-serif, arial, helvetica, sans-serif; color: rgb(34, 34, 34);\">Qualit\u00e9 g\u00e9n\u00e9rale \n<\/span><br ><span  style=\"font-family: Helvetica, Arial, sans-serif, arial, helvetica, sans-serif; color: rgb(34, 34, 34);\">de la formation<\/span><\/h4>  <\/div><div  class=\"col col-sm-6 col-md-3 space-bottom\"><i  class=\"fa icon fa-calendar-check-o color1\"><\/i> <h4  class=\"\"><span  style=\"font-family: Helvetica, Arial, sans-serif, arial, helvetica, sans-serif; color: rgb(34, 34, 34);\">Organisation g\u00e9n\u00e9rale<\/span><br ><span  style=\"font-family: Helvetica, Arial, sans-serif, arial, helvetica, sans-serif; color: rgb(34, 34, 34);\">\ndes centres de formation<\/span><\/h4>  <\/div><div  class=\"col col-sm-6 col-md-3 space-bottom\"><i  class=\"fa icon fa-leaf color1\"><\/i> <h4  class=\"\"><span  style=\"color: rgb(34, 34, 34); font-family: Helvetica, Arial, sans-serif, arial, helvetica, sans-serif;\">Environnement \n<\/span><br ><span  style=\"color: rgb(34, 34, 34); font-family: Helvetica, Arial, sans-serif, arial, helvetica, sans-serif;\">de travail<\/span><\/h4>  <\/div><div  class=\"col col-sm-6 col-md-3 space-bottom\"><i  class=\"fa icon fa-desktop color1\"><\/i> <h4  class=\"\"><span  style=\"font-family: Helvetica, Arial, sans-serif, arial, helvetica, sans-serif; color: rgb(34, 34, 34);\">Mat\u00e9riels\n<\/span><br ><span  style=\"font-family: Helvetica, Arial, sans-serif, arial, helvetica, sans-serif; color: rgb(34, 34, 34);\">p\u00e9dagogiques<\/span><\/h4>  <\/div><\/div><\/div> <\/div>","protected":false},"excerpt":{"rendered":"<p>Pour plus d\u2019informations, pr\u00e9inscrivez-vous SE PR\u00c9INSCRIRE Toute l\u2019\u00e9quipe administrative accompagne les \u00e9tudiants et les entreprises dans leur projet d\u2019alternance. Elle coordonne, encadre et assure le suivi de chaque \u00e9tudiant au quotidien.Notre \u00e9quipe vous accompagneApr\u00e8s la pr\u00e9inscription, nos conseill\u00e8res re\u00e7oivent chaque candidat individuellement en entretien afin de d\u00e9finir le projet de formation, r\u00e9pondre aux questions et&hellip; <br \/> <a class=\"read-more\" href=\"https:\/\/chalonformation.com\/index.php\/une-equipe-a-votre-ecoute\/\">Read more<\/a><\/p>\n","protected":false},"author":1,"featured_media":0,"parent":0,"menu_order":0,"comment_status":"closed","ping_status":"closed","template":"pro\/page-templates\/full-width-page.php","meta":{"om_disable_all_campaigns":false,"_monsterinsights_skip_tracking":false,"_monsterinsights_sitenote_active":false,"_monsterinsights_sitenote_note":"","_monsterinsights_sitenote_category":0,"_uf_show_specific_survey":0,"_uf_disable_surveys":false,"footnotes":""},"class_list":["post-1108","page","type-page","status-publish","hentry"],"_links":{"self":[{"href":"https:\/\/chalonformation.com\/index.php\/wp-json\/wp\/v2\/pages\/1108","targetHints":{"allow":["GET"]}}],"collection":[{"href":"https:\/\/chalonformation.com\/index.php\/wp-json\/wp\/v2\/pages"}],"about":[{"href":"https:\/\/chalonformation.com\/index.php\/wp-json\/wp\/v2\/types\/page"}],"author":[{"embeddable":true,"href":"https:\/\/chalonformation.com\/index.php\/wp-json\/wp\/v2\/users\/1"}],"replies":[{"embeddable":true,"href":"https:\/\/chalonformation.com\/index.php\/wp-json\/wp\/v2\/comments?post=1108"}],"version-history":[{"count":27,"href":"https:\/\/chalonformation.com\/index.php\/wp-json\/wp\/v2\/pages\/1108\/revisions"}],"predecessor-version":[{"id":2875,"href":"https:\/\/chalonformation.com\/index.php\/wp-json\/wp\/v2\/pages\/1108\/revisions\/2875"}],"wp:attachment":[{"href":"https:\/\/chalonformation.com\/index.php\/wp-json\/wp\/v2\/media?parent=1108"}],"curies":[{"name":"wp","href":"https:\/\/api.w.org\/{rel}","templated":true}]}}