{"id":1300,"date":"2024-04-26T11:00:39","date_gmt":"2024-04-26T09:00:39","guid":{"rendered":"https:\/\/chalonformation.com\/?page_id=1300"},"modified":"2024-05-28T11:21:05","modified_gmt":"2024-05-28T09:21:05","slug":"formations-bac3","status":"publish","type":"page","link":"https:\/\/chalonformation.com\/index.php\/formations-bac3\/","title":{"rendered":"Nos formations Bac+3"},"content":{"rendered":"<div  data-label=\"Cta\" data-id=\"cta--1\" data-export-id=\"cta-centered-section-grid\" data-category=\"cta\" class=\"cta-centered-section-grid content-section content-section-spacing-medium bg-color1 white-text\" id=\"cta-1\"><div  class=\"gridContainer\"> <div  class=\"row text-center\"><div  class=\"col-xs-12 col-sm-10 col-sm-offset-1 col-md-8 col-md-offset-2\" data-type=\"column\"> <h3  class=\"\">Pour plus d\u2019information, pr\u00e9inscrivez-vous<\/h3>  <a class=\"button color9 dark-text\" href=\"https:\/\/inscriptions.chalonformation.com\/registration\/index.html?campus=cf\" target=\"_blank\" data-cp-link=\"1\" data-icon=\"\" rel=\"noopener\">Se pr\u00e9inscrire <\/a><\/div> <\/div><\/div> <\/div><div  data-label=\"About\" data-id=\"about--1\" data-export-id=\"about-9\" data-category=\"about\" class=\"about-9 content-section content-section-spacing\" id=\"about-1\" style=\"background-color: rgb(255, 255, 255);\"><div  class=\"gridContainer\"> <div  class=\"row middle-sm text-center\"><div  class=\"col-sm-5 space-bottom-xs content-column content-right-sm\" data-type=\"column\"> <h5  class=\"\" style=\"text-align: justify;\"><span  style=\"font-family: &quot;Open Sans&quot;, arial, helvetica, sans-serif; font-weight: 600;\">Les licences du CNAM sont disponibles sur le campus de Chalon Formation.<\/span><\/h5> <h2  class=\"\" style=\"text-align: left;\">Qu\u2019est ce qu\u2019une Licence en alternance ?<\/h2> <p  class=\"\" style=\"text-align: justify;\"><span  style=\"color: rgb(52, 58, 64);\">La Licence est un dipl\u00f4me Universitaire de niveau Bac 3 permettant aux \u00e9tudiants de se sp\u00e9cialiser en 1 an dans leur domaine.<\/span><br ><span  style=\"color: rgb(52, 58, 64);\">\r\nLes Licences du CNAM (Conservatoire National des Arts et M\u00e9tiers) sont accessibles apr\u00e8s un Bac 2 ou un titre professionnel de niveau 5 (EU).<\/span><\/p> <\/div> <div  class=\"col-sm-7 flexbox flexbox middle-xs center-xs space-bottom-xs\"><div  class=\"overlay-box flexbox middle-xs center-xs overlay-holder \"> <div  class=\"overlay-box-offset offset-background shadow-medium bg-color2 hide-xs\"><\/div> <img  decoding=\"async\" class=\"flexbox shadow-large img1\" src=\"https:\/\/chalonformation.com\/wp-content\/uploads\/2024\/03\/cropped-medium-shot-smiley-graduate-student-scaled-2.jpg\" data-size=\"600x400\" title=\"medium-shot-smiley-graduate-student\" alt=\"Le Niveau Bac 3 - Les Licences\"><\/div> <\/div><\/div> <\/div><\/div><div  data-label=\"Features\" data-id=\"features--5\" data-export-id=\"features-13\" data-category=\"features\" class=\"features-13 content-section content-section-spacing\" id=\"features-5\" style=\"background-color: rgb(255, 255, 255);\"><div  class=\"gridContainer\"> <div  class=\"row text-center\"><div  class=\"section-title-col\" data-type=\"column\"> <h3  class=\"\">Quels sont les avantages d\u2019une Licence \r\n<br >en alternance \u00e0 Chalon Formation ?<\/h3> <\/div> <\/div> <div  class=\"row spaced-cols\" data-type=\"row\"> <div  class=\"col col-sm-6 col-md-3 space-bottom\"> <i  class=\"fa icon fa-folder-o bordered round big color1\"><\/i> <h4  class=\"\"><span  style=\"font-family: &quot;Open Sans&quot;, arial, helvetica, sans-serif;\">Insertion professionnelle<\/span><\/h4> <p  class=\"\" style=\"text-align: justify;\"><span  style=\"color: rgb(52, 58, 64);\">Les Licences du CNAM \u00e0 Chalon Formation englobent trois grandes cat\u00e9gories de domaines : les Ressources Humaines, la Gestion des Organisations et le Commerce, la Vente et le Marketing.<\/span><br ><span  style=\"color: rgb(52, 58, 64);\">\r\nR\u00e9put\u00e9e pour son orientation professionnelle, la Licence est con\u00e7ue pour r\u00e9pondre aux exigences sp\u00e9cifiques du march\u00e9 du travail dans un secteur particulier.<\/span><\/p> <\/div> <div  class=\"col col-sm-6 col-md-3 space-bottom\"><i  class=\"fa icon fa-balance-scale bordered round big color1\"><\/i> <h4  class=\"\"><span  style=\"font-family: &quot;Open Sans&quot;, arial, helvetica, sans-serif;\">L\u2019alternance comme atout<\/span><\/h4> <p  class=\"\" style=\"text-align: justify;\"><span  style=\"color: rgb(52, 58, 64);\">La Licence, d\u2019une dur\u00e9e d\u2019un an, repr\u00e9sente une \u00e9tape essentielle dans un parcours acad\u00e9mique. Au niveau Bac +3, elle int\u00e8gre des enseignements th\u00e9oriques \u00e0 l\u2019\u00e9cole et des comp\u00e9tences pratiques d\u00e9velopp\u00e9es en entreprise.<\/span><br ><span  style=\"color: rgb(52, 58, 64);\">\r\nEn Bac +3 \u00e0 Chalon Formation, le rythme de l\u2019alternance est de:<\/span><br ><span  style=\"color: rgb(52, 58, 64);\">\r\n1 semaine en formation et 3 semaines en entreprise.<\/span><\/p> <\/div> <div  class=\"col col-sm-6 col-md-3 space-bottom\"><i  class=\"fa icon fa-check-circle bordered round big color1\"><\/i> <h4  class=\"\" style=\"text-align: justify;\"><span  style=\"font-family: &quot;Open Sans&quot;, arial, helvetica, sans-serif;\">La formation est de courte dur\u00e9e<\/span><\/h4> <p  class=\"\" style=\"text-align: justify;\"><span  style=\"color: rgb(52, 58, 64);\">Les modalit\u00e9s d\u2019examen pour valider le Bac +3 sont propres \u00e0 chaque fili\u00e8re, mais sont constitu\u00e9es de contr\u00f4les continus et un examen final, comprenant des \u00e9preuves \u00e9crites, des oraux et un dossier.<\/span><\/p> <\/div> <div  class=\"col col-sm-6 col-md-3 space-bottom\"><i  class=\"fa icon fa-star bordered round big color1\"><\/i> <h4  class=\"\" style=\"text-align: justify;\"><span  style=\"font-family: &quot;Open Sans&quot;, arial, helvetica, sans-serif;\">Possibilit\u00e9s de poursuite d\u2019\u00e9tudes<\/span><\/h4> <p  class=\"\" style=\"text-align: justify;\"><span  style=\"color: rgb(52, 58, 64);\">A l\u2019issue de l\u2019obtention de la Licence en alternance, les \u00e9tudiants sont pr\u00eats \u00e0 int\u00e9grer le march\u00e9 du travail, arm\u00e9s des comp\u00e9tences valoris\u00e9es par les employeurs et acquises durant leur formation. Ils ont \u00e9galement la possibilit\u00e9 de poursuivre leurs \u00e9tudes en Manager Sp\u00e9cialis\u00e9 (Bac +5) sur le campus de Dijon ou Chalon.<\/span><\/p> <\/div> <\/div><\/div> <\/div><div  data-label=\"Portfolio\" data-id=\"portfolio--1\" data-export-id=\"portfolio-6\" data-category=\"portfolio\" class=\"portfolio-6 content-section content-section-spacing\" id=\"portfolio-1\" style=\"background-color: rgb(255, 255, 255);\"><div  class=\"gridContainer\"> <div  class=\"row text-center\"><div  class=\"section-title-col\" data-type=\"column\"> <h2  class=\"\">Campus Chalon<br >\r\nD\u00e9couvrez nos 3 licences en alternance<\/h2> <h3  class=\"\">Licences (Bac 3)du CNAM (Conservatoire National des Arts et M\u00e9tiers)<\/h3><\/div> <\/div> <div  class=\"row space-bottom spaced-cols\" data-type=\"row\"> <div  class=\"col-xs-12 col-sm-4 text-center\"> <div  class=\"card no-padding \"> <div  data-hover-fx=\"portfolio-5\" class=\"contentswap-effect\"> <div  class=\"initial-image\"> <img  decoding=\"async\" data-size=\"500x333\" src=\"https:\/\/chalonformation.com\/wp-content\/uploads\/2024\/04\/Licence-RH.png\"><\/div> <div  class=\"overlay bg-color6\"><\/div> <div  class=\"swap-inner col-xs-12\"> <div  class=\"row full-height-row middle-xs middle-sm\"> <div  class=\"col-xs-12 text-center content-holder\"> <a href=\"https:\/\/ismacc.fr\/wp-content\/uploads\/2024\/01\/Programme-Licence-RH-2024.pdf\" target=\"_blank\" rel=\"noopener\" class=\"\"><i  class=\"fa icon portfolio-icon fa-search big color9\" aria-hidden=\"true\"><\/i><\/a><\/div> <\/div><\/div> <\/div> <div  class=\"space-bottom space-top col-xs-12\" data-type=\"column\">  <\/div> <\/div><\/div> <div  class=\"col-xs-12 col-sm-4 text-center\"><div  class=\"card no-padding \"> <div  data-hover-fx=\"portfolio-5\" class=\"contentswap-effect\"><div  class=\"initial-image\"> <img  decoding=\"async\" data-size=\"500x333\" src=\"https:\/\/chalonformation.com\/wp-content\/uploads\/2024\/04\/Licence-CVM.png\"><\/div> <div  class=\"overlay bg-color6\"><\/div> <div  class=\"swap-inner col-xs-12\"> <div  class=\"row full-height-row middle-xs middle-sm\"> <div  class=\"col-xs-12 text-center content-holder\"> <a href=\"https:\/\/ismacc.fr\/index.php\/licence-commerce-vente-marketing-du-cnam\" target=\"_blank\" rel=\"noopener\" class=\"\"><i  class=\"fa icon portfolio-icon fa-search big color9\" aria-hidden=\"true\"><\/i><\/a><\/div> <\/div><\/div> <\/div> <div  class=\"space-bottom space-top col-xs-12\" data-type=\"column\">  <\/div> <\/div><\/div> <div  class=\"col-xs-12 col-sm-4 text-center\"><div  class=\"card no-padding \"> <div  data-hover-fx=\"portfolio-5\" class=\"contentswap-effect\"><div  class=\"initial-image\"> <img  decoding=\"async\" data-size=\"500x333\" src=\"https:\/\/chalonformation.com\/wp-content\/uploads\/2024\/04\/Licence-GDO.png\"><\/div> <div  class=\"overlay bg-color6\"><\/div> <div  class=\"swap-inner col-xs-12\"> <div  class=\"row full-height-row middle-xs middle-sm\"> <div  class=\"col-xs-12 text-center content-holder\"> <a href=\"https:\/\/ismacc.fr\/index.php\/licence-gestion-des-organisations-et-gestions-des-entreprises\" target=\"_blank\" rel=\"noopener\" class=\"\"><i  class=\"fa icon portfolio-icon fa-search big color9\" aria-hidden=\"true\"><\/i><\/a><\/div> <\/div><\/div> <\/div> <div  class=\"space-bottom space-top col-xs-12\" data-type=\"column\">  <\/div> <\/div><\/div> <\/div> <div  class=\"row\"> <div  data-type=\"column\" class=\"col-xs-12 text-center\"> <\/div> <\/div><\/div> <\/div><div  data-label=\"Features\" data-id=\"features--2\" data-export-id=\"features-5\" data-category=\"features\" class=\"features-5 content-section-spacing\" id=\"features-2\" style=\"background-color: rgb(255, 255, 255);\"><div  class=\"gridContainer\"> <div  class=\"row text-center\"><div  class=\"section-title-col\" data-type=\"column\">  <h3  class=\"\"><span  style=\"font-family: &quot;Open Sans&quot;, arial, helvetica, sans-serif;\">Ressources Humaines<\/span><\/h3><\/div> <\/div> <div  class=\"row text-center\" data-type=\"row\"> <div  class=\"col-xs-12 col-sm-4 col-md-4 col-padding-small\"> <div  class=\"number-container\"> <div  class=\"link-line left bg-color1\"><\/div> <p  class=\"number border-color1 color1\"><span >3<\/span><\/p> <div  class=\"link-line right bg-color1\"><\/div><\/div> <div  data-type=\"column\" class=\"\"><h5  class=\"\"><a data-mce-href=\"https:\/\/ismacc.fr\/index.php\/licence-ressources-humaines-du-cnam\/\" href=\"https:\/\/ismacc.fr\/index.php\/licence-ressources-humaines-du-cnam\" target=\"_blank\" rel=\"noopener\" data-mce-selected=\"inline-boundary\" data-cp-link=\"1\" class=\"\">Licence Ressources Humaines<\/a><\/h5> <\/div> <\/div> <div  class=\"col-xs-12 col-sm-4 col-md-4 col-padding-small\"> <div  class=\"number-container\"> <div  class=\"link-line left bg-color1\"><\/div> <p  class=\"number border-color1 color1\"><span >5<\/span><\/p> <div  class=\"link-line right bg-color1\"><\/div><\/div> <div  data-type=\"column\" class=\"\"><h5  class=\"\"><a data-mce-href=\"https:\/\/ismacc.fr\/index.php\/manager-specialise-ressources-humaines\/\" href=\"https:\/\/ismacc.fr\/index.php\/manager-specialise-ressources-humaines\" target=\"_blank\" rel=\"noopener\" data-mce-selected=\"inline-boundary\" data-cp-link=\"1\" class=\"\">\ufeffManager Sp\u00e9cialis\u00e9 Ressources Humaines<\/a><\/h5> <\/div><\/div> <\/div> <\/div><\/div><div  data-label=\"Features\" data-id=\"features--3\" data-export-id=\"features-5\" data-category=\"features\" class=\"features-5 content-section-spacing\" id=\"features-3\" style=\"background-color: rgb(245, 250, 253);\"><div  class=\"gridContainer\"> <div  class=\"row text-center\"><div  class=\"section-title-col\" data-type=\"column\">  <h3  class=\"\"><span  style=\"font-family: &quot;Open Sans&quot;, arial, helvetica, sans-serif;\">Commerce Marketing<\/span><\/h3><\/div> <\/div> <div  class=\"row text-center\" data-type=\"row\"> <div  class=\"col-xs-12 col-sm-4 col-md-4 col-padding-small\"> <div  class=\"number-container\"> <div  class=\"link-line left bg-color1\"><\/div> <p  class=\"number border-color1 color1\"><span >3<\/span><\/p> <div  class=\"link-line right bg-color1\"><\/div><\/div> <div  data-type=\"column\" class=\"\"><h5  class=\"\"><span  style=\"color: rgb(52, 58, 64);\"><a data-mce-href=\"https:\/\/ismacc.fr\/index.php\/licence-commerce-vente-marketing-du-cnam\/\" href=\"https:\/\/ismacc.fr\/index.php\/licence-commerce-vente-marketing-du-cnam\" target=\"_blank\" rel=\"noopener\" data-mce-selected=\"inline-boundary\" data-cp-link=\"1\" class=\"\">Licence Commerce Vente Marketing<\/a><\/span><\/h5> <\/div> <\/div> <div  class=\"col-xs-12 col-sm-4 col-md-4 col-padding-small\"> <div  class=\"number-container\"> <div  class=\"link-line left bg-color1\"><\/div> <p  class=\"number border-color1 color1\"><span >5<\/span><\/p> <div  class=\"link-line right bg-color1\"><\/div><\/div> <div  data-type=\"column\" class=\"\"><h5  class=\"\"><a data-mce-href=\"https:\/\/ismacc.fr\/index.php\/manager-specialise-marketing-et-communication\/\" href=\"https:\/\/ismacc.fr\/index.php\/manager-specialise-marketing-et-communication\" target=\"_blank\" rel=\"noopener\" data-mce-selected=\"inline-boundary\" data-cp-link=\"1\" class=\"\">Manager Sp\u00e9cialis\u00e9 Marketing Communication<\/a><\/h5> <\/div><\/div> <\/div> <\/div><\/div><div  data-label=\"Features\" data-id=\"features--4\" data-export-id=\"features-5\" data-category=\"features\" class=\"features-5 content-section-spacing\" id=\"features-4\" style=\"background-color: rgb(255, 255, 255);\"><div  class=\"gridContainer\"> <div  class=\"row text-center\"><div  class=\"section-title-col\" data-type=\"column\">  <h3  class=\"\"><span  style=\"font-family: &quot;Open Sans&quot;, arial, helvetica, sans-serif;\">Gestion<\/span><\/h3><\/div> <\/div> <div  class=\"row text-center\" data-type=\"row\"> <div  class=\"col-xs-12 col-sm-4 col-md-4 col-padding-small\"> <div  class=\"number-container\"> <div  class=\"link-line left bg-color1\"><\/div> <p  class=\"number border-color1 color1\"><span >3<\/span><\/p> <div  class=\"link-line right bg-color1\"><\/div><\/div> <div  data-type=\"column\" class=\"\"><h5  class=\"\"><a data-mce-href=\"https:\/\/ismacc.fr\/index.php\/licence-gestion-des-organisations-et-gestions-des-entreprises\/\" href=\"https:\/\/ismacc.fr\/index.php\/licence-gestion-des-organisations-et-gestions-des-entreprises\" target=\"_blank\" rel=\"noopener\" data-mce-selected=\"inline-boundary\" data-cp-link=\"1\" class=\"\">\ufeffLicence Gestion des Organisations<\/a><span  id=\"_mce_caret\" data-mce-bogus=\"1\" data-mce-type=\"format-caret\"><sup >\ufeff<\/sup><\/span><\/h5> <\/div> <\/div> <div  class=\"col-xs-12 col-sm-4 col-md-4 col-padding-small\"> <div  class=\"number-container\"> <div  class=\"link-line left bg-color1\"><\/div> <p  class=\"number border-color1 color1\"><span >5<\/span><\/p> <div  class=\"link-line right bg-color1\"><\/div><\/div> <div  data-type=\"column\" class=\"\"><h5  class=\"\"><a data-mce-href=\"https:\/\/ismacc.fr\/index.php\/manager-specialise-ressources-humaines\/\" href=\"https:\/\/ismacc.fr\/index.php\/manager-specialise-ressources-humaines\" target=\"_blank\" rel=\"noopener\" data-mce-selected=\"inline-boundary\" data-cp-link=\"1\" class=\"\">Manager Sp\u00e9cialis\u00e9 Strat\u00e9gies et gestion d\u2019entreprise<\/a><\/h5> <\/div><\/div> <\/div> <\/div><\/div><div  data-label=\"Cta\" data-id=\"cta--2\" data-export-id=\"cta-centered-section-grid\" data-category=\"cta\" class=\"cta-centered-section-grid content-section content-section-spacing-medium bg-color1 white-text\" id=\"cta-2\"><div  class=\"gridContainer\"> <div  class=\"row text-center\"><div  class=\"col-xs-12 col-sm-10 col-sm-offset-1 col-md-8 col-md-offset-2\" data-type=\"column\"> <h3  class=\"\">Pour plus d\u2019informations , pr\u00e9inscrivez-vous<\/h3>  <a class=\"button big color9 dark-text\" href=\"https:\/\/inscriptions.chalonformation.com\/registration\/index.html?campus=cf\" target=\"_blank\" data-cp-link=\"1\" data-icon=\"\" rel=\"noopener\">Se pr\u00e9inscrire <\/a><\/div> <\/div><\/div> <\/div>","protected":false},"excerpt":{"rendered":"<p>Pour plus d\u2019information, pr\u00e9inscrivez-vous Se pr\u00e9inscrire Les licences du CNAM sont disponibles sur le campus de Chalon Formation. Qu\u2019est ce qu\u2019une Licence en alternance ? La Licence est un dipl\u00f4me Universitaire de niveau Bac 3 permettant aux \u00e9tudiants de se sp\u00e9cialiser en 1 an dans leur domaine. Les Licences du CNAM (Conservatoire National des Arts&hellip; <br \/> <a class=\"read-more\" href=\"https:\/\/chalonformation.com\/index.php\/formations-bac3\/\">Read more<\/a><\/p>\n","protected":false},"author":1,"featured_media":0,"parent":0,"menu_order":0,"comment_status":"closed","ping_status":"closed","template":"pro\/page-templates\/full-width-page.php","meta":{"om_disable_all_campaigns":false,"_monsterinsights_skip_tracking":false,"_monsterinsights_sitenote_active":false,"_monsterinsights_sitenote_note":"","_monsterinsights_sitenote_category":0,"_uf_show_specific_survey":0,"_uf_disable_surveys":false,"footnotes":""},"class_list":["post-1300","page","type-page","status-publish","hentry"],"_links":{"self":[{"href":"https:\/\/chalonformation.com\/index.php\/wp-json\/wp\/v2\/pages\/1300","targetHints":{"allow":["GET"]}}],"collection":[{"href":"https:\/\/chalonformation.com\/index.php\/wp-json\/wp\/v2\/pages"}],"about":[{"href":"https:\/\/chalonformation.com\/index.php\/wp-json\/wp\/v2\/types\/page"}],"author":[{"embeddable":true,"href":"https:\/\/chalonformation.com\/index.php\/wp-json\/wp\/v2\/users\/1"}],"replies":[{"embeddable":true,"href":"https:\/\/chalonformation.com\/index.php\/wp-json\/wp\/v2\/comments?post=1300"}],"version-history":[{"count":9,"href":"https:\/\/chalonformation.com\/index.php\/wp-json\/wp\/v2\/pages\/1300\/revisions"}],"predecessor-version":[{"id":1506,"href":"https:\/\/chalonformation.com\/index.php\/wp-json\/wp\/v2\/pages\/1300\/revisions\/1506"}],"wp:attachment":[{"href":"https:\/\/chalonformation.com\/index.php\/wp-json\/wp\/v2\/media?parent=1300"}],"curies":[{"name":"wp","href":"https:\/\/api.w.org\/{rel}","templated":true}]}}