{"id":1695,"date":"2024-07-04T14:28:06","date_gmt":"2024-07-04T12:28:06","guid":{"rendered":"https:\/\/chalonformation.com\/?page_id=1695"},"modified":"2026-02-13T09:47:00","modified_gmt":"2026-02-13T08:47:00","slug":"formations-bac-3","status":"publish","type":"page","link":"https:\/\/chalonformation.com\/index.php\/formations-bac-3\/","title":{"rendered":"Formations BAC +3"},"content":{"rendered":"<div  data-label=\"Cta\" data-id=\"cta--1\" data-export-id=\"cta-blue-section\" data-category=\"cta\" class=\"cta-blue-section content-section content-section-spacing-medium bg-color1 white-text\" id=\"cta-1\"><div  class=\"gridContainer\"> <div  class=\"row middle-xs\"><div  class=\"col-sm-8 space-bottom-xs\" data-type=\"column\"><h3  class=\"\">Pour plus d\u2019informations, pr\u00e9inscrivez-vous<\/h3>  <\/div> <div  class=\"col-sm-4 end-sm\" data-type=\"column\"> <a  class=\"button color9 dark-text\" href=\"https:\/\/inscriptions.chalonformation.com\/bienvenue?site=chalon\" target=\"_blank\" data-cp-link=\"1\" data-icon=\"\" rel=\"noopener\">Se pr\u00e9inscrire<\/a><\/div> <\/div><\/div> <\/div><div  data-label=\"Content\" data-id=\"content--1\" data-export-id=\"content-7\" data-category=\"content\" class=\"content-7 content-section content-section-spacing\" id=\"content-1\" style=\"background-color: rgb(255, 255, 255);\"><div  class=\"gridContainer\"> <div  class=\"row middle-sm\"><div  class=\"col-sm-6 space-bottom-xs\" data-type=\"column\"> <h2  class=\"\">Qu\u2019est ce qu\u2019un Bachelor en alternance ?<\/h2> <p  class=\"\">\u00c0 Chalon Formation, les Bachelors sont uniquement r\u00e9alis\u00e9s en alternance et accessibles apr\u00e8s un Bac+2. Il s\u2019agit de dipl\u00f4mes de niveau Bac+3&nbsp;reconnus par l\u2019Etat et&nbsp;d\u00e9livr\u00e9s par des certificateurs agr\u00e9\u00e9s.<\/p> <\/div> <div  class=\"col-sm-6\" data-type=\"column\"> <img  decoding=\"async\" class=\"shadow-large\" src=\"https:\/\/chalonformation.com\/wp-content\/uploads\/2024\/07\/cropped-cropped-groupe-etudiants-scaled-1.jpg\" title=\"Happy student having fun while using laptop with his friends in\" alt=\"\"><\/div> <\/div><\/div> <\/div><div  data-label=\"Content\" data-id=\"content--2\" data-export-id=\"content-5-2\" data-category=\"content\" class=\"content-5-2 content-section content-section-spacing\" id=\"content-2\" style=\"background-color: rgb(245, 250, 253);\"><div  class=\"gridContainer\"> <div  class=\"row text-center\"><div  class=\"section-title-col\" data-type=\"column\">  <\/div> <\/div> <div  class=\"row middle-sm\"> <div  class=\"col-sm-6 flexbox around-xs top-xs\"> <div  class=\"overlay-box flexbox middle-xs center-xs overlay-holder\"> <div  class=\"overlay-box-offset offset-background shadow-medium bg-color2 hide-xs\"><\/div> <img  decoding=\"async\" class=\"flexbox shadow-large img1\" data-size=\"485x632\" src=\"https:\/\/chalonformation.com\/wp-content\/uploads\/2024\/07\/cropped-cropped-cropped-people-2557396_1280.jpg\" title=\"cropped-cropped-cropped-people-2557396_1280.jpg\" alt=\"\"><\/div> <\/div> <div  class=\"col-sm-6 space-bottom-xs\"> <div  class=\"row space-bottom content-holder\" data-type=\"column\"> <h2  class=\"\">Quels sont les avantages d\u2019un Bachelor en alternance ?<\/h2> <\/div> <div  class=\"row space-bottom center-sm\" data-type=\"row\"><div  class=\"col-sm-6 space-bottom\"> <i  class=\"fa icon medium fa-file-o color1\"><\/i> <h5  class=\"\">Insertion professionnelle<\/h5> <p  class=\"\" style=\"text-align: left;\"><span  style=\"font-size: 17px; text-align: justify;\">Les Bachelor de Chalon Formation couvrent les domaines suivants :&nbsp;<\/span><br  style=\"color: rgb(34, 34, 34); font-size: 17px; text-align: justify;\"><span  style=\"color: rgb(34, 34, 34); font-size: 17px; text-align: justify;\">\u2022&nbsp;<\/span><span  style=\"font-size: 17px; text-align: justify;\">Commerce,&nbsp;\n\n<\/span><span  style=\"color: rgb(34, 34, 34); font-size: 17px; text-align: justify;\">\u2022&nbsp;<\/span><span  style=\"font-size: 17px; text-align: justify;\">Gestion,&nbsp;\n<\/span><span  style=\"color: rgb(34, 34, 34); font-size: 17px; text-align: justify;\">\u2022&nbsp;<\/span><span  style=\"font-size: 17px; text-align: justify;\">Ressources Humaines,<\/span><br  style=\"color: rgb(34, 34, 34); font-size: 17px; text-align: justify;\"><span  style=\"font-size: 17px; text-align: justify;\">Les Bachelors sont r\u00e9put\u00e9s pour leur approche professionnelle adapt\u00e9e aux besoins du march\u00e9 de l\u2019emploi dans chaque secteur.<\/span><\/p><\/div> <div  class=\"col-sm-6\"><i  class=\"fa icon medium fa-balance-scale color1\"><\/i> <h5  class=\"\">L\u2019alternance comme atout<\/h5> <p  class=\"\" style=\"text-align: left;\">Les Bachelors, d\u2019une dur\u00e9e d\u2019un an, repr\u00e9sentent une \u00e9tape essentielle dans un parcours acad\u00e9mique. Au niveau Bac+3, ils int\u00e8grent des enseignements th\u00e9oriques \u00e0 l\u2019\u00e9cole et des comp\u00e9tences pratiques d\u00e9velopp\u00e9es en entreprise.<br >\nEn Bac+3 \u00e0 Chalon Formation, le rythme de l\u2019alternance est de :<br >\n1 \u00e0 2 semaines par mois en formation et le reste entreprise.<\/p><\/div> <div  class=\"col-sm-6 space-bottom\"><i  class=\"fa icon medium fa-clock-o color1\"><\/i> <h5  class=\"\">Les modalit\u00e9s d\u2019examen<\/h5> <p  class=\"\" style=\"text-align: left;\">Les modalit\u00e9s d\u2019examen pour valider le Bac+3 : \n<br >\u2022 Contr\u00f4le continu \n<br >\u2022 \u00c9tudes de cas \n<br >\u2022 Oraux, \u00e9crit<br >\n\u2022 Rapport exp\u00e9rience&nbsp;<br >\u2022 M\u00e9moire<br >\n<br >Voir le d\u00e9tail pour formation sur la fiche RNCP.<\/p><\/div> <div  class=\"col-sm-6\"><i  class=\"fa icon medium fa-graduation-cap color1\"><\/i> <h5  class=\"\">Possibilit\u00e9s de poursuite d\u2019\u00e9tudes<\/h5> <p  class=\"\" style=\"text-align: left;\">A l\u2019issue de l\u2019obtention du dipl\u00f4me en alternance, les \u00e9tudiants sont pr\u00eats \u00e0 int\u00e9grer le march\u00e9 du travail, arm\u00e9s des comp\u00e9tences valoris\u00e9es par les employeurs et acquises durant leur formation. Ils ont \u00e9galement la possibilit\u00e9 de poursuivre leurs \u00e9tudes en Bac+5 sur le campus de Chalon ou Dijon.<\/p><\/div> <\/div><\/div> <\/div><\/div> <\/div><div data-label=\"Features\" data-id=\"features--7\" data-export-id=\"features-13-card-bordered\" data-category=\"features\" class=\"features-13 content-section content-section-spacing\" id=\"features-7\"  style=\"background-color: rgb(255, 255, 255);\"><div class=\"gridContainer\" > <div class=\"row text-center\" ><div class=\"section-title-col\" data-type=\"column\" > <h2 class=\"\" >D\u00e9couvrez nos Bachelors en alternance<\/h2> <p class=\"lead\" ><span style=\"font-weight: 600;\" >Tous nos dipl\u00f4mes sont reconnus au RNCP (R\u00e9pertoire National des Certifications Professionnelles).<\/span><br >\nLe rythme des \u00e9tudiants en Bachelor en alternance \u00e0 Dijon Formation est diffrent en fonction de la fili\u00e8re choisie.<\/p><\/div> <\/div> <div class=\"row spaced-cols content-center-sm\" data-type=\"row\" > <div class=\"col-sm-4\" > <div class=\"card bordered y-move\" data-type=\"column\" >  <h4 class=\"\" >BACHELOR OFFICE MANAGER<\/h4>  <a class=\"button y-move small color1\" href=\"https:\/\/chalonformation.com\/index.php\/bachelor-office-manager\"  target=\"_self\" data-cp-link=\"1\" data-icon=\"\">En savoir plus <\/a><\/div> <\/div>  <div class=\"col-sm-4\" > <div class=\"card bordered y-move\" data-type=\"column\" >  <h4 class=\"\" >BACHELOR RESSOURCES HUMAINES&nbsp;<\/h4>  <a class=\"button y-move small color1\" href=\"https:\/\/chalonformation.com\/index.php\/bachelor-rdc\"  target=\"_self\" data-cp-link=\"1\" data-icon=\"\" style=\"position: relative; top: 0px; left: 0px;\">En savoir plus <\/a><\/div> <\/div><div class=\"col-sm-4\" > <div class=\"card bordered y-move\" data-type=\"column\" >  <h4 class=\"\" >BACHELOR RESPONSABLE DU D\u00c9VELOPPEMENT COMMERCIAL&nbsp;<\/h4>  <a class=\"button y-move small color1\" href=\"https:\/\/chalonformation.com\/index.php\/bachelor-rdc\"  target=\"_self\" data-cp-link=\"1\" data-icon=\"\">En savoir plus <\/a><\/div> <\/div><\/div> <\/div><\/div><div  data-label=\"Features\" data-id=\"features--4\" data-export-id=\"features-5\" data-category=\"features\" class=\"features-5 content-section-spacing\" id=\"features-4\" style=\"background-color: rgb(255, 255, 255);\"><div  class=\"gridContainer\"> <div  class=\"row text-center\"><div  class=\"section-title-col\" data-type=\"column\"> <h2  class=\"\">Administratif, Ressources Humaines<\/h2> <\/div> <\/div> <div  class=\"row text-center center-sm content-center-sm\" data-type=\"row\"> <div  class=\"col-xs-12 col-sm-4 col-md-4 col-padding-small\"> <div  class=\"number-container\"> <div  class=\"link-line left bg-color1\"><\/div> <p  class=\"number border-color1 color1\"><span >+2<\/span><\/p> <div  class=\"link-line right bg-color1\"><\/div><\/div> <div  data-type=\"column\" class=\"\"><h5  class=\"\">BTS SAM<\/h5> <\/div> <\/div>  <div  class=\"col-xs-12 col-sm-4 col-md-4 col-padding-small\"><div  class=\"number-container\"> <div  class=\"link-line left bg-color1\"><\/div> <p  class=\"number border-color1 color1\"><span >+3<\/span><\/p> <div  class=\"link-line right bg-color1\"><\/div><\/div> <div  data-type=\"column\" class=\"\"><h5  class=\"\">Bachelor Ressources Humaines<\/h5> <\/div> <\/div><div  class=\"col-xs-12 col-sm-4 col-md-4 col-padding-small\"> <div  class=\"number-container\"> <div  class=\"link-line left bg-color1\"><\/div> <p  class=\"number border-color1 color1\"><span >+5<\/span><\/p> <div  class=\"link-line right bg-color1\"><\/div><\/div> <div  data-type=\"column\" class=\"\"><h5  class=\"\">Manager Ressources Humaines<\/h5> <\/div> <\/div><\/div> <\/div><\/div><div  data-label=\"Features\" data-id=\"features--5\" data-export-id=\"features-5\" data-category=\"features\" class=\"features-5 content-section-spacing\" id=\"features-5\" style=\"background-color: rgb(255, 255, 255);\"><div  class=\"gridContainer\"> <div  class=\"row text-center\"><div  class=\"section-title-col\" data-type=\"column\"> <h2  class=\"\">Commerce<\/h2> <\/div> <\/div> <div  class=\"row text-center\" data-type=\"row\"> <div  class=\"col-xs-12 col-sm-4 col-md-4 col-padding-small\"> <div  class=\"number-container\"> <div  class=\"link-line left bg-color1\"><\/div> <p  class=\"number border-color1 color1\"><span >+2<\/span><\/p> <div  class=\"link-line right bg-color1\"><\/div><\/div> <div  data-type=\"column\" class=\"\"><h5  class=\"\">BTS MCO<\/h5> <\/div> <\/div> <div  class=\"col-xs-12 col-sm-4 col-md-4 col-padding-small\"> <div  class=\"number-container\"> <div  class=\"link-line left bg-color1\"><\/div> <p  class=\"number border-color1 color1\"><span >+3<\/span><\/p> <div  class=\"link-line right bg-color1\"><\/div><\/div> <div  data-type=\"column\" class=\"\"><h5  class=\"\">\u2022 Bachelor RDC\n<br >\u2022 Bachelor Office Manager<br ><div ><\/div><\/h5> <\/div><\/div> <div  class=\"col-xs-12 col-sm-4 col-md-4 col-padding-small\"> <div  class=\"number-container\"> <div  class=\"link-line left bg-color1\"><\/div> <p  class=\"number border-color1 color1\"><span >+5<\/span><\/p> <div  class=\"link-line right bg-color1\"><\/div><\/div> <div  data-type=\"column\" class=\"\"><h5  class=\"\">\u2022 Manager d&#8217;Affaires<\/h5> <\/div> <\/div><div  class=\"col-xs-12 col-sm-4 col-md-4 col-padding-small\"> <div  class=\"number-container\"> <div  class=\"link-line left bg-color1\"><\/div> <p  class=\"number border-color1 color1\"><span >+2<\/span><\/p> <div  class=\"link-line right bg-color1\"><\/div><\/div> <div  data-type=\"column\" class=\"\"><h5  class=\"\">BTS NDRC<\/h5> <\/div> <\/div><div  class=\"col-xs-12 col-sm-4 col-md-4 col-padding-small\"> <div  class=\"number-container\"> <div  class=\"link-line left bg-color1\"><\/div> <p  class=\"number border-color1 color1\"><span >+3<\/span><\/p> <div  class=\"link-line right bg-color1\"><\/div><\/div> <div  data-type=\"column\" class=\"\"><h5  class=\"\">\u2022 Bachelor RDC<br >\n\u2022 Bachelor Office Manager&nbsp;<\/h5> <\/div> <\/div><div  class=\"col-xs-12 col-sm-4 col-md-4 col-padding-small\"> <div  class=\"number-container\"> <div  class=\"link-line left bg-color1\"><\/div> <p  class=\"number border-color1 color1\"><span >+5<\/span><\/p> <div  class=\"link-line right bg-color1\"><\/div><\/div> <div  data-type=\"column\" class=\"\"><h5  class=\"\">\u2022 Manager d&#8217;Affaires<\/h5> <\/div> <\/div><\/div> <\/div><\/div><div  data-label=\"Features\" data-id=\"features--6\" data-export-id=\"features-5\" data-category=\"features\" class=\"features-5 content-section-spacing\" id=\"features-6\" style=\"background-color: rgb(255, 255, 255);\"><div  class=\"gridContainer\"> <div  class=\"row text-center\"><div  class=\"section-title-col\" data-type=\"column\"> <h2  class=\"\">Comptabilit\u00e9, Gestion<\/h2> <\/div> <\/div> <div  class=\"row text-center center-sm content-center-sm\" data-type=\"row\"> <div  class=\"col-xs-12 col-sm-4 col-md-4 col-padding-small\"> <div  class=\"number-container\"> <div  class=\"link-line left bg-color1\"><\/div> <p  class=\"number border-color1 color1\"><span >+2<\/span><\/p> <div  class=\"link-line right bg-color1\"><\/div><\/div> <div  data-type=\"column\" class=\"\"><h5  class=\"\">BTS Comptabilit\u00e9-gestion<\/h5> <\/div> <\/div> <div  class=\"col-xs-12 col-sm-4 col-md-4 col-padding-small\"> <div  class=\"number-container\"> <div  class=\"link-line left bg-color1\"><\/div> <p  class=\"number border-color1 color1\"><span >+3<\/span><\/p> <div  class=\"link-line right bg-color1\"><\/div><\/div> <div  data-type=\"column\" class=\"\"><h5  class=\"\" style=\"text-align: left;\">\u2022 Bachelor Office Manager<\/h5> <\/div><\/div> <div  class=\"col-xs-12 col-sm-4 col-md-4 col-padding-small\"> <div  class=\"number-container\"> <div  class=\"link-line left bg-color1\"><\/div> <p  class=\"number border-color1 color1\"><span >+5<\/span><\/p> <div  class=\"link-line right bg-color1\"><\/div><\/div> <div  data-type=\"column\" class=\"\"><h5  class=\"\" style=\"text-align: left;\">\u2022 Manager d&#8217;Affaires&nbsp;<\/h5> <\/div> <\/div><div  class=\"col-xs-12 col-sm-4 col-md-4 col-padding-small\"> <div  class=\"number-container\"> <div  class=\"link-line left bg-color1\"><\/div> <p  class=\"number border-color1 color1\"><span >+2<\/span><\/p> <div  class=\"link-line right bg-color1\"><\/div><\/div> <div  data-type=\"column\" class=\"\"><h5  class=\"\">BTS GPME<\/h5> <\/div> <\/div><div  class=\"col-xs-12 col-sm-4 col-md-4 col-padding-small\"> <div  class=\"number-container\"> <div  class=\"link-line left bg-color1\"><\/div> <p  class=\"number border-color1 color1\"><span >+3<\/span><\/p> <div  class=\"link-line right bg-color1\"><\/div><\/div> <div  data-type=\"column\" class=\"\"><h5  class=\"\" style=\"text-align: left;\">\u2022 Bachelor Office Manager<br >\n\u2022 Bachelor Ressources Humaines<\/h5> <\/div> <\/div><div  class=\"col-xs-12 col-sm-4 col-md-4 col-padding-small\"> <div  class=\"number-container\"> <div  class=\"link-line left bg-color1\"><\/div> <p  class=\"number border-color1 color1\"><span >+5<\/span><\/p> <div  class=\"link-line right bg-color1\"><\/div><\/div> <div  data-type=\"column\" class=\"\"><h5  class=\"\" style=\"text-align: left;\">\u2022 Manager d&#8217;Affaires<br >\n\u2022 Manager Ressources Humaines<\/h5> <\/div> <\/div><\/div> <\/div><\/div><div  data-label=\"Cta\" data-id=\"cta--2\" data-export-id=\"cta-centered-section-grid\" data-category=\"cta\" class=\"cta-centered-section-grid content-section content-section-spacing-medium bg-color1 white-text\" id=\"cta-2\"><div  class=\"gridContainer\"> <div  class=\"row text-center\"><div  class=\"col-xs-12 col-sm-10 col-sm-offset-1 col-md-8 col-md-offset-2\" data-type=\"column\">   <h3  class=\"\">Pour plus d\u2019informations, pr\u00e9inscrivez-vous !<\/h3><a  class=\"button color9 dark-text\" href=\"https:\/\/inscriptions.dijonformation.com\/bienvenue?site=dijon\" target=\"_blank\" data-cp-link=\"1\" data-icon=\"\" rel=\"noopener\">Se pr\u00e9inscrire<\/a><\/div> <\/div><\/div> <\/div>","protected":false},"excerpt":{"rendered":"<p>Pour plus d\u2019informations, pr\u00e9inscrivez-vous Se pr\u00e9inscrire Qu\u2019est ce qu\u2019un Bachelor en alternance ? \u00c0 Chalon Formation, les Bachelors sont uniquement r\u00e9alis\u00e9s en alternance et accessibles apr\u00e8s un Bac+2. Il s\u2019agit de dipl\u00f4mes de niveau Bac+3&nbsp;reconnus par l\u2019Etat et&nbsp;d\u00e9livr\u00e9s par des certificateurs agr\u00e9\u00e9s. Quels sont les avantages d\u2019un Bachelor en alternance ? Insertion professionnelle Les Bachelor&hellip; <br \/> <a class=\"read-more\" href=\"https:\/\/chalonformation.com\/index.php\/formations-bac-3\/\">Read more<\/a><\/p>\n","protected":false},"author":1,"featured_media":0,"parent":0,"menu_order":0,"comment_status":"closed","ping_status":"closed","template":"pro\/page-templates\/full-width-page.php","meta":{"om_disable_all_campaigns":false,"_monsterinsights_skip_tracking":false,"_monsterinsights_sitenote_active":false,"_monsterinsights_sitenote_note":"","_monsterinsights_sitenote_category":0,"_uf_show_specific_survey":0,"_uf_disable_surveys":false,"footnotes":""},"class_list":["post-1695","page","type-page","status-publish","hentry"],"_links":{"self":[{"href":"https:\/\/chalonformation.com\/index.php\/wp-json\/wp\/v2\/pages\/1695","targetHints":{"allow":["GET"]}}],"collection":[{"href":"https:\/\/chalonformation.com\/index.php\/wp-json\/wp\/v2\/pages"}],"about":[{"href":"https:\/\/chalonformation.com\/index.php\/wp-json\/wp\/v2\/types\/page"}],"author":[{"embeddable":true,"href":"https:\/\/chalonformation.com\/index.php\/wp-json\/wp\/v2\/users\/1"}],"replies":[{"embeddable":true,"href":"https:\/\/chalonformation.com\/index.php\/wp-json\/wp\/v2\/comments?post=1695"}],"version-history":[{"count":20,"href":"https:\/\/chalonformation.com\/index.php\/wp-json\/wp\/v2\/pages\/1695\/revisions"}],"predecessor-version":[{"id":2897,"href":"https:\/\/chalonformation.com\/index.php\/wp-json\/wp\/v2\/pages\/1695\/revisions\/2897"}],"wp:attachment":[{"href":"https:\/\/chalonformation.com\/index.php\/wp-json\/wp\/v2\/media?parent=1695"}],"curies":[{"name":"wp","href":"https:\/\/api.w.org\/{rel}","templated":true}]}}