{"id":1699,"date":"2024-07-04T14:29:19","date_gmt":"2024-07-04T12:29:19","guid":{"rendered":"https:\/\/chalonformation.com\/?page_id=1699"},"modified":"2025-12-08T10:29:34","modified_gmt":"2025-12-08T09:29:34","slug":"licence-gestion-des-organisations-du-cnam","status":"publish","type":"page","link":"https:\/\/chalonformation.com\/index.php\/licence-gestion-des-organisations-du-cnam\/","title":{"rendered":"Licence Gestion des Organisations du CNAM"},"content":{"rendered":"<div  data-label=\"Cta\" data-id=\"cta--1\" data-export-id=\"cta-blue-section\" data-category=\"cta\" class=\"cta-blue-section content-section content-section-spacing-medium bg-color1 white-text\" id=\"cta-1\"><div  class=\"gridContainer\"> <div  class=\"row middle-xs\"><div  class=\"col-sm-8 space-bottom-xs\" data-type=\"column\"><h3  class=\"\">T\u00e9l\u00e9charger le programme d\u00e9taill\u00e9 de la formation Gestion des Organisations du CNAM<\/h3>  <\/div> <div  class=\"col-sm-4 end-sm\" data-type=\"column\"> <a  class=\"button color9 dark-text\" href=\"https:\/\/chalonformation.com\/wp-content\/uploads\/2025\/06\/PLAQUETTE-PROGRAMME-LGDO-CF.pdf\" target=\"_blank\" data-cp-link=\"1\" data-icon=\"\" rel=\"noopener\">T\u00c9L\u00c9CHARGER<\/a><\/div> <\/div><\/div> <\/div><div  data-label=\"Content\" data-id=\"content--1\" data-export-id=\"content-12\" data-category=\"content\" class=\"content-12 content-section content-section-spacing\" id=\"content-1\" style=\"background-color: rgb(255, 255, 255);\"><div  class=\"gridContainer\"> <div  class=\"row text-center\"><div  class=\"section-title-col\" data-type=\"column\"> <h2  class=\"\"><span  style=\"color: rgb(34, 34, 34);\">Objectifs de la formation<\/span><br ><span  style=\"color: rgb(34, 34, 34);\">\nLicence Gestion des Organisations du CNAM<\/span><\/h2> <p  class=\"lead\" style=\"text-align: justify;\"><span  style=\"color: rgb(34, 34, 34); font-weight: 400;\">Les d\u00e9tenteurs de la Licence Gestion des Organisations \u00e0 Chalon Formation, forme et qualifie des managers en organisation, en capacit\u00e9 de g\u00e9rer des projets d\u2019organisation en int\u00e9grant les dimensions contractuelles, juridiques, et de contr\u00f4le financier. Conf\u00e9rer des comp\u00e9tences en management de proximit\u00e9, en m\u00e9thodes, en mise en oeuvre de d\u00e9marches et d\u2019outils d\u2019organisation, en communication dans l\u2019organisation et avec ses environnements.<\/span><\/p><\/div> <\/div> <div  class=\"row center-xs middle-xs\"> <div  class=\"col-sm-9\" data-type=\"column\"> <\/div> <\/div><\/div> <\/div><div  data-label=\"Counters\" data-id=\"counters--1\" data-export-id=\"counters-1\" data-category=\"counters\" class=\"counters-1 content-section content-section-spacing\" id=\"counters-1\" style=\"background-color: rgb(245, 250, 253);\"><div  class=\"gridContainer\"> <div  class=\"row text-center\"><div  class=\"section-title-col\" data-type=\"column\"> <h2  class=\"\"><span  style=\"color: rgb(34, 34, 34);\">Taux de r\u00e9ussite<\/span><\/h2> <\/div> <\/div> <div  class=\"row spaced-cols\" data-type=\"row\" data-fixed=\"true\">  <div  class=\"col-xs-12 col-sm-4 space-bottom-small col-padding-xs col-md-3\"><div  class=\"circle-counter color6\"> <svg  class=\"circle-svg\" viewBox=\"0 0 100 100\"><circle  r=\"48\" stroke-linecap=\"round\" cx=\"50\" cy=\"50\" fill=\"transparent\" stroke-dasharray=\"301.6\" stroke-dashoffset=\"301.6px\"><\/circle> <circle  class=\"circle-bar\" r=\"48\" stroke-linecap=\"round\" cx=\"50\" cy=\"50\" fill=\"transparent\" stroke-dasharray=\"301.6\" stroke-dashoffset=\"301.6px\" style=\"stroke-dashoffset: 0px;\"><\/circle><\/svg> <div  class=\"circle-content\"><h2  class=\"font-100\" data-min=\"0\" data-max=\"100\" data-stop=\"100\" data-prefix=\"\" data-suffix=\"%\" data-countup=\"true\" data-duration=\"2000\"><\/h2> <p ><span  style=\"color: rgb(52, 58, 64);\">2022<\/span><\/p><\/div> <\/div><\/div> <div  class=\"col-xs-12 col-sm-4 space-bottom-small col-padding-xs col-md-3\"><div  class=\"circle-counter color6\"> <svg  class=\"circle-svg\" viewBox=\"0 0 100 100\"><circle  r=\"48\" stroke-linecap=\"round\" cx=\"50\" cy=\"50\" fill=\"transparent\" stroke-dasharray=\"301.6\" stroke-dashoffset=\"301.6px\"><\/circle> <circle  class=\"circle-bar\" r=\"48\" stroke-linecap=\"round\" cx=\"50\" cy=\"50\" fill=\"transparent\" stroke-dasharray=\"301.6\" stroke-dashoffset=\"301.6px\" style=\"stroke-dashoffset: 0px;\"><\/circle><\/svg> <div  class=\"circle-content\"><h2  class=\"font-100\" data-min=\"0\" data-max=\"100\" data-stop=\"100\" data-prefix=\"\" data-suffix=\"%\" data-countup=\"true\" data-duration=\"2000\"><\/h2> <p ><span  style=\"color: rgb(52, 58, 64);\">2023<\/span><\/p><\/div> <\/div><\/div> <div  class=\"col-xs-12 col-sm-4 space-bottom-small col-padding-xs col-md-3\"> <div  class=\"circle-counter color6\"> <svg  class=\"circle-svg\" viewBox=\"0 0 100 100\"> <circle  r=\"48\" stroke-linecap=\"round\" cx=\"50\" cy=\"50\" fill=\"transparent\" stroke-dasharray=\"301.6\" stroke-dashoffset=\"301.6px\"><\/circle> <circle  class=\"circle-bar\" r=\"48\" stroke-linecap=\"round\" cx=\"50\" cy=\"50\" fill=\"transparent\" stroke-dasharray=\"301.6\" stroke-dashoffset=\"301.6px\" style=\"stroke-dashoffset: 30.1593px;\"><\/circle><\/svg> <div  class=\"circle-content\"><h2  class=\"font-100\" data-min=\"0\" data-max=\"100\" data-stop=\"90\" data-prefix=\"\" data-suffix=\"%\" data-countup=\"true\" data-duration=\"2000\"><\/h2> <p ><span  style=\"color: rgb(52, 58, 64);\">2024<\/span><\/p><\/div> <\/div><\/div><div  class=\"col-xs-12 col-sm-4 space-bottom-small col-padding-xs col-md-3\"> <div  class=\"circle-counter color6\"> <svg  class=\"circle-svg\" viewBox=\"0 0 100 100\"> <circle  r=\"48\" stroke-linecap=\"round\" cx=\"50\" cy=\"50\" fill=\"transparent\" stroke-dasharray=\"301.6\" stroke-dashoffset=\"301.6px\"><\/circle> <circle  class=\"circle-bar\" r=\"48\" stroke-linecap=\"round\" cx=\"50\" cy=\"50\" fill=\"transparent\" stroke-dasharray=\"301.6\" stroke-dashoffset=\"301.6px\" style=\"stroke-dashoffset: 0px;\"><\/circle><\/svg> <div  class=\"circle-content\"><h2  class=\"font-100\" data-min=\"0\" data-max=\"100\" data-stop=\"100\" data-prefix=\"\" data-suffix=\"%\" data-countup=\"true\" data-duration=\"2000\"><\/h2> <p ><span  style=\"color: rgb(52, 58, 64);\">2025<\/span><\/p><\/div> <\/div><\/div><\/div><\/div> <\/div><div  data-label=\"Overlappable\" data-id=\"overlappable--1\" data-export-id=\"overlappable-4\" data-category=\"overlappable\" class=\"overlappable-4 content-section content-section-spacing\" data-overlap=\"true\" id=\"overlappable-1\" style=\"background-color: rgb(255, 255, 255);\"><div  class=\"gridContainer\"> <div  data-type=\"row\" class=\"row spaced-cols text-center\"><div  class=\"col-xs-12 col-sm-4 col-padding\"> <i  class=\"fa icon shadow-large-black aligncenter fa-clock-o reverse round big color1\"><\/i> <div  data-type=\"column\" class=\"\"> <h5  class=\"\"><span  style=\"font-weight: 600; font-family: Helvetica, Arial, sans-serif, arial, helvetica, sans-serif; color: rgb(34, 34, 34);\">Dur\u00e9e<\/span><\/h5> <p  class=\"\"><span  style=\"color: rgb(34, 34, 34);\">1 an<\/span><\/p><\/div> <\/div> <div  class=\"col-xs-12 col-sm-4 col-padding\"> <i  class=\"fa icon shadow-large-black aligncenter fa-calendar reverse round big color1\"><\/i> <div  data-type=\"column\" class=\"\"><h5  class=\"\"><span  style=\"font-family: Helvetica, Arial, sans-serif, arial, helvetica, sans-serif; font-weight: 600; color: rgb(34, 34, 34);\">Rythme<\/span><\/h5> <p  class=\"\"><span  style=\"color: rgb(34, 34, 34);\">1 semaine en formation\n<\/span><br ><span  style=\"color: rgb(34, 34, 34);\">3 semaines en entreprise<\/span><\/p><\/div> <\/div> <div  class=\"col-xs-12 col-sm-4 col-padding\"> <i  class=\"fa icon shadow-large-black aligncenter fa-align-justify reverse round big color1\"><\/i> <div  data-type=\"column\" class=\"\"> <h5  class=\"\"><span  style=\"font-family: Helvetica, Arial, sans-serif, arial, helvetica, sans-serif; font-weight: 600; color: rgb(34, 34, 34);\">VAE<\/span><\/h5> <p  class=\"\"><span  style=\"color: rgb(34, 34, 34);\"><a  data-mce-href=\"https:\/\/vae.gouv.fr\" href=\"https:\/\/vae.gouv.fr\" target=\"_self\" data-mce-selected=\"inline-boundary\" data-cp-link=\"1\" rel=\"noopener\" class=\"\">\ufeffvae.gouv.fr<\/a><\/span><\/p><\/div> <\/div><div  class=\"col-xs-12 col-sm-4 col-padding\"> <i  class=\"fa icon shadow-large-black aligncenter fa-graduation-cap reverse round big color1\"><\/i> <div  data-type=\"column\" class=\"\"> <h5  class=\"\"><span  style=\"font-family: Helvetica, Arial, sans-serif, arial, helvetica, sans-serif; font-weight: 600; color: rgb(34, 34, 34);\">Accessible apr\u00e8s<\/span><\/h5> <p  class=\"\"><span  style=\"color: rgb(34, 34, 34);\">Bac +2<\/span><\/p><\/div> <\/div><div  class=\"col-xs-12 col-sm-4 col-padding\"> <i  class=\"fa icon shadow-large-black aligncenter fa-building reverse round big color1\"><\/i> <div  data-type=\"column\" class=\"\"> <h5  class=\"\"><span  style=\"font-family: Helvetica, Arial, sans-serif, arial, helvetica, sans-serif; font-weight: 600; color: rgb(34, 34, 34);\">Campus<\/span><\/h5> <p  class=\"\"><span  style=\"color: rgb(34, 34, 34);\">Chalon Formation\n<\/span><br ><span  style=\"color: rgb(34, 34, 34);\">Accessible aux personnes \u00e0 mobilit\u00e9 r\u00e9duite<\/span><\/p><\/div> <\/div><div  class=\"col-xs-12 col-sm-4 col-padding\"> <i  class=\"fa icon shadow-large-black aligncenter fa-folder reverse round big color1\"><\/i> <div  data-type=\"column\" class=\"\"> <h5  class=\"\"><span  style=\"font-family: Helvetica, Arial, sans-serif, arial, helvetica, sans-serif; font-weight: 600; color: rgb(34, 34, 34);\">Contrats<\/span><\/h5> <p  class=\"\"><span  style=\"color: rgb(34, 34, 34);\">Contrat d\u2019apprentissage<\/span><br ><span  style=\"color: rgb(34, 34, 34);\">\nContrat de professionalisation<\/span><br ><span  style=\"color: rgb(34, 34, 34);\">\nPro A<\/span><br ><span  style=\"color: rgb(34, 34, 34);\">\nCPF<\/span><\/p><\/div> <\/div><\/div> <\/div><\/div><div  data-label=\"Features\" data-id=\"features--1\" data-export-id=\"features-13\" data-category=\"features\" class=\"features-13 content-section content-section-spacing\" id=\"features-1\" style=\"background-color: rgb(245, 250, 253);\"><div  class=\"gridContainer\"> <div  class=\"row text-center\"><div  class=\"section-title-col\" data-type=\"column\">  <\/div> <\/div> <div  class=\"row spaced-cols content-center-sm\" data-type=\"row\"> <div  class=\"col col-sm-6 col-md-3 space-bottom\"> <i  class=\"fa icon fa-paper-plane bordered round big color1\"><\/i> <h4  class=\"\"><span  style=\"font-family: Helvetica, Arial, sans-serif, arial, helvetica, sans-serif; color: rgb(34, 34, 34);\">Comp\u00e9tence vis\u00e9es<\/span><\/h4> <p  class=\"\" style=\"text-align: justify;\"><span  style=\"color: rgb(34, 34, 34);\">\u2022&nbsp;Appr\u00e9hender les \u00e9l\u00e9ments de l\u2019environnement \u00e9conomique externe de l\u2019organisation.<\/span><br ><span  style=\"color: rgb(34, 34, 34);\">\u2022&nbsp;Collaborer au sein de (ou avec) services marketing, commercial, ADV et production.<\/span><br ><span  style=\"color: rgb(34, 34, 34);\">\u2022&nbsp;Prendre part, en situation de responsabilit\u00e9, \u00e0 un processus de n\u00e9gociation avec des fournisseurs ou des clients.<\/span><br ><span  style=\"color: rgb(34, 34, 34);\">\u2022&nbsp;Prendre en charge un processus d\u2019ex\u00e9cution et de suivi d\u2019op\u00e9rations commerciales, nationales ou internationales, en fonction des techniques requises.<\/span><br ><span  style=\"color: rgb(34, 34, 34);\">\u2022&nbsp;Dialoguer avec les professionnels externes intervenant dans la cha\u00eene de n\u00e9gociation et d\u2019ex\u00e9cution des contrats.<\/span><br ><span  style=\"color: rgb(34, 34, 34);\">\u2022&nbsp;Identifier, analyser un probl\u00e8me de gestion d\u2019activit\u00e9 et proposer des \u00e9l\u00e9ments concourant \u00e0 sa r\u00e9solution.<\/span><br ><span  style=\"color: rgb(34, 34, 34);\">\u2022&nbsp;Travailler dans des \u00e9quipes pluridisciplinaires et pluri-professionnelles.<\/span><br ><span  style=\"color: rgb(34, 34, 34);\">\u2022&nbsp;Organiser et contr\u00f4ler l\u2019activit\u00e9 d\u2019une \u00e9quipe.<\/span><br ><span  style=\"color: rgb(34, 34, 34);\">\u2022&nbsp;Comprendre et utiliser les informations comptables et financi\u00e8res de l\u2019entreprise, de l\u2019unit\u00e9 ou de l\u2019organisation.<\/span><br ><span  style=\"color: rgb(34, 34, 34);\">\u2022&nbsp;Dialoguer avec les partenaires internes ou externes en charge des \u00e9l\u00e9ments comptables et\/ou financiers de l\u2019activit\u00e9.<\/span><br ><span  style=\"color: rgb(34, 34, 34);\">\u2022&nbsp;Analyser et interpr\u00e9ter des \u00e9tats financiers, actualiser les donn\u00e9es r\u00e9glementaires, identifier et utiliser les r\u00e8gles fiscales.<\/span><br ><span  style=\"color: rgb(34, 34, 34);\">\u2022&nbsp;D\u00e9velopper des proc\u00e9dures administratives et comptables.<\/span><\/p> <\/div> <div  class=\"col col-sm-6 col-md-3 space-bottom\"><i  class=\"fa icon fa-align-justify bordered round big color1\"><\/i> <h4  class=\"\"><span  style=\"font-family: Helvetica, Arial, sans-serif, arial, helvetica, sans-serif; color: rgb(34, 34, 34);\">Programme de formation<\/span><\/h4> <p  class=\"\" style=\"text-align: justify;\"><span  style=\"color: rgb(34, 34, 34);\">\u2022&nbsp;Former des managers en organisation.<\/span><br ><span  style=\"color: rgb(34, 34, 34);\">\u2022&nbsp;Etre capable de g\u00e9rer des projets d\u2019organisation dans toutes leurs dimensions: contractuelles, juridiques, en termes de contr\u00f4le financier, de management, de ma\u00eetrise des m\u00e9thodes, d\u00e9marches et outils de l\u2019organisation, de gestion de la communication dans l\u2019organisation et avec les environnements de l\u2019organisation.<\/span><\/p> <\/div> <div  class=\"col col-sm-6 col-md-3 space-bottom\"><i  class=\"fa icon fa-check-circle bordered round big color1\"><\/i> <h4  class=\"\"><span  style=\"font-family: Helvetica, Arial, sans-serif, arial, helvetica, sans-serif; color: rgb(34, 34, 34);\">Modalit\u00e9 d\u2019\u00e9valuation<\/span><\/h4> <p  class=\"\" style=\"text-align: left;\"><span  style=\"color: rgb(34, 34, 34);\">\u2022 Dossier\n<\/span><br ><span  style=\"color: rgb(34, 34, 34);\">\u2022&nbsp;Contr\u00f4le continu<\/span><\/p> <\/div> <div  class=\"col col-sm-6 col-md-3 space-bottom\"><i  class=\"fa icon fa-star bordered round big color1\"><\/i> <h4  class=\"\"><span  style=\"font-family: Helvetica, Arial, sans-serif, arial, helvetica, sans-serif; color: rgb(34, 34, 34);\">Emplois accessibles<\/span><\/h4> <p  class=\"\" style=\"text-align: justify;\"><span  style=\"color: rgb(34, 34, 34);\">\u2022&nbsp;Responsable achats, gestion de stocks et approvisionnement<\/span><br ><span  style=\"color: rgb(34, 34, 34);\">\u2022&nbsp;Administration g\u00e9n\u00e9rale d\u2019entreprise<\/span><br ><span  style=\"color: rgb(34, 34, 34);\">\u2022&nbsp;Comptabilit\u00e9, Contr\u00f4le de Gestion<\/span><br ><span  style=\"color: rgb(34, 34, 34);\">\u2022 Production de services aux entreprises et aux particuliers<\/span><\/p> <\/div> <\/div><\/div> <\/div><div  data-label=\"Content\" data-id=\"content--3\" data-export-id=\"content-12\" data-category=\"content\" class=\"content-12 content-section content-section-spacing\" id=\"content-3\" style=\"background-color: rgb(255, 255, 255);\"><div  class=\"gridContainer\"> <div  class=\"row text-center\"><div  class=\"section-title-col\" data-type=\"column\"> <h2  class=\"\"><span  style=\"font-family: Muli, arial, helvetica, sans-serif; color: rgb(34, 34, 34);\">Conditions d\u2019admission pour la formation\n<\/span><br ><span  style=\"font-family: Muli, arial, helvetica, sans-serif; color: rgb(34, 34, 34);\">Licence GDO du CNAM<\/span><\/h2> <p  class=\"lead\" style=\"text-align: justify;\"><span  style=\"color: rgb(34, 34, 34); font-weight: 400;\">La formation est ouverte aux candidats titulaires d\u2019un Bac+2 valid\u00e9 ou ayant suivi un enseignement de niveau 5 (anciennement III), ou aux personnes pouvant justifier de 3 ann\u00e9es d\u2019exp\u00e9rience dans le secteur. La s\u00e9lection se fait sur \u00e9tude du dossier de candidature et entretien individuel de motivation au sein de Chalon Formation. Cet entretien avec un de nos conseillers formation est accessible apr\u00e8s une pr\u00e9inscription en ligne sur le site internet www.chalonformation.com : onglet pr\u00e9inscription.<\/span><\/p><\/div> <\/div> <div  class=\"row center-xs middle-xs\"> <div  class=\"col-sm-9\" data-type=\"column\"> <\/div> <\/div><\/div> <\/div><div  data-label=\"Content\" data-id=\"content--2\" data-export-id=\"content-7\" data-category=\"content\" class=\"content-7 content-section content-section-spacing\" id=\"content-2\" style=\"background-color: rgb(255, 255, 255);\"><div  class=\"gridContainer\"> <div  class=\"row middle-sm\"><div  class=\"col-sm-6 space-bottom-xs\" data-type=\"column\">  <p  class=\"\" style=\"text-align: justify;\"><span  style=\"color: rgb(34, 34, 34);\">Code NSF 310, 310p. Code RNCP 35924.Certification professionnelle de niveau 2 (Fr) et de niveau 6 (Eu). Enregistr\u00e9e au RNCP par arr\u00eat\u00e9 le 28 janvier 2019 sous l\u2019autorit\u00e9 et d\u00e9livr\u00e9 par le CNAM, sous le titre \u00ab Licence G\u00e9n\u00e9rale Droit, Economie, Gestion mention Gestion Parcours Gestion des Organisations \u00bb \u2013 Certification accessible via le dispositif VAE.<\/span><\/p> <\/div> <div  class=\"col-sm-6\" data-type=\"column\"> <img  decoding=\"async\" class=\"shadow-large\" src=\"https:\/\/chalonformation.com\/wp-content\/uploads\/2025\/06\/Rouge.png\" title=\"Rouge\" alt=\"\"><\/div> <\/div><\/div> <\/div><div  data-label=\"Cta\" data-id=\"cta--2\" data-export-id=\"cta-centered-section-grid\" data-category=\"cta\" class=\"cta-centered-section-grid content-section content-section-spacing-medium bg-color1 white-text\" id=\"cta-2\"><div  class=\"gridContainer\"> <div  class=\"row text-center\"><div  class=\"col-xs-12 col-sm-10 col-sm-offset-1 col-md-8 col-md-offset-2\" data-type=\"column\">   <h3  class=\"\">Pour plus d\u2019informations, pr\u00e9inscrivez-vous<\/h3><a  class=\"button color9 dark-text\" href=\"https:\/\/inscriptions.chalonformation.com\/bienvenue?site=chalon\" target=\"_blank\" data-cp-link=\"1\" data-icon=\"\" rel=\"noopener\">SE PR\u00c9INSCRIRE<\/a><\/div> <\/div><\/div> <\/div>","protected":false},"excerpt":{"rendered":"<p>T\u00e9l\u00e9charger le programme d\u00e9taill\u00e9 de la formation Gestion des Organisations du CNAM T\u00c9L\u00c9CHARGER Objectifs de la formation Licence Gestion des Organisations du CNAM Les d\u00e9tenteurs de la Licence Gestion des Organisations \u00e0 Chalon Formation, forme et qualifie des managers en organisation, en capacit\u00e9 de g\u00e9rer des projets d\u2019organisation en int\u00e9grant les dimensions contractuelles, juridiques, et&hellip; <br \/> <a class=\"read-more\" href=\"https:\/\/chalonformation.com\/index.php\/licence-gestion-des-organisations-du-cnam\/\">Read more<\/a><\/p>\n","protected":false},"author":1,"featured_media":0,"parent":0,"menu_order":0,"comment_status":"closed","ping_status":"closed","template":"pro\/page-templates\/full-width-page.php","meta":{"om_disable_all_campaigns":false,"_monsterinsights_skip_tracking":false,"_monsterinsights_sitenote_active":false,"_monsterinsights_sitenote_note":"","_monsterinsights_sitenote_category":0,"_uf_show_specific_survey":0,"_uf_disable_surveys":false,"footnotes":""},"class_list":["post-1699","page","type-page","status-publish","hentry"],"_links":{"self":[{"href":"https:\/\/chalonformation.com\/index.php\/wp-json\/wp\/v2\/pages\/1699","targetHints":{"allow":["GET"]}}],"collection":[{"href":"https:\/\/chalonformation.com\/index.php\/wp-json\/wp\/v2\/pages"}],"about":[{"href":"https:\/\/chalonformation.com\/index.php\/wp-json\/wp\/v2\/types\/page"}],"author":[{"embeddable":true,"href":"https:\/\/chalonformation.com\/index.php\/wp-json\/wp\/v2\/users\/1"}],"replies":[{"embeddable":true,"href":"https:\/\/chalonformation.com\/index.php\/wp-json\/wp\/v2\/comments?post=1699"}],"version-history":[{"count":19,"href":"https:\/\/chalonformation.com\/index.php\/wp-json\/wp\/v2\/pages\/1699\/revisions"}],"predecessor-version":[{"id":2811,"href":"https:\/\/chalonformation.com\/index.php\/wp-json\/wp\/v2\/pages\/1699\/revisions\/2811"}],"wp:attachment":[{"href":"https:\/\/chalonformation.com\/index.php\/wp-json\/wp\/v2\/media?parent=1699"}],"curies":[{"name":"wp","href":"https:\/\/api.w.org\/{rel}","templated":true}]}}