{"id":1706,"date":"2024-07-04T14:31:48","date_gmt":"2024-07-04T12:31:48","guid":{"rendered":"https:\/\/chalonformation.com\/?page_id=1706"},"modified":"2025-06-20T14:46:41","modified_gmt":"2025-06-20T12:46:41","slug":"manager-ressources-humaines","status":"publish","type":"page","link":"https:\/\/chalonformation.com\/index.php\/manager-ressources-humaines\/","title":{"rendered":"Manager des Ressources Humaines"},"content":{"rendered":"<div  data-label=\"Cta\" data-id=\"cta--1\" data-export-id=\"cta-blue-section\" data-category=\"cta\" class=\"cta-blue-section content-section content-section-spacing-medium bg-color1 white-text\" id=\"cta-1\"><div  class=\"gridContainer\"> <div  class=\"row middle-xs\"><div  class=\"col-sm-8 space-bottom-xs\" data-type=\"column\"><h3  class=\"\">T\u00e9l\u00e9charger le programme d\u00e9taill\u00e9 de la formation \n<br >Manager Ressources Humaines<\/h3>  <\/div> <div  class=\"col-sm-4 end-sm\" data-type=\"column\"> <a  class=\"button color9 dark-text\" href=\"https:\/\/chalonformation.com\/wp-content\/uploads\/2025\/06\/PLAQUETTE-PROGRAMME-MRH.pdf\" target=\"_blank\" data-cp-link=\"1\" data-icon=\"\" rel=\"noopener\">T\u00c9L\u00c9CHARGER<\/a><a  class=\"button color9 dark-text\" href=\"https:\/\/www.francecompetences.fr\/recherche\/rncp\/37851\/#anchor5\" target=\"_blank\" data-cp-link=\"1\" data-icon=\"\" rel=\"noopener\">VOIR FICHE RNCP<\/a><\/div> <\/div><\/div> <\/div><div  data-label=\"Content\" data-id=\"content--3\" data-export-id=\"content-7\" data-category=\"content\" class=\"content-7 content-section content-section-spacing\" id=\"content-3\" style=\"background-color: rgb(245, 250, 253);\"><div  class=\"gridContainer\"> <div  class=\"row middle-sm\"><div  class=\"col-sm-6 space-bottom-xs\" data-type=\"column\">  <p  class=\"\" style=\"text-align: justify;\"><span  style=\"color: rgb(34, 34, 34); font-weight: 600;\">* Titre \u00e0 finalit\u00e9 professionnelle \u00ab Manager des ressources humaines \u00bb, de niveau 7, code NSF 315, enregistr\u00e9 au RNCP (RNCP 37851) par d\u00e9cision de France Comp\u00e9tences en date du 19 juillet 2023, d\u00e9livr\u00e9 par <a  data-mce-href=\"https:\/\/www.francecompetences.fr\/recherche\/rncp\/37851\/\" href=\"https:\/\/www.francecompetences.fr\/recherche\/rncp\/37851\" target=\"_blank\" rel=\"noopener\" data-mce-selected=\"inline-boundary\" data-cp-link=\"1\" class=\"\">ASSOCIATION ECEMA \u2013 ECOLE EUROPEENNE DE MANAGEMENT EN ALTERNANCE.<\/a><\/span><span id=\"_mce_caret\" data-mce-bogus=\"1\" data-mce-type=\"format-caret\" ><span style=\"font-weight: 600;\" >\ufeff<\/span><\/span><\/p> <\/div> <div  class=\"col-sm-6\" data-type=\"column\"> <img  decoding=\"async\" class=\"custom-image\" src=\"https:\/\/chalonformation.com\/wp-content\/uploads\/2025\/06\/cropped-LOGO-ECEMA-scaled-1.png\" title=\"LOGO ECEMA\" alt=\"\"><\/div> <\/div><\/div> <\/div><div  data-label=\"Content\" data-id=\"content--1\" data-export-id=\"content-12\" data-category=\"content\" class=\"content-12 content-section content-section-spacing\" id=\"content-1\" style=\"background-color: rgb(255, 255, 255);\"><div  class=\"gridContainer\"> <div  class=\"row text-center\"><div  class=\"section-title-col\" data-type=\"column\"> <h2  class=\"\"><span  style=\"color: rgb(34, 34, 34);\">Manager des Ressources Humaines<\/span>*<\/h2> <p  class=\"\"><span  style=\"color: rgb(34, 34, 34); font-weight: 600;\">Certificateur ECEMA :&nbsp;<a  data-mce-href=\"https:\/\/www.francecompetences.fr\/recherche\/rncp\/37851\/#anchor5\" href=\"https:\/\/www.francecompetences.fr\/recherche\/rncp\/37851\/#anchor5\" target=\"_blank\" rel=\"noopener\" data-mce-selected=\"inline-boundary\" data-cp-link=\"1\" class=\"\">Fiche RNCP 37851<\/a><\/span><\/p><p  class=\"\" style=\"text-align: justify;\"><span  style=\"color: rgb(34, 34, 34);\">Le service des Ressources Humaines est devenu depuis quelques ann\u00e9es \u00e9minemment strat\u00e9gique pour servir le bon d\u00e9veloppement de l\u2019entreprise. La gestion du capital humain est depuis une dizaine d\u2019ann\u00e9es, consid\u00e9r\u00e9e comme un levier de performance des entreprises incontournable. Au m\u00eame moment, l\u2019\u00e9volution de ses pratiques s\u2019est op\u00e9r\u00e9e de mani\u00e8re particuli\u00e8rement importante : nouvelles technologies, digitalisation des entreprises, arriv\u00e9e des nouvelles g\u00e9n\u00e9rations, disparition de m\u00e9tiers et \u00e9mergence de nouveaux, etc. Les mutations de la soci\u00e9t\u00e9 frappent de plein fouet l\u2019organisation m\u00eame des entreprises, soumettant ces derni\u00e8res \u00e0 des exercices de transformation et d\u2019adaptation successifs. Les nombreuses crises \u2013 d\u00e9r\u00e8glement climatique, crise sanitaire, crise \u00e9conomique, d\u00e9stabilisation internationale par la guerre en Ukraine \u2013 ont pour effet d\u2019acc\u00e9l\u00e9rer les tendances initi\u00e9es et demandent au service des Ressources Humaines d\u2019\u00eatre en capacit\u00e9 d\u2019accompagner cette acc\u00e9l\u00e9ration.\n<\/span><br ><br ><span  style=\"color: rgb(34, 34, 34);\">\nAu c\u00f4t\u00e9 de la Direction des Ressources Humaines ou de la Direction G\u00e9n\u00e9rale de l\u2019entreprise, le\/la Manager des Ressources Humaines pilote le capital humain. Garant du d\u00e9ploiement op\u00e9rationnel de la politique RH, il\/elle doit aujourd\u2019hui \u00eatre dot\u00e9 de nombreuses comp\u00e9tences nouvelles, n\u00e9cessaires \u00e0 l\u2019atteinte de ses objectifs. Le\/la Manager des ressources humaines tient un r\u00f4le essentiel aupr\u00e8s des op\u00e9rationnels de son p\u00e9rim\u00e8tre, r\u00f4le de conseil et de ressources en appui des managers.\n<\/span><br ><br ><span  style=\"color: rgb(34, 34, 34);\">\nDevant les nouvelles exigences des salari\u00e9s et dans un contexte de guerre de talents et de p\u00e9nurie de salari\u00e9s dans des secteurs d\u00e9sert\u00e9s, les outils num\u00e9riques et le marketing RH apparaissent comme des ressources techniques, n\u00e9cessitant des comp\u00e9tences sp\u00e9cifiques indispensables pour assurer l\u2019engagement des collaborateurs. Le\/la Manager des Ressources Humaines devra savoir g\u00e9rer l\u2019ensemble des solutions num\u00e9riques mises \u00e0 disposition.\n<\/span><br ><br ><span  style=\"color: rgb(34, 34, 34);\">\nC\u2019est pour r\u00e9pondre \u00e0 ces diff\u00e9rents besoins en comp\u00e9tences nouvelles que la certification \u00ab Manager des Ressources Humaines \u00bb, cr\u00e9\u00e9e en 2011, s\u2019adapte. Elle a fait ainsi \u00e9voluer les activit\u00e9s cl\u00e9s du\/de la Manager des Ressources Humaines, pour armer les certifi\u00e9s et leur permettre de r\u00e9pondre aux besoins des entreprises et de leurs salari\u00e9s.<\/span><\/p><\/div> <\/div> <div  class=\"row center-xs middle-xs\"> <div  class=\"col-sm-9\" data-type=\"column\"> <\/div> <\/div><\/div> <\/div><div  data-label=\"Overlappable\" data-id=\"overlappable--1\" data-export-id=\"overlappable-4\" data-category=\"overlappable\" class=\"overlappable-4 content-section content-section-spacing\" data-overlap=\"true\" id=\"overlappable-1\" style=\"background-color: rgb(255, 255, 255);\"><div  class=\"gridContainer\"> <div  data-type=\"row\" class=\"row spaced-cols text-center\"><div  class=\"col-xs-12 col-sm-4 col-padding\"> <i  class=\"fa icon shadow-large-black aligncenter fa-clock-o reverse round big color1\"><\/i> <div  data-type=\"column\" class=\"\"> <h5  class=\"\"><span  style=\"font-family: Helvetica, Arial, sans-serif, arial, helvetica, sans-serif; font-weight: 600; color: rgb(34, 34, 34);\">Dur\u00e9e<\/span><\/h5> <p  class=\"\"><span  style=\"color: rgb(34, 34, 34);\">2 ans<\/span><\/p><\/div> <\/div>  <div  class=\"col-xs-12 col-sm-4 col-padding\"> <i  class=\"fa icon shadow-large-black aligncenter fa-calendar reverse round big color1\"><\/i> <div  data-type=\"column\" class=\"\"> <h5  class=\"\"><span  style=\"font-family: Helvetica, Arial, sans-serif, arial, helvetica, sans-serif; font-weight: 600; color: rgb(34, 34, 34);\">Rythme<\/span><\/h5> <p  class=\"\"><span  style=\"color: rgb(34, 34, 34);\">1 \u00e0 2 semaines en formation par mois<\/span><br ><span  style=\"color: rgb(34, 34, 34);\">\nLe reste en entreprise<\/span><\/p><\/div> <\/div><div  class=\"col-xs-12 col-sm-4 col-padding\"> <i  class=\"fa icon shadow-large-black aligncenter fa-graduation-cap reverse round big color1\"><\/i> <div  data-type=\"column\" class=\"\"> <h5  class=\"\"><span  style=\"font-family: Helvetica, Arial, sans-serif, arial, helvetica, sans-serif; font-weight: 600; color: rgb(34, 34, 34);\">Accessible apr\u00e8s<\/span><\/h5> <p  class=\"\"><span  style=\"color: rgb(34, 34, 34);\">Bac+3 ou Titre de professionnalisation de \n<\/span><br ><span  style=\"color: rgb(34, 34, 34);\">niveau 6 (UE)<\/span><\/p><\/div> <\/div><div  class=\"col-xs-12 col-sm-4 col-padding\"> <i  class=\"fa icon shadow-large-black aligncenter fa-building reverse round big color1\"><\/i> <div  data-type=\"column\" class=\"\"> <h5  class=\"\"><span  style=\"font-family: Helvetica, Arial, sans-serif, arial, helvetica, sans-serif; font-weight: 600; color: rgb(34, 34, 34);\">Campus<\/span><\/h5> <p  class=\"\"><span  style=\"color: rgb(34, 34, 34);\">Chalon Formation et Dijon Formation\n<\/span><br ><span  style=\"color: rgb(34, 34, 34);\">Nos campus sont accessibles aux personnes \u00e0 mobilit\u00e9 r\u00e9duite<\/span><\/p><\/div> <\/div><div  class=\"col-xs-12 col-sm-4 col-padding\"> <i  class=\"fa icon shadow-large-black aligncenter fa-folder reverse round big color1\"><\/i> <div  data-type=\"column\" class=\"\"> <h5  class=\"\"><span  style=\"font-family: Helvetica, Arial, sans-serif, arial, helvetica, sans-serif; font-weight: 600; color: rgb(34, 34, 34);\">Contrats<\/span><\/h5> <p  class=\"\"><span  style=\"font-family: Helvetica, Arial, sans-serif, arial, helvetica, sans-serif; color: rgb(34, 34, 34);\">Contrat d\u2019apprentissage<\/span><br  style=\"font-family: &quot;Open Sans&quot;, Helvetica, Arial, sans-serif;\"><span  style=\"font-family: Helvetica, Arial, sans-serif, arial, helvetica, sans-serif; color: rgb(34, 34, 34);\">Contrat de professionnalisation<\/span><br  style=\"font-family: &quot;Open Sans&quot;, Helvetica, Arial, sans-serif;\"><span  style=\"font-family: Helvetica, Arial, sans-serif, arial, helvetica, sans-serif; color: rgb(34, 34, 34);\">PRO-A<\/span><\/p><\/div> <\/div><div  class=\"col-xs-12 col-sm-4 col-padding\"> <i  class=\"fa icon shadow-large-black aligncenter fa-connectdevelop reverse round big color1\"><\/i> <div  data-type=\"column\" class=\"\"> <h5  class=\"\">VAE<\/h5> <p  class=\"\">Possibilit\u00e9 d&#8217;acc\u00e8s \u00e0 la certification via la <a data-mce-href=\"https:\/\/vae.gouv.fr\/\" href=\"https:\/\/vae.gouv.fr\/\" target=\"_blank\" rel=\"noopener\" data-mce-selected=\"inline-boundary\"  data-cp-link=\"1\">VAE<\/a><\/p><\/div> <\/div><\/div> <\/div><\/div><div  data-label=\"Features\" data-id=\"features--1\" data-export-id=\"features-13\" data-category=\"features\" class=\"features-13 content-section content-section-spacing\" id=\"features-1\" style=\"background-color: rgb(245, 250, 253);\"><div  class=\"gridContainer\"> <div  class=\"row text-center\"><div  class=\"section-title-col\" data-type=\"column\">  <\/div> <\/div> <div  class=\"row spaced-cols center-sm content-center-sm\" data-type=\"row\"> <div  class=\"col col-sm-6 space-bottom col-md-4\"> <i  class=\"fa icon fa-paper-plane bordered round big color1\"><\/i> <h4  class=\"\"><span  style=\"font-family: Helvetica, Arial, sans-serif, arial, helvetica, sans-serif; font-weight: 600; color: rgb(34, 34, 34);\">Comp\u00e9tences vis\u00e9es<\/span><\/h4> <p  class=\"\" style=\"text-align: justify;\"><span  style=\"color: rgb(34, 34, 34);\">\u2022 Exercer en toute responsabilit\u00e9 et autonomie les activit\u00e9s et les fonctions relatives aux acteurs internes d\u2019une structure<\/span><br ><span  style=\"color: rgb(34, 34, 34);\">\n\u2022 G\u00e9rer strat\u00e9giquement les Ressources Humaines<\/span><br ><span  style=\"color: rgb(34, 34, 34);\">\n\u2022 D\u00e9velopper et g\u00e9rer les comp\u00e9tences<\/span><br ><span  style=\"color: rgb(34, 34, 34);\">\n\u2022 Piloter les r\u00e9mun\u00e9rations et avantages sociaux<\/span><br ><span  style=\"color: rgb(34, 34, 34);\">\n\u2022 Organiser la communication interne et le dialogue social<\/span><br ><span  style=\"color: rgb(34, 34, 34);\">\n\u2022 Conduire la transformation<\/span><\/p> <\/div> <div  class=\"col col-sm-6 space-bottom col-md-4\"><i  class=\"fa icon fa-align-justify bordered round big color1\"><\/i> <h4  class=\"\"><span  style=\"font-family: Helvetica, Arial, sans-serif, arial, helvetica, sans-serif; color: rgb(34, 34, 34);\">Blocs de comp\u00e9tences<\/span><\/h4> <p  class=\"\" style=\"text-align: justify;\">\u2022 BLOC 1 : Mise en oeuvre de la politique des Ressources Humaines<br >\n\u2022 BLOC 2 : Optimisation de la performance sociale dans un contexte de transformation<br >\n\u2022 BLOC 3 : Supervision de la gestion administrative du personnel<br >\n\u2022 BLOC 4 : Promotion de l\u2019engagement social et soci\u00e9tal<\/p> <\/div> <div  class=\"col col-sm-6 space-bottom col-md-4\"><i  class=\"fa icon fa-check bordered round big color1\"><\/i> <h4  class=\"\"><span  style=\"font-family: Helvetica, Arial, sans-serif, arial, helvetica, sans-serif; color: rgb(34, 34, 34);\">Modalit\u00e9 d\u2019\u00e9valuation<\/span><\/h4> <p  class=\"\" style=\"text-align: justify;\">Afin de valider chaque bloc de comp\u00e9tences, diff\u00e9rentes \u00e9preuves certifiantes peuvent \u00eatre organis\u00e9es :<br >\n\u2022 Mises en situation professionnelle sous la forme d&#8217;\u00e9tudes de cas individuelles ou collectives \u00e9crites ou orales<br >\n\u2022 M\u00e9moire professionnel<br >\n\u2022 Evaluations en cours de formation<br >\n\u2022 Bilan de l&#8217;alternance et des comp\u00e9tences<\/p> <\/div> <div  class=\"col col-sm-6 space-bottom col-md-4\"> <i  class=\"fa icon fa-mortar-board bordered round big color1\"><\/i> <h4  class=\"\"><span  style=\"font-family: Helvetica, Arial, sans-serif, arial, helvetica, sans-serif; color: rgb(34, 34, 34);\">Modalit\u00e9s d\u2019acquisition<\/span><br ><span  style=\"font-family: Helvetica, Arial, sans-serif, arial, helvetica, sans-serif; color: rgb(34, 34, 34);\">\nde la certification<\/span><\/h4> <p  class=\"\" style=\"text-align: justify;\">Pour valider le titre, le candidat doit r\u00e9pondre aux conditions cumulatives suivantes :<br >\n\u2022 Le candidat doit \u00eatre pr\u00e9sent \u00e0 l\u2019ensemble des \u00e9valuations.<br >\n\u2022 Le candidat doit avoir suivi au moins 85% des heures de formation (sauf cas particulier soumis \u00e0 la d\u00e9cision de la direction et en accord avec le certificateur).<br >\nLe partenaire devra tenir \u00e0 disposition du certificateur une attestation d\u2019assiduit\u00e9.<br >\n\u2022 Le candidat doit obtenir une note sup\u00e9rieure ou \u00e9gale \u00e0 de 10\/20 \u00e0 chaque bloc.<br >\n      &#8211; La note d\u2019un bloc est compos\u00e9e de la moyenne des \u00e9valuations de fin de modules (coefficient 1) et de la note de l\u2019\u00e9preuve ou de la moyenne des sous-\u00e9preuves de fin de bloc (coefficient 5),<br >\n     &#8211; Les mati\u00e8res d\u2019un m\u00eame bloc se compensent entre-elles,<br >\n      &#8211; Les blocs ne se compensent donc pas entre eux.<br >\n\u2022 Le candidat doit obtenir la note sup\u00e9rieure ou \u00e9gale \u00e0 de 10\/20 au m\u00e9moire professionnel \u00e9crit<br >\n\u2022 Le candidat doit obtenir la note sup\u00e9rieure ou \u00e9gale \u00e0 de 10\/20 \u00e0 la soutenance orale du m\u00e9moire professionnel.<br >\nLe rattrapage est possible sur proposition du jury de certification.<\/p> <\/div><div  class=\"col col-sm-6 space-bottom col-md-4\"><i  class=\"fa icon fa-star bordered round big color1\"><\/i> <h4  class=\"\"><span  style=\"font-family: Helvetica, Arial, sans-serif, arial, helvetica, sans-serif; color: rgb(34, 34, 34);\">D\u00e9bouch\u00e9s professionnels<\/span><\/h4> <p  class=\"\" style=\"text-align: justify;\">\u2022 Manager des Ressources Humaines<br >\n\u2022 Responsable des Ressources Humaines<br >\n\u2022 Charg\u00e9 de Ressources Humaines<br >\n\u2022 Responsable formation<br >\n\u2022 Responsable d\u00e9veloppement RH<br >\n\u2022 Charg\u00e9 de d\u00e9veloppement RH<br >\n\u2022 Charg\u00e9 de missions RH<br >\n\u2022 Talent acquisition<br >\n\u2022 Consultant(e) Ressources Humaines<\/p> <\/div> <div  class=\"col col-sm-6 space-bottom col-md-4\"> <i  class=\"fa icon fa-paper-plane bordered round big color1\"><\/i> <h4  class=\"\"><span style=\"font-weight: 800;\" >Indicateurs<\/span><br >\nPremi\u00e8re promotion 2025\/2027<\/h4> <p  class=\"\" style=\"text-align: center;\"><span  style=\"color: rgb(34, 34, 34);\">&#8211;<\/span><\/p> <\/div><\/div><\/div> <\/div><div  data-label=\"Content\" data-id=\"content--2\" data-export-id=\"content-12\" data-category=\"content\" class=\"content-12 content-section content-section-spacing\" id=\"content-2\" style=\"background-color: rgb(255, 255, 255);\"><div  class=\"gridContainer\"> <div  class=\"row text-center\"><div  class=\"section-title-col\" data-type=\"column\"> <h2  class=\"\"><span  style=\"color: rgb(34, 34, 34);\">Conditions d\u2019admission pour le<\/span><br ><span  style=\"color: rgb(34, 34, 34);\">\nManager des Ressources Humaines<\/span><\/h2> <h4  class=\"\" style=\"text-align: justify;\"><span  style=\"font-family: Helvetica, Arial, sans-serif, arial, helvetica, sans-serif; font-weight: 400; color: rgb(34, 34, 34);\">La formation est organis\u00e9e par Dijon Formation ou Chalon Formation. Elle est ouverte aux candidats titulaire d\u2019un titre de niveau 6 ou \u00e9quivalent quelle que soit la fili\u00e8re suivie ou au moins deux ann\u00e9es d\u2019exp\u00e9rience professionnelle (avis de la commission p\u00e9dagogique) dans des responsabilit\u00e9s manag\u00e9riales de gestion de ressources humaines. Le candidat doit \u00eatre titulaire d\u2019un titre de niveau 5 ou \u00e9quivalent quelle que soit la fili\u00e8re suivie pour un parcours en 3 ans. La s\u00e9lection se fait sur \u00e9tude du dossier de candidature et entretien individuel de motivation au sein de Dijon Formation ou Chalon Formation. Cet entretien avec un de nos conseillers formation est accessible apr\u00e8s une pr\u00e9inscription en ligne sur le site internet www.dijonformation.com ou www.chalonformation.com : onglet pr\u00e9inscription.<\/span><\/h4><\/div> <\/div> <div  class=\"row center-xs middle-xs\"> <div  class=\"col-sm-9\" data-type=\"column\"> <\/div> <\/div><\/div> <\/div><div  data-label=\"Cta\" data-id=\"cta--2\" data-export-id=\"cta-centered-section-grid\" data-category=\"cta\" class=\"cta-centered-section-grid content-section content-section-spacing-medium bg-color1 white-text\" id=\"cta-2\"><div  class=\"gridContainer\"> <div  class=\"row text-center\"><div  class=\"col-xs-12 col-sm-10 col-sm-offset-1 col-md-8 col-md-offset-2\" data-type=\"column\">   <h3  class=\"\">Pour plus d\u2019informations, pr\u00e9inscrivez-vous<\/h3><a  class=\"button color9 dark-text\" href=\"https:\/\/inscriptions.chalonformation.com\/bienvenue?site=chalon\" target=\"_blank\" data-cp-link=\"1\" data-icon=\"\" rel=\"noopener\">CAMPUS CHALON<\/a><a  class=\"button color9 dark-text\" href=\"https:\/\/inscriptions.dijonformation.com\/bienvenue?site=dijon\" target=\"_blank\" data-cp-link=\"1\" data-icon=\"\" rel=\"noopener\">CAMPUS DIJON <\/a><\/div> <\/div><\/div> <\/div>","protected":false},"excerpt":{"rendered":"<p>T\u00e9l\u00e9charger le programme d\u00e9taill\u00e9 de la formation Manager Ressources Humaines T\u00c9L\u00c9CHARGERVOIR FICHE RNCP * Titre \u00e0 finalit\u00e9 professionnelle \u00ab Manager des ressources humaines \u00bb, de niveau 7, code NSF 315, enregistr\u00e9 au RNCP (RNCP 37851) par d\u00e9cision de France Comp\u00e9tences en date du 19 juillet 2023, d\u00e9livr\u00e9 par ASSOCIATION ECEMA \u2013 ECOLE EUROPEENNE DE MANAGEMENT&hellip; <br \/> <a class=\"read-more\" href=\"https:\/\/chalonformation.com\/index.php\/manager-ressources-humaines\/\">Read more<\/a><\/p>\n","protected":false},"author":1,"featured_media":0,"parent":0,"menu_order":0,"comment_status":"closed","ping_status":"closed","template":"pro\/page-templates\/full-width-page.php","meta":{"om_disable_all_campaigns":false,"_monsterinsights_skip_tracking":false,"_monsterinsights_sitenote_active":false,"_monsterinsights_sitenote_note":"","_monsterinsights_sitenote_category":0,"_uf_show_specific_survey":0,"_uf_disable_surveys":false,"footnotes":""},"class_list":["post-1706","page","type-page","status-publish","hentry"],"_links":{"self":[{"href":"https:\/\/chalonformation.com\/index.php\/wp-json\/wp\/v2\/pages\/1706","targetHints":{"allow":["GET"]}}],"collection":[{"href":"https:\/\/chalonformation.com\/index.php\/wp-json\/wp\/v2\/pages"}],"about":[{"href":"https:\/\/chalonformation.com\/index.php\/wp-json\/wp\/v2\/types\/page"}],"author":[{"embeddable":true,"href":"https:\/\/chalonformation.com\/index.php\/wp-json\/wp\/v2\/users\/1"}],"replies":[{"embeddable":true,"href":"https:\/\/chalonformation.com\/index.php\/wp-json\/wp\/v2\/comments?post=1706"}],"version-history":[{"count":29,"href":"https:\/\/chalonformation.com\/index.php\/wp-json\/wp\/v2\/pages\/1706\/revisions"}],"predecessor-version":[{"id":2682,"href":"https:\/\/chalonformation.com\/index.php\/wp-json\/wp\/v2\/pages\/1706\/revisions\/2682"}],"wp:attachment":[{"href":"https:\/\/chalonformation.com\/index.php\/wp-json\/wp\/v2\/media?parent=1706"}],"curies":[{"name":"wp","href":"https:\/\/api.w.org\/{rel}","templated":true}]}}