{"id":2917,"date":"2026-03-04T17:48:22","date_gmt":"2026-03-04T16:48:22","guid":{"rendered":"https:\/\/chalonformation.com\/?page_id=2917"},"modified":"2026-03-04T17:48:22","modified_gmt":"2026-03-04T16:48:22","slug":"manager-des-ressources-humaines-rentree-2026","status":"publish","type":"page","link":"https:\/\/chalonformation.com\/index.php\/manager-des-ressources-humaines-rentree-2026\/","title":{"rendered":"Manager des Ressources Humaines &#8211; Rentr\u00e9e 2026"},"content":{"rendered":"<div  data-label=\"Cta\" data-id=\"cta--1\" data-export-id=\"cta-blue-section\" data-category=\"cta\" class=\"cta-blue-section content-section content-section-spacing-medium bg-color1 white-text\" id=\"cta-1\"><div  class=\"gridContainer\"> <div  class=\"row middle-xs\"><div  class=\"col-sm-8 space-bottom-xs\" data-type=\"column\"><h3  class=\"\">T\u00e9l\u00e9charger le programme d\u00e9taill\u00e9 de la formation \r\n<br >Manager Ressources Humaines<\/h3>  <\/div> <div  class=\"col-sm-4 end-sm\" data-type=\"column\"> <a  class=\"button color9 dark-text\" href=\"https:\/\/chalonformation.com\/wp-content\/uploads\/2026\/03\/PLAQUETTE-PROGRAMME-MRH.pdf\" target=\"_blank\" data-cp-link=\"1\" data-icon=\"\" rel=\"noopener\">T\u00c9L\u00c9CHARGER<\/a><a  class=\"button color9 dark-text\" href=\"https:\/\/www.francecompetences.fr\/recherche\/rncp\/38112\" target=\"_blank\" data-cp-link=\"1\" data-icon=\"\" rel=\"noopener\">VOIR FICHE RNCP<\/a><\/div> <\/div><\/div> <\/div><div  data-label=\"Content\" data-id=\"content--3\" data-export-id=\"content-7\" data-category=\"content\" class=\"content-7 content-section content-section-spacing\" id=\"content-3\" style=\"background-color: rgb(245, 250, 253);\"><div  class=\"gridContainer\"> <div  class=\"row middle-sm\"><div  class=\"col-sm-6 space-bottom-xs\" data-type=\"column\"><p  class=\"\">Certificat professionnelle \u00ab Manager des ressources humaines \u00bb, de \r\nniveau 7, code NSF 310, 315 et 315N, enregistr\u00e9 au RNCP (RNCP 38112) par\r\n d\u00e9cision de France Comp\u00e9tences en date du  18 octobre 2023, d\u00e9livr\u00e9e \r\npar Assocation pour la Gestion de 3IL \u2013 ISFOGEP pour une dur\u00e9e de 3 ans \r\njusqu\u2019au 18 octobre 2026.<\/p>   <\/div> <div  class=\"col-sm-6\" data-type=\"column\"> <img  decoding=\"async\" class=\"custom-image\" src=\"https:\/\/chalonformation.com\/wp-content\/uploads\/2026\/03\/0fb0b1a9-7b02-403a-a997-18e9dafe1393.png\" title=\"0fb0b1a9-7b02-403a-a997-18e9dafe1393\" alt=\"\"><\/div> <\/div><\/div> <\/div><div  data-label=\"Content\" data-id=\"content--1\" data-export-id=\"content-12\" data-category=\"content\" class=\"content-12 content-section content-section-spacing\" id=\"content-1\" style=\"background-color: rgb(255, 255, 255);\"><div  class=\"gridContainer\"> <div  class=\"row text-center\"><div  class=\"section-title-col\" data-type=\"column\"> <h2  class=\"\"><span  style=\"color: rgb(34, 34, 34);\">Manager des Ressources Humaines<\/span>*<\/h2> <p  class=\"\">Certificateur ISFOGEP Fiche RNCP 38112<\/p><p  class=\"\" style=\"text-align: justify;\">Cette certification se consacre exclusivement \u00e0 la fonction RH, elle r\u00e9pond aux besoins des entreprises qui \u00e9voluent dans un contexte mondialis\u00e9, digitalis\u00e9 et changeant, ainsi qu\u2019aux enjeux soci\u00e9taux qui replacent l\u2019environnement, l\u2019homme et la femme au c\u0153ur des processus d\u00e9cisionnels et structurels.\r\n<br ><br >\r\nC\u2019est pourquoi cette certification s\u2019attache \u00e0 des sujets plus que jamais pr\u00e9gnants comme la valeur du travail, l\u2019\u00e9panouissement personnel et collectif, la digitalisation des process, le d\u00e9veloppement et l\u2019agilit\u00e9 de la fonction RH, le management inspirant par exemple.<\/p><\/div> <\/div> <div  class=\"row center-xs middle-xs\"> <div  class=\"col-sm-9\" data-type=\"column\"> <\/div> <\/div><\/div> <\/div><div data-label=\"Counters\" data-id=\"counters--1\" data-export-id=\"counters-1\" data-category=\"counters\" class=\"counters-1 content-section content-section-spacing\" id=\"counters-1\"  style=\"background-color: rgb(255, 255, 255);\"><div class=\"gridContainer\" > <div class=\"row text-center\" ><div class=\"section-title-col\" data-type=\"column\" > <h2 class=\"\" >Taux de r\u00e9ussite<\/h2> <p class=\"lead\" >R\u00e9sultats du pr\u00e9c\u00e9dent Manager Ressources Humaines<\/p><\/div> <\/div> <div class=\"row spaced-cols\" data-type=\"row\" data-fixed=\"true\" > <div class=\"col-xs-12 col-sm-4 space-bottom-small col-padding-xs\" > <div class=\"circle-counter color1\" > <svg class=\"circle-svg\" viewBox=\"0 0 100 100\" > <circle r=\"48\" stroke-linecap=\"round\" cx=\"50\" cy=\"50\" fill=\"transparent\" stroke-dasharray=\"301.6\" stroke-dashoffset=\"301.6px\" ><\/circle> <circle class=\"circle-bar\" r=\"48\" stroke-linecap=\"round\" cx=\"50\" cy=\"50\" fill=\"transparent\" stroke-dasharray=\"301.6\" stroke-dashoffset=\"301.6px\"  style=\"stroke-dashoffset: 15.0796px;\"><\/circle><\/svg> <div class=\"circle-content\" ><h2 class=\"font-100\" data-min=\"0\" data-max=\"100\" data-stop=\"95\" data-prefix=\"\" data-suffix=\"%\" data-countup=\"true\"  data-duration=\"2000\"><\/h2> <p ><span style=\"color: rgb(52, 58, 64);\" >2023<\/span><\/p><\/div> <\/div><\/div> <div class=\"col-xs-12 col-sm-4 space-bottom-small col-padding-xs\" ><div class=\"circle-counter color1\" > <svg class=\"circle-svg\" viewBox=\"0 0 100 100\" ><circle r=\"48\" stroke-linecap=\"round\" cx=\"50\" cy=\"50\" fill=\"transparent\" stroke-dasharray=\"301.6\" stroke-dashoffset=\"301.6px\" ><\/circle> <circle class=\"circle-bar\" r=\"48\" stroke-linecap=\"round\" cx=\"50\" cy=\"50\" fill=\"transparent\" stroke-dasharray=\"301.6\" stroke-dashoffset=\"301.6px\"  style=\"stroke-dashoffset: 30.1593px;\"><\/circle><\/svg> <div class=\"circle-content\" ><h2 class=\"font-100\" data-min=\"0\" data-max=\"100\" data-stop=\"90\" data-prefix=\"\" data-suffix=\"%\" data-countup=\"true\"  data-duration=\"2000\"><\/h2> <p ><span style=\"color: rgb(52, 58, 64);\" >2023<\/span><\/p><\/div> <\/div><\/div> <div class=\"col-xs-12 col-sm-4 space-bottom-small col-padding-xs\" ><div class=\"circle-counter color1\" > <svg class=\"circle-svg\" viewBox=\"0 0 100 100\" ><circle r=\"48\" stroke-linecap=\"round\" cx=\"50\" cy=\"50\" fill=\"transparent\" stroke-dasharray=\"301.6\" stroke-dashoffset=\"301.6px\" ><\/circle> <circle class=\"circle-bar\" r=\"48\" stroke-linecap=\"round\" cx=\"50\" cy=\"50\" fill=\"transparent\" stroke-dasharray=\"301.6\" stroke-dashoffset=\"301.6px\"  style=\"stroke-dashoffset: 0px;\"><\/circle><\/svg> <div class=\"circle-content\" ><h2 class=\"font-100\" data-min=\"0\" data-max=\"100\" data-stop=\"100\" data-prefix=\"\" data-suffix=\"%\" data-countup=\"true\"  data-duration=\"2000\"><\/h2> <p ><span style=\"color: rgb(52, 58, 64);\" >SEO Expertize<\/span><\/p><\/div> <\/div><\/div> <\/div><\/div> <\/div><div  data-label=\"Overlappable\" data-id=\"overlappable--1\" data-export-id=\"overlappable-4\" data-category=\"overlappable\" class=\"overlappable-4 content-section content-section-spacing\" data-overlap=\"true\" id=\"overlappable-1\" style=\"background-color: rgb(255, 255, 255);\"><div  class=\"gridContainer\"> <div  data-type=\"row\" class=\"row spaced-cols text-center\"><div  class=\"col-xs-12 col-sm-4 col-padding\"> <i  class=\"fa icon shadow-large-black aligncenter fa-clock-o reverse round big color1\"><\/i> <div  data-type=\"column\" class=\"\"> <h5  class=\"\"><span  style=\"font-family: Helvetica, Arial, sans-serif, arial, helvetica, sans-serif; font-weight: 600; color: rgb(34, 34, 34);\">Dur\u00e9e<\/span><\/h5> <p  class=\"\"><span  style=\"color: rgb(34, 34, 34);\">2 ans<\/span><\/p><\/div> <\/div>  <div  class=\"col-xs-12 col-sm-4 col-padding\"> <i  class=\"fa icon shadow-large-black aligncenter fa-calendar reverse round big color1\"><\/i> <div  data-type=\"column\" class=\"\"> <h5  class=\"\"><span  style=\"font-family: Helvetica, Arial, sans-serif, arial, helvetica, sans-serif; font-weight: 600; color: rgb(34, 34, 34);\">Rythme<\/span><\/h5> <p  class=\"\"><span  style=\"color: rgb(34, 34, 34);\">1 \u00e0 2 semaines en formation par mois<\/span><br ><span  style=\"color: rgb(34, 34, 34);\">\r\nLe reste en entreprise<\/span><\/p><\/div> <\/div><div  class=\"col-xs-12 col-sm-4 col-padding\"> <i  class=\"fa icon shadow-large-black aligncenter fa-graduation-cap reverse round big color1\"><\/i> <div  data-type=\"column\" class=\"\"> <h5  class=\"\"><span  style=\"font-family: Helvetica, Arial, sans-serif, arial, helvetica, sans-serif; font-weight: 600; color: rgb(34, 34, 34);\">Accessible apr\u00e8s<\/span><\/h5> <p  class=\"\"><span  style=\"color: rgb(34, 34, 34);\">Bac+3 ou Titre de professionnalisation de \r\n<\/span><br ><span  style=\"color: rgb(34, 34, 34);\">niveau 6 (UE)<\/span><\/p><\/div> <\/div><div  class=\"col-xs-12 col-sm-4 col-padding\"> <i  class=\"fa icon shadow-large-black aligncenter fa-building reverse round big color1\"><\/i> <div  data-type=\"column\" class=\"\"> <h5  class=\"\"><span  style=\"font-family: Helvetica, Arial, sans-serif, arial, helvetica, sans-serif; font-weight: 600; color: rgb(34, 34, 34);\">Campus<\/span><\/h5> <p  class=\"\"><span  style=\"color: rgb(34, 34, 34);\">Chalon Formation et Dijon Formation\r\n<\/span><br ><span  style=\"color: rgb(34, 34, 34);\">Nos campus sont accessibles aux personnes \u00e0 mobilit\u00e9 r\u00e9duite<\/span><\/p><\/div> <\/div><div  class=\"col-xs-12 col-sm-4 col-padding\"> <i  class=\"fa icon shadow-large-black aligncenter fa-folder reverse round big color1\"><\/i> <div  data-type=\"column\" class=\"\"> <h5  class=\"\"><span  style=\"font-family: Helvetica, Arial, sans-serif, arial, helvetica, sans-serif; font-weight: 600; color: rgb(34, 34, 34);\">Contrats<\/span><\/h5> <p  class=\"\"><span  style=\"font-family: Helvetica, Arial, sans-serif, arial, helvetica, sans-serif; color: rgb(34, 34, 34);\">Contrat d\u2019apprentissage<\/span><br  style=\"font-family: &quot;Open Sans&quot;, Helvetica, Arial, sans-serif;\"><span  style=\"font-family: Helvetica, Arial, sans-serif, arial, helvetica, sans-serif; color: rgb(34, 34, 34);\">Contrat de professionnalisation<\/span><br  style=\"font-family: &quot;Open Sans&quot;, Helvetica, Arial, sans-serif;\"><span  style=\"font-family: Helvetica, Arial, sans-serif, arial, helvetica, sans-serif; color: rgb(34, 34, 34);\">PRO-A<\/span><\/p><\/div> <\/div><div  class=\"col-xs-12 col-sm-4 col-padding\"> <i  class=\"fa icon shadow-large-black aligncenter fa-connectdevelop reverse round big color1\"><\/i> <div  data-type=\"column\" class=\"\"> <h5  class=\"\">VAE<\/h5> <p  class=\"\">Possibilit\u00e9 d\u2019acc\u00e8s \u00e0 la certification via la <a  data-mce-href=\"https:\/\/vae.gouv.fr\/\" href=\"https:\/\/vae.gouv.fr\" target=\"_blank\" rel=\"noopener\" data-mce-selected=\"inline-boundary\" data-cp-link=\"1\" class=\"\">VAE<\/a><\/p><\/div> <\/div><\/div> <\/div><\/div><div  data-label=\"Features\" data-id=\"features--1\" data-export-id=\"features-13\" data-category=\"features\" class=\"features-13 content-section content-section-spacing\" id=\"features-1\" style=\"background-color: rgb(245, 250, 253);\"><div  class=\"gridContainer\"> <div  class=\"row text-center\"><div  class=\"section-title-col\" data-type=\"column\">  <\/div> <\/div> <div  class=\"row spaced-cols center-sm content-center-sm\" data-type=\"row\"> <div  class=\"col col-sm-6 space-bottom col-md-4\"> <i  class=\"fa icon fa-paper-plane bordered round big color1\"><\/i> <h4  class=\"\"><span  style=\"font-family: Helvetica, Arial, sans-serif, arial, helvetica, sans-serif; font-weight: 600; color: rgb(34, 34, 34);\">Comp\u00e9tences vis\u00e9es<\/span><\/h4> <p  class=\"\" style=\"text-align: justify;\">\u2022 Pilotage de la politique RH et de la transformation des organisations<br >\r\n\u2022 Pilotage de la Responsabilit\u00e9 Soci\u00e9tale et conduite du dialogue social<br >\r\n\u2022 Management de la strat\u00e9gie des comp\u00e9tences et des talents<br >\r\n\u2022 Pilotage de l\u2019\u00e9valuation de la performance de la politique et des dispositifs RH<br >\r\n\u2022 Management des \u00e9quipes et des projets RH<\/p> <\/div> <div  class=\"col col-sm-6 space-bottom col-md-4\"><i  class=\"fa icon fa-align-justify bordered round big color1\"><\/i> <h4  class=\"\"><span  style=\"font-family: Helvetica, Arial, sans-serif, arial, helvetica, sans-serif; color: rgb(34, 34, 34);\">Blocs de comp\u00e9tences<\/span><\/h4> <p  class=\"\" style=\"text-align: justify;\">\u2022 BLOC 1 : Pilotage de la politique RH et de la transformation des organisations<br >\r\n\u2022 BLOC 2 : Pilotage de la Responsabilit\u00e9 Soci\u00e9tale et conduite du dialogue social<br >\r\n\u2022 BLOC 3 : Management de la strat\u00e9gie des comp\u00e9tences et des talents<br >\r\n\u2022 BLOC 4 : Pilotage de l\u2019\u00e9valuation de la performance de la politique et des dispositifs RH<br >\r\n\u2022 BLOC 5 :Management des \u00e9quipes et des projets RH<\/p> <\/div> <div  class=\"col col-sm-6 space-bottom col-md-4\"><i  class=\"fa icon fa-check bordered round big color1\"><\/i> <h4  class=\"\"><span  style=\"font-family: Helvetica, Arial, sans-serif, arial, helvetica, sans-serif; color: rgb(34, 34, 34);\">Modalit\u00e9 d\u2019\u00e9valuation<\/span><\/h4> <p  class=\"\" style=\"text-align: justify;\">Afin de valider chaque bloc de comp\u00e9tences, diff\u00e9rentes \u00e9preuves certifiantes peuvent \u00eatre organis\u00e9es :<br >\r\n\u2022 Evaluation individuelle ou collective<br >\r\n\u2022 Etude de cas en situation r\u00e9elle<\/p> <\/div> <div  class=\"col col-sm-6 space-bottom col-md-4\"> <i  class=\"fa icon fa-mortar-board bordered round big color1\"><\/i> <h4  class=\"\"><span  style=\"font-family: Helvetica, Arial, sans-serif, arial, helvetica, sans-serif; color: rgb(34, 34, 34);\">Modalit\u00e9s d\u2019acquisition<\/span><br ><span  style=\"font-family: Helvetica, Arial, sans-serif, arial, helvetica, sans-serif; color: rgb(34, 34, 34);\">\r\nde la certification<\/span><\/h4> <p  class=\"\" style=\"text-align: justify;\">L\u2019obtention de la certification de Manager des Ressources Humaines est conditionnelle \u00e0 l\u2019acquisition des 5 blocs de comp\u00e9tences + l\u2019\u00e9valuation compl\u00e9mentaire de fin d\u2019\u00e9tudes (m\u00e9moire et soutenance)<\/p> <\/div><div  class=\"col col-sm-6 space-bottom col-md-4\"><i  class=\"fa icon fa-star bordered round big color1\"><\/i> <h4  class=\"\"><span  style=\"font-family: Helvetica, Arial, sans-serif, arial, helvetica, sans-serif; color: rgb(34, 34, 34);\">D\u00e9bouch\u00e9s professionnels<\/span><\/h4> <p  class=\"\" style=\"text-align: justify;\">\u2022 Directeur\/Directrice des Ressources Humaines<br >\r\n\u2022 Directeur\/Directrice de D\u00e9veloppement RH<br >\r\n\u2022 Manager des Ressources Humaines<br >\r\n\u2022 Manager des Relations Sociales<br >\r\n\u2022 Manager de l\u2019Administration RH et de la Paie<br >\r\n\u2022 Manager Compensation &amp; Benefit<br >\r\n\u2022 Manager Formation<br >\r\n\u2022 Manager d\u00e9veloppement RH<br >\r\n\u2022 Manager de la Gestion des Carri\u00e8res<br >\r\n\u2022 Manager des affaires sociales<br >\r\n\u2022 Manager SIRH<br >\r\n\u2022 Manager Mobilit\u00e9<br >\r\n\u2022 Manager Diversit\u00e9<br >\r\n\u2022 Adjoint(e) du DRHSIRH, mobilit\u00e9, diversit\u00e9, recrutement, justice sociale, analystRH, etc\u2026)<br >\r\n\u2022 Responsable R\u00e9mun\u00e9rations \/ avantages sociaux<br >\r\n\u2022 Responsable Recrutement<br >\r\n\u2022 Consultant en accompagnement RH<br >\r\n\u2022 Charg\u00e9 d\u2019\u00e9tudes RH<br >\r\n\u2022 Contr\u00f4leur de gestion sociale<br >\r\n\u2022 Date Analyst RH<br >\r\n\u2022 Chief Happiness Officer<br >\r\n\u2022 Human Ressources Business Partner<\/p> <\/div> <div  class=\"col col-sm-6 space-bottom col-md-4\"> <i  class=\"fa icon fa-paper-plane bordered round big color1\"><\/i> <h4  class=\"\"><span  style=\"font-weight: 800;\">Indicateurs<\/span><\/h4> <p  class=\"\" style=\"text-align: center;\">Premi\u00e8re promotion rentr\u00e9e 2026<\/p> <\/div><\/div><\/div> <\/div><div  data-label=\"Content\" data-id=\"content--2\" data-export-id=\"content-12\" data-category=\"content\" class=\"content-12 content-section content-section-spacing\" id=\"content-2\" style=\"background-color: rgb(255, 255, 255);\"><div  class=\"gridContainer\"> <div  class=\"row text-center\"><div  class=\"section-title-col\" data-type=\"column\"> <h2  class=\"\"><span  style=\"color: rgb(34, 34, 34);\">Conditions d\u2019admission pour le<\/span><br ><span  style=\"color: rgb(34, 34, 34);\">\r\nManager des Ressources Humaines<\/span><\/h2> <p  class=\"\" style=\"text-align: justify;\">La formation est organis\u00e9e par Dijon Formation ou Chalon Formation. Elle est ouverte aux candidats titulaire d\u2019un titre de niveau 6 ou \u00e9quivalent quelle que soit la fili\u00e8re suivie ou au moins deux ann\u00e9es d\u2019exp\u00e9rience professionnelle (avis de la commission p\u00e9dagogique) dans des responsabilit\u00e9s manag\u00e9riales de gestion de ressources humaines. Le candidat doit \u00eatre titulaire d\u2019un titre de niveau 5 ou \u00e9quivalent quelle que soit la fili\u00e8re suivie pour un parcours en 3 ans. La s\u00e9lection se fait sur \u00e9tude du dossier de candidature et entretien individuel de motivation au sein de Dijon Formation ou Chalon Formation. Cet entretien avec un de nos conseillers formation est accessible apr\u00e8s une pr\u00e9inscription en ligne sur le site internet www.dijonformation.com ou www.chalonformation.com : onglet pr\u00e9inscription.<\/p><\/div> <\/div> <div  class=\"row center-xs middle-xs\"> <div  class=\"col-sm-9\" data-type=\"column\"> <\/div> <\/div><\/div> <\/div><div  data-label=\"Cta\" data-id=\"cta--2\" data-export-id=\"cta-centered-section-grid\" data-category=\"cta\" class=\"cta-centered-section-grid content-section content-section-spacing-medium bg-color1 white-text\" id=\"cta-2\"><div  class=\"gridContainer\"> <div  class=\"row text-center\"><div  class=\"col-xs-12 col-sm-10 col-sm-offset-1 col-md-8 col-md-offset-2\" data-type=\"column\">   <h3  class=\"\">Pour plus d\u2019informations, pr\u00e9inscrivez-vous<\/h3><a  class=\"button color9 dark-text\" href=\"https:\/\/inscriptions.chalonformation.com\/bienvenue?site=chalon\" target=\"_blank\" data-cp-link=\"1\" data-icon=\"\" rel=\"noopener\">CAMPUS CHALON<\/a><a  class=\"button color9 dark-text\" href=\"https:\/\/inscriptions.dijonformation.com\/bienvenue?site=dijon\" target=\"_blank\" data-cp-link=\"1\" data-icon=\"\" rel=\"noopener\">CAMPUS DIJON <\/a><\/div> <\/div><\/div> <\/div>","protected":false},"excerpt":{"rendered":"<p>T\u00e9l\u00e9charger le programme d\u00e9taill\u00e9 de la formation Manager Ressources Humaines T\u00c9L\u00c9CHARGERVOIR FICHE RNCP Certificat professionnelle \u00ab Manager des ressources humaines \u00bb, de niveau 7, code NSF 310, 315 et 315N, enregistr\u00e9 au RNCP (RNCP 38112) par d\u00e9cision de France Comp\u00e9tences en date du 18 octobre 2023, d\u00e9livr\u00e9e par Assocation pour la Gestion de 3IL \u2013&hellip; <br \/> <a class=\"read-more\" href=\"https:\/\/chalonformation.com\/index.php\/manager-des-ressources-humaines-rentree-2026\/\">Read more<\/a><\/p>\n","protected":false},"author":1,"featured_media":0,"parent":0,"menu_order":0,"comment_status":"closed","ping_status":"closed","template":"pro\/page-templates\/full-width-page.php","meta":{"om_disable_all_campaigns":false,"_monsterinsights_skip_tracking":false,"_monsterinsights_sitenote_active":false,"_monsterinsights_sitenote_note":"","_monsterinsights_sitenote_category":0,"_uf_show_specific_survey":0,"_uf_disable_surveys":false,"footnotes":""},"class_list":["post-2917","page","type-page","status-publish","hentry"],"_links":{"self":[{"href":"https:\/\/chalonformation.com\/index.php\/wp-json\/wp\/v2\/pages\/2917","targetHints":{"allow":["GET"]}}],"collection":[{"href":"https:\/\/chalonformation.com\/index.php\/wp-json\/wp\/v2\/pages"}],"about":[{"href":"https:\/\/chalonformation.com\/index.php\/wp-json\/wp\/v2\/types\/page"}],"author":[{"embeddable":true,"href":"https:\/\/chalonformation.com\/index.php\/wp-json\/wp\/v2\/users\/1"}],"replies":[{"embeddable":true,"href":"https:\/\/chalonformation.com\/index.php\/wp-json\/wp\/v2\/comments?post=2917"}],"version-history":[{"count":2,"href":"https:\/\/chalonformation.com\/index.php\/wp-json\/wp\/v2\/pages\/2917\/revisions"}],"predecessor-version":[{"id":2922,"href":"https:\/\/chalonformation.com\/index.php\/wp-json\/wp\/v2\/pages\/2917\/revisions\/2922"}],"wp:attachment":[{"href":"https:\/\/chalonformation.com\/index.php\/wp-json\/wp\/v2\/media?parent=2917"}],"curies":[{"name":"wp","href":"https:\/\/api.w.org\/{rel}","templated":true}]}}