{"id":32,"date":"2023-03-06T13:55:52","date_gmt":"2023-03-06T12:55:52","guid":{"rendered":"https:\/\/www2.chalonformation.com\/?page_id=32"},"modified":"2025-12-04T14:31:47","modified_gmt":"2025-12-04T13:31:47","slug":"bts-negociation-et-digitalisation-de-la-relation-client-a-chalon-formation-ndrc","status":"publish","type":"page","link":"https:\/\/chalonformation.com\/index.php\/bts-negociation-et-digitalisation-de-la-relation-client-a-chalon-formation-ndrc\/","title":{"rendered":"BTS N\u00e9gociation et Digitalisation de la Relation Client"},"content":{"rendered":"<div  id=\"cta-3\" class=\"cta-blue-section content-section content-section-spacing-medium bg-color1 white-text\" data-label=\"Cta\" data-id=\"cta--3\" data-export-id=\"cta-blue-section\" data-category=\"cta\">\n<div  class=\"gridContainer\">\n<div  class=\"row middle-xs\">\n<div  class=\"col-sm-8 space-bottom-xs\" data-type=\"column\">\n<h3  class=\"\">T\u00e9l\u00e9charger la fiche d\u00e9taill\u00e9e de la formation<br >\nBTS N\u00e9gociation et Digitalisation de la Relation Client<\/h3>\n<\/div>\n<div  class=\"col-sm-4 end-sm\" data-type=\"column\"><a  class=\"button color9 dark-text\" href=\"https:\/\/chalonformation.com\/wp-content\/uploads\/2025\/12\/Programme-BTS-NDRC.pdf\" target=\"_blank\" rel=\"noopener\" data-cp-link=\"1\" data-icon=\"\">T\u00c9L\u00c9CHARGER<\/a><\/div>\n<\/div>\n<\/div>\n<\/div><div  id=\"content-1\" class=\"content-12 content-section content-section-spacing\" style=\"background-color: #ffffff;\" data-label=\"Content\" data-id=\"content--1\" data-export-id=\"content-12\" data-category=\"content\">\n<div  class=\"gridContainer\">\n<div  class=\"row text-center\">\n<div  class=\"section-title-col\" data-type=\"column\">\n\n\n\n\n<h2  class=\"\" style=\"margin-bottom: 2rem; color: rgb(34, 34, 34); background-color: rgb(245, 250, 253);\">Objectifs de la formation&nbsp;<br >BTS N\u00e9gociation et Digitalisation<br >de la Relation Client<\/h2><h4  class=\"\" style=\"text-align: justify;\"><span  style=\"font-family: Helvetica, Arial, sans-serif, arial, helvetica, sans-serif; font-weight: 400; color: rgb(34, 34, 34);\">Le BTS NDRC (N\u00e9gociation et Digitalisation de la Relation Client) vise \u00e0 vous pr\u00e9parer aux m\u00e9tiers de la vente et du management commercial. \u00c0 la fin de la formation, vous serez comp\u00e9tent dans divers domaines essentiels pour les entreprises, tels que : \n<br >\u2022 D\u00e9velopper, asseoir, accompagner un portefeuille clients.<\/span><br ><span  style=\"font-family: Helvetica, Arial, sans-serif, arial, helvetica, sans-serif; font-weight: 400; color: rgb(34, 34, 34);\">\n\u2022 G\u00e9rer la relation client \u00e0 distance, la e-relation et la vente en e-commerce.<\/span><br ><span  style=\"font-family: Helvetica, Arial, sans-serif, arial, helvetica, sans-serif; font-weight: 400; color: rgb(34, 34, 34);\">\n\u2022 Animer des r\u00e9seaux de distributeurs, de partenaires, de vente directe.<\/span><\/h4><\/div>\n<\/div>\n<div  class=\"row center-xs middle-xs\">\n<div  class=\"col-sm-9\" data-type=\"column\"><\/div>\n<\/div>\n<\/div>\n<\/div><div  data-label=\"Counters\" data-id=\"counters--4\" data-export-id=\"counters-1\" data-category=\"counters\" class=\"counters-1 content-section content-section-spacing\" id=\"counters-4\" style=\"background-color: rgb(255, 255, 255);\"><div  class=\"gridContainer\"> <div  class=\"row text-center\"><div  class=\"section-title-col\" data-type=\"column\"> <h2  class=\"\"><span  style=\"color: rgb(34, 34, 34);\">Taux de r\u00e9ussite<\/span><\/h2> <\/div> <\/div> <div  class=\"row spaced-cols\" data-type=\"row\" data-fixed=\"true\">  <div  class=\"col-xs-12 col-sm-4 space-bottom-small col-padding-xs col-md-3\"><div  class=\"circle-counter color6\"> <svg  class=\"circle-svg\" viewBox=\"0 0 100 100\"><circle  r=\"48\" stroke-linecap=\"round\" cx=\"50\" cy=\"50\" fill=\"transparent\" stroke-dasharray=\"301.6\" stroke-dashoffset=\"301.6px\"><\/circle> <circle  class=\"circle-bar\" r=\"48\" stroke-linecap=\"round\" cx=\"50\" cy=\"50\" fill=\"transparent\" stroke-dasharray=\"301.6\" stroke-dashoffset=\"301.6px\" style=\"stroke-dashoffset: 301.593px;\"><\/circle><\/svg> <div  class=\"circle-content\"><h2  class=\"font-100\" data-min=\"0\" data-max=\"100\" data-stop=\"27\" data-prefix=\"\" data-suffix=\"%\" data-countup=\"true\" data-duration=\"2000\"><\/h2> <p >2022<\/p><\/div> <\/div><\/div> <div  class=\"col-xs-12 col-sm-4 space-bottom-small col-padding-xs col-md-3\"><div  class=\"circle-counter color6\"> <svg  class=\"circle-svg\" viewBox=\"0 0 100 100\"><circle  r=\"48\" stroke-linecap=\"round\" cx=\"50\" cy=\"50\" fill=\"transparent\" stroke-dasharray=\"301.6\" stroke-dashoffset=\"301.6px\"><\/circle> <circle  class=\"circle-bar\" r=\"48\" stroke-linecap=\"round\" cx=\"50\" cy=\"50\" fill=\"transparent\" stroke-dasharray=\"301.6\" stroke-dashoffset=\"301.6px\" style=\"stroke-dashoffset: 301.593px;\"><\/circle><\/svg> <div  class=\"circle-content\"><h2  class=\"font-100\" data-min=\"0\" data-max=\"100\" data-stop=\"25\" data-prefix=\"\" data-suffix=\"%\" data-countup=\"true\" data-duration=\"2000\"><\/h2> <p ><span  style=\"color: rgb(52, 58, 64);\">2023<\/span><\/p><\/div> <\/div><\/div> <div  class=\"col-xs-12 col-sm-4 space-bottom-small col-padding-xs col-md-3\"> <div  class=\"circle-counter color6\"> <svg  class=\"circle-svg\" viewBox=\"0 0 100 100\"> <circle  r=\"48\" stroke-linecap=\"round\" cx=\"50\" cy=\"50\" fill=\"transparent\" stroke-dasharray=\"301.6\" stroke-dashoffset=\"301.6px\"><\/circle> <circle  class=\"circle-bar\" r=\"48\" stroke-linecap=\"round\" cx=\"50\" cy=\"50\" fill=\"transparent\" stroke-dasharray=\"301.6\" stroke-dashoffset=\"301.6px\" style=\"stroke-dashoffset: 301.593px;\"><\/circle><\/svg> <div  class=\"circle-content\"><h2  class=\"font-100\" data-min=\"0\" data-max=\"100\" data-stop=\"58\" data-prefix=\"\" data-suffix=\"%\" data-countup=\"true\" data-duration=\"2000\"><\/h2> <p ><span  id=\"_mce_caret\" data-mce-bogus=\"1\" data-mce-type=\"format-caret\"><span  style=\"color: rgb(52, 58, 64);\">2024<\/span><\/span><\/p><\/div> <\/div><\/div><div  class=\"col-xs-12 col-sm-4 space-bottom-small col-padding-xs col-md-3\"> <div  class=\"circle-counter color6\"> <svg  class=\"circle-svg\" viewBox=\"0 0 100 100\"> <circle  r=\"48\" stroke-linecap=\"round\" cx=\"50\" cy=\"50\" fill=\"transparent\" stroke-dasharray=\"301.6\" stroke-dashoffset=\"301.6px\"><\/circle> <circle  class=\"circle-bar\" r=\"48\" stroke-linecap=\"round\" cx=\"50\" cy=\"50\" fill=\"transparent\" stroke-dasharray=\"301.6\" stroke-dashoffset=\"301.6px\" style=\"stroke-dashoffset: 301.593px;\"><\/circle><\/svg> <div  class=\"circle-content\"><h2  class=\"font-100\" data-min=\"0\" data-max=\"100\" data-stop=\"87\" data-prefix=\"\" data-suffix=\"%\" data-countup=\"true\" data-duration=\"2000\"><\/h2> <p ><span  id=\"_mce_caret\" data-mce-bogus=\"1\" data-mce-type=\"format-caret\"><span  style=\"color: rgb(52, 58, 64);\">2025<\/span><\/span><\/p><\/div> <\/div><\/div><\/div><\/div> <\/div><div  id=\"overlappable-1\" class=\"overlappable-4 content-section content-section-spacing\" style=\"background-color: #ffffff;\" data-label=\"Overlappable\" data-id=\"overlappable--1\" data-export-id=\"overlappable-4\" data-category=\"overlappable\" data-overlap=\"true\">\n<div  class=\"gridContainer\">\n<div  class=\"row spaced-cols text-center\" data-type=\"row\">\n<div  class=\"col-xs-12 col-sm-4 col-padding\"><i  class=\"fa icon shadow-large-black aligncenter fa-clock-o reverse round big color1\"><\/i>\n<div  class=\"\" data-type=\"column\">\n<h5  class=\"\"><span  style=\"font-family: Helvetica, Arial, sans-serif, arial, helvetica, sans-serif; font-weight: 600; color: rgb(34, 34, 34);\">Dur\u00e9e<\/span><\/h5>\n<p  class=\"\"><span  style=\"color: rgb(34, 34, 34); font-weight: 400;\">2 ans<\/span><\/p>\n\n<\/div>\n<\/div>\n<div  class=\"col-xs-12 col-sm-4 col-padding\"><i  class=\"fa icon shadow-large-black aligncenter fa-calendar reverse round big color1\"><\/i>\n<div  class=\"\" data-type=\"column\">\n<h5  class=\"\"><span  style=\"font-family: Helvetica, Arial, sans-serif, arial, helvetica, sans-serif; font-weight: 600; color: rgb(34, 34, 34);\">Rythme<\/span><\/h5>\n<p  class=\"\"><span  style=\"color: rgb(34, 34, 34); font-weight: 400;\">2 jours en formation\n<\/span><br ><span  style=\"color: rgb(34, 34, 34);\">3 jours en entreprise<\/span><\/p>\n\n\n<\/div>\n<\/div>\n<div  class=\"col-xs-12 col-sm-4 col-padding\"><i  class=\"fa icon shadow-large-black aligncenter fa-align-justify reverse round big color1\"><\/i>\n<div  class=\"\" data-type=\"column\">\n<h5  class=\"\"><span  style=\"font-weight: 600; color: rgb(34, 34, 34); font-family: Helvetica, Arial, sans-serif, arial, helvetica, sans-serif;\">Cr\u00e9dits<\/span><\/h5>\n<p  class=\"\"><span  style=\"color: rgb(34, 34, 34); font-weight: 400;\">120 ECTS<\/span><\/p>\n\n<\/div>\n<\/div>\n<div  class=\"col-xs-12 col-sm-4 col-padding\"><i  class=\"fa icon shadow-large-black aligncenter fa-graduation-cap reverse round big color1\"><\/i>\n<div  class=\"\" data-type=\"column\">\n<h5  class=\"\"><span  style=\"font-weight: 600; font-family: Helvetica, Arial, sans-serif, arial, helvetica, sans-serif; color: rgb(34, 34, 34);\">Accessible<\/span><\/h5>\n<p  class=\"\"><span  style=\"color: rgb(34, 34, 34); font-weight: 400;\">Baccalaur\u00e9at<\/span><\/p>\n\n<\/div>\n<\/div>\n\n<div  class=\"col-xs-12 col-sm-4 col-padding\"><i  class=\"fa icon shadow-large-black aligncenter fa-building reverse round big color1\"><\/i>\n<div  class=\"\" data-type=\"column\">\n<h5  class=\"\"><span  style=\"font-family: Helvetica, Arial, sans-serif, arial, helvetica, sans-serif; font-weight: 600; color: rgb(34, 34, 34);\">Campus<\/span><\/h5>\n<p  class=\"\"><span  style=\"color: rgb(34, 34, 34);\">Chalon Formation et Dijon Formation<\/span><br ><span  style=\"color: rgb(34, 34, 34);\">\nNos campus sont accessibles aux personnes \u00e0 mobilit\u00e9 r\u00e9duite<\/span><\/p>\n\n<\/div>\n<\/div><div  class=\"col-xs-12 col-sm-4 col-padding\"><a  data-cp-link=\"1\" href=\"#\"><i  class=\"fa icon shadow-large-black aligncenter fa-folder reverse round big color1\"><\/i><\/a>\n<div  class=\"\" data-type=\"column\">\n<h5  class=\"\"><span  style=\"font-family: Helvetica, Arial, sans-serif, arial, helvetica, sans-serif; font-weight: 600; color: rgb(34, 34, 34);\">Contrats<\/span><\/h5>\n\nContrat de Professionnalisation\n\nPRO A\n\nCPF (Contribuable Particulier\n\n<\/div>\n<\/div>\n<\/div>\n<\/div>\n<\/div><div  id=\"features-1\" class=\"features-13 content-section content-section-spacing\" style=\"background-color: #ffffff;\" data-label=\"Features\" data-id=\"features--1\" data-export-id=\"features-13\" data-category=\"features\">\n<div  class=\"gridContainer\">\n<div  class=\"row text-center\">\n<div  class=\"section-title-col\" data-type=\"column\"><\/div>\n<\/div>\n<div  class=\"row spaced-cols content-center-sm\" data-type=\"row\">\n<div  class=\"col col-sm-6 col-md-3 space-bottom\"><i  class=\"fa icon fa-paper-plane bordered round big color1\"><\/i>\n<h4  class=\"\"><span  style=\"font-family: Helvetica, Arial, sans-serif, arial, helvetica, sans-serif; color: rgb(34, 34, 34);\">Comp\u00e9tences vis\u00e9es<\/span><\/h4>\n<p  class=\"\" style=\"text-align: justify;\"><span  style=\"color: rgb(34, 34, 34);\">\u2022 Relation client et n\u00e9gociation vente \u00e0 distance et digitalisation<\/span><br ><span  style=\"color: rgb(34, 34, 34);\">\n\u2022 Relation client et animation de r\u00e9seaux<\/span><\/p>\n\n\n\n\n\n\n\n\n\n\n\n\n<\/div>\n<div  class=\"col col-sm-6 col-md-3 space-bottom\"><i  class=\"fa icon fa-align-justify bordered round big color1\"><\/i>\n<h4  class=\"\"><span  style=\"font-family: Helvetica, Arial, sans-serif, arial, helvetica, sans-serif; color: rgb(34, 34, 34);\">Programme de formation<\/span><\/h4>\n<p  class=\"\" style=\"text-align: justify;\">\u2022 Culture g\u00e9n\u00e9rale et expression<br >\n\u2022 Communication en langue vivante \u00e9trang\u00e8re\n<br >\u2022 Relation client et animation de r\u00e9seaux<br >\n\u2022 Culture \u00e9conomique, juridique et manag\u00e9riale<br >\n\u2022 Relation client et n\u00e9gociation vente<br >\n\u2022 Relation client \u00e0 distance et digitalisation<\/p>\n\n\n\n\n\n\n\n\n<\/div>\n<div  class=\"col col-sm-6 col-md-3 space-bottom\"><i  class=\"fa icon fa-check-circle bordered round big color1\"><\/i>\n<h4  class=\"\"><span  style=\"font-family: Helvetica, Arial, sans-serif, arial, helvetica, sans-serif; color: rgb(34, 34, 34);\">Modalit\u00e9 d\u2019\u00e9valuations<\/span><\/h4>\n<p  class=\"\" style=\"text-align: justify;\">\u2022 CCF (Contr\u00f4les Continus en Formation)<br >\n\u2022 \u00c9preuves ponctuelles<\/p>\n\n<\/div>\n<div  class=\"col col-sm-6 col-md-3 space-bottom\"><i  class=\"fa icon fa-star bordered round big color1\"><\/i>\n<h4  class=\"\"><span  style=\"font-family: Helvetica, Arial, sans-serif, arial, helvetica, sans-serif; color: rgb(34, 34, 34);\">Emplois Accessibles<\/span><\/h4>\n<p  class=\"\" style=\"text-align: justify;\"><span  style=\"color: rgb(34, 34, 34);\">\u2022 Vendeur(se)<\/span><br ><span  style=\"color: rgb(34, 34, 34);\">\n\u2022 Repr\u00e9sentant(e)<\/span><br ><span  style=\"color: rgb(34, 34, 34);\">\n\u2022 Commercial(e) terrain<\/span><br ><span  style=\"color: rgb(34, 34, 34);\">\n\u2022 N\u00e9gociateur(rice)<\/span><br ><span  style=\"color: rgb(34, 34, 34);\">\n\u2022 D\u00e9l\u00e9gu\u00e9(e) commercial(e)<\/span><br ><span  style=\"color: rgb(34, 34, 34);\">\n\u2022 Conseiller(\u00e8re) commercial(e)<\/span><br ><span  style=\"color: rgb(34, 34, 34);\">\n\u2022 Charg\u00e9(e) de client\u00e8le<\/span><br ><span  style=\"color: rgb(34, 34, 34);\">\n\u2022 Technicocommercial(e)<\/span><br ><span  style=\"color: rgb(34, 34, 34);\">\n\u2022 T\u00e9l\u00e9vendeur(se)<\/span><br ><span  style=\"color: rgb(34, 34, 34);\">\n\u2022 T\u00e9l\u00e9conseiller(\u00e8re)<\/span><br ><span  style=\"color: rgb(34, 34, 34);\">\n\u2022 Conseiller(\u00e8re) client \u00e0 distance<\/span><br ><span  style=\"color: rgb(34, 34, 34);\">\n\u2022 Conseiller(\u00e8re) client\u00e8le<\/span><br ><span  style=\"color: rgb(34, 34, 34);\">\n\u2022 Charg\u00e9(e) d\u2019assistance<\/span><br ><span  style=\"color: rgb(34, 34, 34);\">\n\u2022 Animateur(rice) commercial(e)<\/span><br ><span  style=\"color: rgb(34, 34, 34);\">\n\u2022 Assistant(e) responsable<\/span><br ><span  style=\"color: rgb(34, 34, 34);\">\ne-commerce<\/span><br ><span  style=\"color: rgb(34, 34, 34);\">\n\u2022 Commercial(e) e-commerce<\/span><br ><span  style=\"color: rgb(34, 34, 34);\">\n\u2022 Commercial(e) web e-commerce<\/span><br ><span  style=\"color: rgb(34, 34, 34);\">\n\u2022 Chef(fe) de secteur<\/span><\/p>\n\n<\/div>\n<\/div>\n<\/div>\n<\/div><div  id=\"cta-2\" class=\"cta-centered-section-grid content-section content-section-spacing-medium bg-color1 white-text\" data-label=\"Cta\" data-id=\"cta--2\" data-export-id=\"cta-centered-section-grid\" data-category=\"cta\">\n<div  class=\"gridContainer\">\n<div  class=\"row text-center\">\n<div  class=\"col-xs-12 col-sm-10 col-sm-offset-1 col-md-8 col-md-offset-2\" data-type=\"column\">\n<h3  class=\"\">Pour plus d\u2019informations, pr\u00e9inscrivez-vous<\/h3>\n<a  class=\"button color9 dark-text\" href=\"https:\/\/inscriptions.chalonformation.com\/registration\/index.html?campus=cf\" target=\"_blank\" rel=\"noopener\" data-cp-link=\"1\" data-icon=\"\">CAMPUS CHALON<\/a><a  class=\"button color9 dark-text\" href=\"https:\/\/inscriptions.dijonformation.com\/registration\/index.html?campus=df\" target=\"_blank\" rel=\"noopener\" data-cp-link=\"1\" data-icon=\"\">CAMPUS DIJON<\/a>\n\n<\/div>\n<\/div>\n<\/div>\n<\/div>","protected":false},"excerpt":{"rendered":"<p>T\u00e9l\u00e9charger la fiche d\u00e9taill\u00e9e de la formation BTS N\u00e9gociation et Digitalisation de la Relation Client T\u00c9L\u00c9CHARGER Objectifs de la formation&nbsp;BTS N\u00e9gociation et Digitalisationde la Relation ClientLe BTS NDRC (N\u00e9gociation et Digitalisation de la Relation Client) vise \u00e0 vous pr\u00e9parer aux m\u00e9tiers de la vente et du management commercial. \u00c0 la fin de la formation, vous&hellip; <br \/> <a class=\"read-more\" href=\"https:\/\/chalonformation.com\/index.php\/bts-negociation-et-digitalisation-de-la-relation-client-a-chalon-formation-ndrc\/\">Read more<\/a><\/p>\n","protected":false},"author":1,"featured_media":0,"parent":0,"menu_order":0,"comment_status":"closed","ping_status":"closed","template":"pro\/page-templates\/full-width-page.php","meta":{"om_disable_all_campaigns":false,"_monsterinsights_skip_tracking":false,"_monsterinsights_sitenote_active":false,"_monsterinsights_sitenote_note":"","_monsterinsights_sitenote_category":0,"_uf_show_specific_survey":0,"_uf_disable_surveys":false,"footnotes":""},"class_list":["post-32","page","type-page","status-publish","hentry"],"_links":{"self":[{"href":"https:\/\/chalonformation.com\/index.php\/wp-json\/wp\/v2\/pages\/32","targetHints":{"allow":["GET"]}}],"collection":[{"href":"https:\/\/chalonformation.com\/index.php\/wp-json\/wp\/v2\/pages"}],"about":[{"href":"https:\/\/chalonformation.com\/index.php\/wp-json\/wp\/v2\/types\/page"}],"author":[{"embeddable":true,"href":"https:\/\/chalonformation.com\/index.php\/wp-json\/wp\/v2\/users\/1"}],"replies":[{"embeddable":true,"href":"https:\/\/chalonformation.com\/index.php\/wp-json\/wp\/v2\/comments?post=32"}],"version-history":[{"count":49,"href":"https:\/\/chalonformation.com\/index.php\/wp-json\/wp\/v2\/pages\/32\/revisions"}],"predecessor-version":[{"id":2800,"href":"https:\/\/chalonformation.com\/index.php\/wp-json\/wp\/v2\/pages\/32\/revisions\/2800"}],"wp:attachment":[{"href":"https:\/\/chalonformation.com\/index.php\/wp-json\/wp\/v2\/media?parent=32"}],"curies":[{"name":"wp","href":"https:\/\/api.w.org\/{rel}","templated":true}]}}