{"id":34,"date":"2023-03-06T13:56:16","date_gmt":"2023-03-06T12:56:16","guid":{"rendered":"https:\/\/www2.chalonformation.com\/?page_id=34"},"modified":"2025-12-04T14:34:27","modified_gmt":"2025-12-04T13:34:27","slug":"bts-support-a-laction-manageriale-a-chalon-formation","status":"publish","type":"page","link":"https:\/\/chalonformation.com\/index.php\/bts-support-a-laction-manageriale-a-chalon-formation\/","title":{"rendered":"BTS Support \u00e0 l&#8217;Action Manag\u00e9riale"},"content":{"rendered":"<div  data-label=\"Cta\" data-id=\"cta--3\" data-export-id=\"cta-blue-section\" data-category=\"cta\" class=\"cta-blue-section content-section content-section-spacing-medium bg-color1 white-text\" id=\"cta-3\"><div  class=\"gridContainer\"> <div  class=\"row middle-xs\"><div  class=\"col-sm-8 space-bottom-xs\" data-type=\"column\">  <h3  class=\"\">T\u00e9l\u00e9charger la fiche d\u00e9taill\u00e9e de la fomation<br >\nBTS Support \u00e0 l\u2019action Manag\u00e9riale<\/h3><\/div> <div  class=\"col-sm-4 end-sm\" data-type=\"column\"> <a  class=\"button color9 dark-text\" href=\"https:\/\/chalonformation.com\/wp-content\/uploads\/2025\/12\/Programme-BTS-SAM.pdf\" target=\"_blank\" data-cp-link=\"1\" data-icon=\"\" rel=\"noopener\">T\u00c9L\u00c9CHARGER<\/a><\/div> <\/div><\/div> <\/div><div  data-label=\"Content\" data-id=\"content--1\" data-export-id=\"content-12\" data-category=\"content\" class=\"content-12 content-section content-section-spacing\" id=\"content-1\" style=\"background-color: rgb(255, 255, 255);\"><div  class=\"gridContainer\"> <div  class=\"row text-center\"><div  class=\"section-title-col\" data-type=\"column\">  <\/div> <\/div> <div  class=\"row center-xs middle-xs\"> <div  class=\"col-sm-9\" data-type=\"column\"><h2  class=\"\"><span  style=\"color: rgb(34, 34, 34);\">Objectifs de la formation<\/span><br ><span  style=\"color: rgb(34, 34, 34);\">\nBTS Support \u00e0 l\u2019Action Manag\u00e9riale<\/span><\/h2><p  class=\"lead\" _msttexthash=\"1098087705\" _msthash=\"3941\" style=\"text-align: justify;\"><span  style=\"color: rgb(34, 34, 34);\"><span  style=\"font-weight: 400;\">Dans le cadre du BTS Support \u00e0 l\u2019Action Manag\u00e9riale, le professionnel \u0153uvrant au sein d\u2019une \u00e9quipe et assumant des missions \u00e0 responsabilit\u00e9s doit d\u00e9montrer une grande polyvalence et m\u00e9thodicit\u00e9. Ses fonctions englobent la gestion de diverses activit\u00e9s telles que le secr\u00e9tariat, la manipulation d\u2019informations confidentielles, l\u2019organisation d\u2019\u00e9v\u00e9nements, les d\u00e9placements, etc. En plus de ma\u00eetriser parfaitement les technologies, les usages langagiers et les r\u00e8gles comportementales, il doit faire preuve de qualit\u00e9s essentielles telles que la r\u00e9activit\u00e9, le sens des relations humaines, la r\u00e9sistance au stress et la disponibilit\u00e9.&nbsp;<\/span><span  style=\"font-weight: 400;\">Son r\u00f4le s\u2019\u00e9tend \u00e9galement \u00e0 l\u2019accomplissement de missions d\u2019interface, de coordination et d\u2019organisation dans le domaine administratif. Il contribue activement \u00e0 accro\u00eetre la productivit\u00e9 et l\u2019image de l\u2019entit\u00e9, favorisant le travail collaboratif par une action proactive et facilitatrice. \u00c9voluant dans un contexte professionnel complexe, interculturel et digitalis\u00e9, il doit interagir de mani\u00e8re efficace.<\/span><\/span><\/p> <\/div> <\/div><\/div> <\/div><div  data-label=\"Counters\" data-id=\"counters--1\" data-export-id=\"counters-1\" data-category=\"counters\" class=\"counters-1 content-section content-section-spacing\" id=\"counters-1\" style=\"background-color: rgb(245, 250, 253);\"><div  class=\"gridContainer\"> <div  class=\"row text-center\"><div  class=\"section-title-col\" data-type=\"column\"> <h2  class=\"\" _msttexthash=\"290381\" _msthash=\"3944\"><span  style=\"color: rgb(34, 34, 34);\">Taux de r\u00e9ussite<\/span><\/h2> <\/div> <\/div> <div  class=\"row spaced-cols\" data-type=\"row\" data-fixed=\"true\">    <div  class=\"col-xs-12 col-sm-4 space-bottom-small col-padding-xs col-md-3\"> <div  class=\"circle-counter color6\"> <svg  class=\"circle-svg\" viewBox=\"0 0 100 100\"> <circle  r=\"48\" stroke-linecap=\"round\" cx=\"50\" cy=\"50\" fill=\"transparent\" stroke-dasharray=\"301.6\" stroke-dashoffset=\"301.6px\"><\/circle> <circle  class=\"circle-bar\" r=\"48\" stroke-linecap=\"round\" cx=\"50\" cy=\"50\" fill=\"transparent\" stroke-dasharray=\"301.6\" stroke-dashoffset=\"301.6px\" style=\"stroke-dashoffset: 301.593px;\"><\/circle><\/svg> <div  class=\"circle-content\"><h2  class=\"font-100\" data-min=\"0\" data-max=\"100\" data-stop=\"100\" data-prefix=\"\" data-suffix=\"%\" data-countup=\"true\" data-duration=\"2000\" _msttexthash=\"19877\" _msthash=\"3947\"><\/h2> <p  _msttexthash=\"21892\" _msthash=\"3948\">2022<\/p><\/div> <\/div><\/div><div  class=\"col-xs-12 col-sm-4 space-bottom-small col-padding-xs col-md-3\"> <div  class=\"circle-counter color6\"> <svg  class=\"circle-svg\" viewBox=\"0 0 100 100\"> <circle  r=\"48\" stroke-linecap=\"round\" cx=\"50\" cy=\"50\" fill=\"transparent\" stroke-dasharray=\"301.6\" stroke-dashoffset=\"301.6px\"><\/circle> <circle  class=\"circle-bar\" r=\"48\" stroke-linecap=\"round\" cx=\"50\" cy=\"50\" fill=\"transparent\" stroke-dasharray=\"301.6\" stroke-dashoffset=\"301.6px\" style=\"stroke-dashoffset: 301.593px;\"><\/circle><\/svg> <div  class=\"circle-content\"><h2  class=\"font-100\" data-min=\"0\" data-max=\"100\" data-stop=\"89\" data-prefix=\"\" data-suffix=\"%\" data-countup=\"true\" data-duration=\"2000\" _msttexthash=\"15353\" _msthash=\"3949\"><\/h2> <p ><span  style=\"color: rgb(52, 58, 64);\" _msttexthash=\"22022\" _msthash=\"3950\">2023<\/span><\/p><\/div> <\/div><\/div><div  class=\"col-xs-12 col-sm-4 space-bottom-small col-padding-xs col-md-3\"> <div  class=\"circle-counter color6\"> <svg  class=\"circle-svg\" viewBox=\"0 0 100 100\"> <circle  r=\"48\" stroke-linecap=\"round\" cx=\"50\" cy=\"50\" fill=\"transparent\" stroke-dasharray=\"301.6\" stroke-dashoffset=\"301.6px\"><\/circle> <circle  class=\"circle-bar\" r=\"48\" stroke-linecap=\"round\" cx=\"50\" cy=\"50\" fill=\"transparent\" stroke-dasharray=\"301.6\" stroke-dashoffset=\"301.6px\" style=\"stroke-dashoffset: 301.593px;\"><\/circle><\/svg> <div  class=\"circle-content\"><h2  class=\"font-100\" data-min=\"0\" data-max=\"100\" data-stop=\"100\" data-prefix=\"\" data-suffix=\"%\" data-countup=\"true\" data-duration=\"2000\" _msttexthash=\"19877\" _msthash=\"3945\"><\/h2> <p ><span  style=\"color: rgb(52, 58, 64);\" _msttexthash=\"21762\" _msthash=\"3946\">2024<\/span><\/p><\/div> <\/div><\/div><div  class=\"col-xs-12 col-sm-4 space-bottom-small col-padding-xs col-md-3\"> <div  class=\"circle-counter color6\"> <svg  class=\"circle-svg\" viewBox=\"0 0 100 100\"> <circle  r=\"48\" stroke-linecap=\"round\" cx=\"50\" cy=\"50\" fill=\"transparent\" stroke-dasharray=\"301.6\" stroke-dashoffset=\"301.6px\"><\/circle> <circle  class=\"circle-bar\" r=\"48\" stroke-linecap=\"round\" cx=\"50\" cy=\"50\" fill=\"transparent\" stroke-dasharray=\"301.6\" stroke-dashoffset=\"301.6px\" style=\"stroke-dashoffset: 301.593px;\"><\/circle><\/svg> <div  class=\"circle-content\"><h2  class=\"font-100\" data-min=\"0\" data-max=\"100\" data-stop=\"100\" data-prefix=\"\" data-suffix=\"%\" data-countup=\"true\" data-duration=\"2000\" _msttexthash=\"19877\" _msthash=\"3945\"><\/h2> <p ><span  style=\"color: rgb(52, 58, 64);\" _msttexthash=\"21762\" _msthash=\"3946\">2025<\/span><\/p><\/div> <\/div><\/div><\/div><\/div> <\/div><div  data-label=\"Overlappable\" data-id=\"overlappable--1\" data-export-id=\"overlappable-4\" data-category=\"overlappable\" class=\"overlappable-4 content-section content-section-spacing\" data-overlap=\"true\" id=\"overlappable-1\" style=\"background-color: rgb(255, 255, 255);\"><div  class=\"gridContainer\"> <div  data-type=\"row\" class=\"row spaced-cols text-center\"><div  class=\"col-xs-12 col-sm-4 col-padding\"> <i  class=\"fa icon shadow-large-black aligncenter fa-clock-o reverse round big color1\"><\/i> <div  data-type=\"column\" class=\"\"> <h5  class=\"\" _msttexthash=\"76427\" _msthash=\"3951\"><span  style=\"font-family: Helvetica, Arial, sans-serif, arial, helvetica, sans-serif; font-weight: 600; color: rgb(34, 34, 34);\">Dur\u00e9e<\/span><\/h5> <p  class=\"\"><span  style=\"color: rgb(34, 34, 34); font-weight: 400;\" _msttexthash=\"42458\" _msthash=\"3952\">2 ans<\/span><\/p><\/div> <\/div> <div  class=\"col-xs-12 col-sm-4 col-padding\"> <i  class=\"fa icon shadow-large-black aligncenter fa-calendar reverse round big color1\"><\/i> <div  data-type=\"column\" class=\"\"><h5  class=\"\" _msttexthash=\"78481\" _msthash=\"3953\"><span  style=\"font-family: Helvetica, Arial, sans-serif, arial, helvetica, sans-serif; font-weight: 600; color: rgb(34, 34, 34);\">Rythme<\/span><\/h5> <p  class=\"\" _msttexthash=\"1170390\" _msthash=\"3954\"><span  style=\"color: rgb(34, 34, 34); font-weight: 400;\">2 jours en formation\n<\/span><br ><span  style=\"color: rgb(34, 34, 34); font-weight: 400;\">3 jours en entreprise<\/span><\/p><\/div> <\/div> <div  class=\"col-xs-12 col-sm-4 col-padding\"> <i  class=\"fa icon shadow-large-black aligncenter fa-align-justify reverse round big color1\"><\/i> <div  data-type=\"column\" class=\"\"><h5  class=\"\" _msttexthash=\"110760\" _msthash=\"3955\"><span  style=\"font-family: Helvetica, Arial, sans-serif, arial, helvetica, sans-serif; font-weight: 600; color: rgb(34, 34, 34);\">Cr\u00e9dits<\/span><\/h5> <p  class=\"\"><span  style=\"color: rgb(34, 34, 34); font-weight: 400;\" _msttexthash=\"60957\" _msthash=\"3956\">120 ECTS<\/span><\/p><\/div> <\/div><div  class=\"col-xs-12 col-sm-4 col-padding\"> <i  class=\"fa icon shadow-large-black aligncenter fa-graduation-cap reverse round big color1\"><\/i> <div  data-type=\"column\" class=\"\"> <h5  class=\"\" _msttexthash=\"47359\" _msthash=\"3957\"><span  style=\"font-family: Helvetica, Arial, sans-serif, arial, helvetica, sans-serif; font-weight: 600; color: rgb(34, 34, 34);\">Accessible<\/span><\/h5> <p  class=\"\"><span  style=\"color: rgb(34, 34, 34); font-weight: 400;\" _msttexthash=\"20605\" _msthash=\"3958\">Baccalaur\u00e9at<\/span><\/p><\/div> <\/div><div  class=\"col-xs-12 col-sm-4 col-padding\"> <i  class=\"fa icon shadow-large-black aligncenter fa-building reverse round big color1\"><\/i> <div  data-type=\"column\" class=\"\"> <h5  class=\"\" _msttexthash=\"78169\" _msthash=\"3959\"><span  style=\"font-family: Helvetica, Arial, sans-serif, arial, helvetica, sans-serif; font-weight: 600; color: rgb(34, 34, 34);\">Campus<\/span><\/h5> <p  class=\"\" _msttexthash=\"5820139\" _msthash=\"3960\"><span  style=\"color: rgb(34, 34, 34);\">Chalon Formation et Dijon Formation<\/span><br ><span  style=\"color: rgb(34, 34, 34);\">\nNos campus sont accessibles aux personnes \u00e0 mobilit\u00e9 r\u00e9duite<\/span><\/p><\/div> <\/div><div  class=\"col-xs-12 col-sm-4 col-padding\"> <i  class=\"fa icon shadow-large-black aligncenter fa-folder reverse round big color1\"><\/i> <div  data-type=\"column\" class=\"\"> <h5  class=\"\" _msttexthash=\"74399\" _msthash=\"3961\"><span  style=\"font-family: Helvetica, Arial, sans-serif, arial, helvetica, sans-serif; font-weight: 600; color: rgb(34, 34, 34);\">Contrats<\/span><\/h5> <p  class=\"\" _msttexthash=\"4248088\" _msthash=\"3962\"><span  style=\"color: rgb(34, 34, 34); font-weight: 400;\">Contrat d\u2019Apprentissage<\/span><br ><span  style=\"color: rgb(34, 34, 34); font-weight: 400;\">\nContrat de Professionnalisation<\/span><br ><span  style=\"color: rgb(34, 34, 34); font-weight: 400;\">\nPRO A<\/span><br ><span  style=\"color: rgb(34, 34, 34); font-weight: 400;\">\nCPF<\/span><\/p><\/div> <\/div><\/div> <\/div><\/div><div  data-label=\"Features\" data-id=\"features--1\" data-export-id=\"features-13\" data-category=\"features\" class=\"features-13 content-section content-section-spacing\" id=\"features-1\" style=\"background-color: rgb(255, 255, 255);\"><div  class=\"gridContainer\"> <div  class=\"row text-center\"><div  class=\"section-title-col\" data-type=\"column\">  <\/div> <\/div> <div  class=\"row spaced-cols content-center-sm\" data-type=\"row\"> <div  class=\"col col-sm-6 col-md-3 space-bottom\"> <i  class=\"fa icon fa-paper-plane bordered round big color1\"><\/i> <h4  class=\"\"><span  style=\"font-family: Helvetica, Arial, sans-serif, arial, helvetica, sans-serif; color: rgb(34, 34, 34);\">Comp\u00e9tences vis\u00e9es<\/span><\/h4> <p  class=\"\" style=\"text-align: justify;\"><span  style=\"color: rgb(34, 34, 34);\">\u2022&nbsp;Optimisation des processus administratifs<\/span><br ><span  style=\"color: rgb(34, 34, 34);\">\u2022&nbsp;Gestion de projet<\/span><br ><span  style=\"color: rgb(34, 34, 34);\">\u2022&nbsp;Collaboration \u00e0 la gestion des ressources humaines<\/span><br ><span  style=\"color: rgb(34, 34, 34);\">\u2022&nbsp;Conduire l\u2019action administrative en appui aux membres de l\u2019entit\u00e9<\/span><br ><span  style=\"color: rgb(34, 34, 34);\">\u2022&nbsp;Conduire l\u2019action administrative en gestionnaire de dossier<\/span><br ><span  style=\"color: rgb(34, 34, 34);\">\u2022&nbsp;Contribuer \u00e0 la p\u00e9rennisation des processus<\/span><br ><span  style=\"color: rgb(34, 34, 34);\">\u2022&nbsp;Rationaliser l\u2019usage des ressources de l\u2019entit\u00e9<\/span><br ><span  style=\"color: rgb(34, 34, 34);\">\u2022&nbsp;Formaliser le cadre du projet<\/span><br ><span  style=\"color: rgb(34, 34, 34);\">\u2022&nbsp;Conduire une veille informationnelle<\/span><br ><span  style=\"color: rgb(34, 34, 34);\">\u2022 Suivre et contr\u00f4ler le projet, \u00e9valuer le projet<\/span><br ><span  style=\"color: rgb(34, 34, 34);\">\u2022 G\u00e9rer la relation de travail<\/span><br ><span  style=\"color: rgb(34, 34, 34);\">\u2022&nbsp;Mettre en \u0153uvre des actions d\u2019am\u00e9lioration de la qualit\u00e9 de vie au travail<\/span><br ><span  style=\"color: rgb(34, 34, 34);\">\u2022&nbsp;Organiser les activit\u00e9s du champ des relations sociales<\/span><br ><span  style=\"color: rgb(34, 34, 34);\">\u2022&nbsp;Mobiliser les outils du d\u00e9veloppement de la performance individuelle et collective<\/span><br ><span  style=\"color: rgb(34, 34, 34);\">\u2022&nbsp;S\u2019adapter \u00e0 la situation : ma\u00eetrise des contraintes de temps, de lieu, d\u2019objectifs et d\u2019adaptation au destinataire, choix<\/span><br ><span  style=\"color: rgb(34, 34, 34);\">\ndes moyens d\u2019expression appropri\u00e9s, prise en compte de l\u2019attitude et des questions du ou des interlocuteurs<\/span><\/p> <\/div> <div  class=\"col col-sm-6 col-md-3 space-bottom\"><i  class=\"fa icon fa-align-justify bordered round big color1\"><\/i> <h4  class=\"\"><span  style=\"font-family: Helvetica, Arial, sans-serif, arial, helvetica, sans-serif; color: rgb(34, 34, 34);\">Programme de formation<\/span><\/h4> <p  class=\"\" style=\"text-align: justify;\"><span  style=\"color: rgb(34, 34, 34);\">\u2022&nbsp;Culture g\u00e9n\u00e9rale et expression<\/span><br ><span  style=\"color: rgb(34, 34, 34);\">\u2022&nbsp;Communication en langue vivante \u00e9trang\u00e8re A et B<\/span><br ><span  style=\"color: rgb(34, 34, 34);\">\u2022&nbsp;Culture \u00e9conomique, juridique et manag\u00e9riale<\/span><br ><span  style=\"color: rgb(34, 34, 34);\">\u2022&nbsp;Optimiser les processus administratifs<\/span><br ><span  style=\"color: rgb(34, 34, 34);\">\u2022&nbsp;Collaborer \u00e0 la gestion des ressources humaines<\/span><br ><span  style=\"color: rgb(34, 34, 34);\">\u2022&nbsp;G\u00e9rer des projets<\/span><\/p> <\/div> <div  class=\"col col-sm-6 col-md-3 space-bottom\"><i  class=\"fa icon fa-check-circle bordered round big color1\"><\/i> <h4  class=\"\" style=\"margin-bottom: 16px; outline-color: rgb(204, 204, 204); outline-style: solid;\"><span  style=\"font-family: Helvetica, Arial, sans-serif, arial, helvetica, sans-serif; color: rgb(34, 34, 34);\">Modalit\u00e9 d\u2019\u00e9valuations<\/span><\/h4> <p  class=\"\" style=\"text-align: justify;\"><span  style=\"color: rgb(34, 34, 34);\">\u2022 CCF (Contr\u00f4les Continus en Formation)<\/span><br ><span  style=\"color: rgb(34, 34, 34);\">\n\u2022 \u00c9preuves ponctuelles<\/span><\/p> <\/div> <div  class=\"col col-sm-6 col-md-3 space-bottom\"><i  class=\"fa icon fa-star bordered round big color1\"><\/i> <h4  class=\"\"><span  style=\"font-family: Helvetica, Arial, sans-serif, arial, helvetica, sans-serif; color: rgb(34, 34, 34);\">Emplois Accessbles<\/span><\/h4> <p  class=\"\" style=\"text-align: justify;\"><span  style=\"color: rgb(34, 34, 34);\">\u2022&nbsp;Assistant(e) de Manager<\/span><br ><span  style=\"color: rgb(34, 34, 34);\">\u2022&nbsp;Assistant(e) logistique<\/span><br ><span  style=\"color: rgb(34, 34, 34);\">\u2022&nbsp;Charg\u00e9(e) de recrutement<\/span><br ><span  style=\"color: rgb(34, 34, 34);\">\u2022&nbsp;Assistant(e) Ressources Humaines<\/span><br ><span  style=\"color: rgb(34, 34, 34);\">\u2022&nbsp;Assistant(e) commercial(e)<\/span><br ><span  style=\"color: rgb(34, 34, 34);\">\u2022&nbsp;Charg\u00e9(e) de formation<\/span><br ><span  style=\"color: rgb(34, 34, 34);\">\u2022&nbsp;Assistant(e) marketing<\/span><br ><span  style=\"color: rgb(34, 34, 34);\">\u2022&nbsp;Assistant(e) de direction<\/span><br ><span  style=\"color: rgb(34, 34, 34);\">\u2022&nbsp;Charg\u00e9(e) de relations internationales<\/span><\/p> <\/div> <\/div><\/div> <\/div><div  data-label=\"Cta\" data-id=\"cta--2\" data-export-id=\"cta-centered-section-grid\" data-category=\"cta\" class=\"cta-centered-section-grid content-section content-section-spacing-medium bg-color1 white-text\" id=\"cta-2\"><div  class=\"gridContainer\"> <div  class=\"row text-center\"><div  class=\"col-xs-12 col-sm-10 col-sm-offset-1 col-md-8 col-md-offset-2\" data-type=\"column\"> <h3  class=\"\">Pour plus d\u2019informations, pr\u00e9inscrivez-vous<\/h3>  <a  class=\"button color9 dark-text\" href=\"https:\/\/inscriptions.chalonformation.com\/registration\/index.html?campus=cf\" target=\"_blank\" data-cp-link=\"1\" data-icon=\"\" rel=\"noopener\">CAMPUS CHALON <\/a><a  class=\"button color9 dark-text\" href=\"https:\/\/inscriptions.dijonformation.com\/registration\/index.html?campus=df\" target=\"_blank\" data-cp-link=\"1\" data-icon=\"\" rel=\"noopener\">CAMPUS DIJON <\/a><\/div> <\/div><\/div> <\/div>","protected":false},"excerpt":{"rendered":"<p>T\u00e9l\u00e9charger la fiche d\u00e9taill\u00e9e de la fomation BTS Support \u00e0 l\u2019action Manag\u00e9riale T\u00c9L\u00c9CHARGER Objectifs de la formation BTS Support \u00e0 l\u2019Action Manag\u00e9rialeDans le cadre du BTS Support \u00e0 l\u2019Action Manag\u00e9riale, le professionnel \u0153uvrant au sein d\u2019une \u00e9quipe et assumant des missions \u00e0 responsabilit\u00e9s doit d\u00e9montrer une grande polyvalence et m\u00e9thodicit\u00e9. Ses fonctions englobent la gestion&hellip; <br \/> <a class=\"read-more\" href=\"https:\/\/chalonformation.com\/index.php\/bts-support-a-laction-manageriale-a-chalon-formation\/\">Read more<\/a><\/p>\n","protected":false},"author":1,"featured_media":0,"parent":0,"menu_order":0,"comment_status":"closed","ping_status":"closed","template":"pro\/page-templates\/full-width-page.php","meta":{"om_disable_all_campaigns":false,"_monsterinsights_skip_tracking":false,"_monsterinsights_sitenote_active":false,"_monsterinsights_sitenote_note":"","_monsterinsights_sitenote_category":0,"_uf_show_specific_survey":0,"_uf_disable_surveys":false,"footnotes":""},"class_list":["post-34","page","type-page","status-publish","hentry"],"_links":{"self":[{"href":"https:\/\/chalonformation.com\/index.php\/wp-json\/wp\/v2\/pages\/34","targetHints":{"allow":["GET"]}}],"collection":[{"href":"https:\/\/chalonformation.com\/index.php\/wp-json\/wp\/v2\/pages"}],"about":[{"href":"https:\/\/chalonformation.com\/index.php\/wp-json\/wp\/v2\/types\/page"}],"author":[{"embeddable":true,"href":"https:\/\/chalonformation.com\/index.php\/wp-json\/wp\/v2\/users\/1"}],"replies":[{"embeddable":true,"href":"https:\/\/chalonformation.com\/index.php\/wp-json\/wp\/v2\/comments?post=34"}],"version-history":[{"count":36,"href":"https:\/\/chalonformation.com\/index.php\/wp-json\/wp\/v2\/pages\/34\/revisions"}],"predecessor-version":[{"id":2802,"href":"https:\/\/chalonformation.com\/index.php\/wp-json\/wp\/v2\/pages\/34\/revisions\/2802"}],"wp:attachment":[{"href":"https:\/\/chalonformation.com\/index.php\/wp-json\/wp\/v2\/media?parent=34"}],"curies":[{"name":"wp","href":"https:\/\/api.w.org\/{rel}","templated":true}]}}