{"id":435,"date":"2023-11-02T13:17:38","date_gmt":"2023-11-02T12:17:38","guid":{"rendered":"https:\/\/chalonformation.com\/?page_id=435"},"modified":"2025-04-25T16:53:58","modified_gmt":"2025-04-25T14:53:58","slug":"chalon-formation","status":"publish","type":"page","link":"https:\/\/chalonformation.com\/index.php\/chalon-formation\/","title":{"rendered":"Chalon Formation"},"content":{"rendered":"<div  data-label=\"Content\" data-id=\"content--1\" data-export-id=\"content-16\" data-category=\"content\" class=\"content-16 content-section content-section-spacing\" id=\"content-1\" style=\"background-color: rgb(255, 255, 255);\"><div  class=\"gridContainer\"> <div  class=\"row middle-sm\"><div  class=\"col-sm-6 space-bottom-xs\" data-type=\"column\">  <h2  class=\"\"><span  style=\"color: rgb(34, 34, 34);\">Bienvenue \u00e0 Chalon Formation, Dijon Formation et ISMACC<\/span><\/h2><h5  class=\"\"><span  style=\"font-family: Helvetica, Arial, sans-serif, arial, helvetica, sans-serif; font-weight: 600; color: rgb(34, 34, 34);\">ISMACC: Institut Sup\u00e9rieur de Management, Administration, Commerce et Communication)<\/span><\/h5><p  class=\"\" style=\"text-align: justify;\"><span style=\"color: rgb(34, 34, 34);\" >Depuis 25 ans, nos \u00e9coles sup\u00e9rieures 100 % alternance \u2013 Chalon Formation, Dijon Formation et ISMACC \u2013 s\u2019inscrivent comme des acteurs incontournables de la formation sup\u00e9rieure en alternance en r\u00e9gion Bourgogne Franche-Comt\u00e9. Chaque ann\u00e9e, plus de 600 candidats sur les campus de Chalon-sur-Sa\u00f4ne et Dijon nous font confiance pour les accompagner dans la construction de leur projet acad\u00e9mique et professionnel.\n<\/span><br ><br ><span style=\"color: rgb(34, 34, 34);\" >\nVous \u00eates actuellement \u00e9tudiant, en r\u00e9orientation, ou d\u00e9j\u00e0 en activit\u00e9 professionnelle, \u00e0 la recherche d\u2019un BTS (Bac+2), d\u2019un Bachelor, d\u2019une Licence, d\u2019un DCG (Bac+3) ou d\u2019un Mast\u00e8re (Bac+5) en alternance ? Vous \u00eates au bon endroit pour trouver une formation dipl\u00f4mante adapt\u00e9e \u00e0 vos ambitions.\n<\/span><br ><br ><span style=\"color: rgb(34, 34, 34);\" >\nVous \u00eates une entreprise d\u00e9sireuse d\u2019accueillir un alternant motiv\u00e9 et form\u00e9 aux exigences du terrain ? Nos deux campus proposent des fili\u00e8res de formation professionnalisantes avec des rythmes d\u2019alternance vari\u00e9s. \u00c0 vous de choisir la formule qui correspond \u00e0 vos besoins.<\/span><\/p> <a  class=\"button color1\" href=\"https:\/\/chalonformation.com\/index.php\/toutes-nos-formations\" target=\"_blank\" data-cp-link=\"1\" data-icon=\"\" rel=\"noopener\">CHALON FORMATION : 11 FORMATIONS DE BAC+2 \u00c0 BAC+5<\/a><a  class=\"button color1\" href=\"https:\/\/dijonformation.com\/index.php\/toutes-nos-formations\" target=\"_blank\" data-cp-link=\"1\" data-icon=\"\" rel=\"noopener\">DIJON FORMATION : 17 FORMATIONS de BAC+2 \u00c0 BAC+5<\/a><\/div> <div  class=\"col-sm-6 flexbox around-xs top-xs space-top-xs space-bottom-xs\"><div  class=\"overlay-box flexbox middle-xs center-xs overlay-holder\"> <div  class=\"overlay-box-offset offset-border shadow-medium border-color2 hide-xs\"><\/div> <a  data-cp-link=\"1\" href=\"#\"><img  decoding=\"async\" class=\"flexbox shadow-large img1\" data-size=\"500x500\" src=\"https:\/\/chalonformation.com\/wp-content\/uploads\/2024\/03\/cropped-Facade_ISMACC-scaled-1.jpg\" title=\"Facade_ISMACC\" alt=\"B\u00e2timent Chalon Formation - ISMACC\"><\/a><\/div> <\/div><\/div> <\/div><\/div><div  data-label=\"Content\" data-id=\"content--2\" data-export-id=\"content-15\" data-category=\"content\" class=\"content-15 content-section content-section-spacing\" id=\"content-2\" style=\"background-color: rgb(245, 250, 253);\"><div  class=\"gridContainer\"> <div  class=\"row middle-sm\"><div  class=\"col-sm-6 flexbox around-xs top-xs space-bottom-xs space-top-xs\"> <div  class=\"overlay-box flexbox middle-xs center-xs overlay-holder\"><div  class=\"overlay-box-offset offset-border shadow-medium border-color2 hide-xs\"><\/div> <img  decoding=\"async\" class=\"flexbox shadow-large img1\" data-size=\"500x500\" src=\"https:\/\/chalonformation.com\/wp-content\/uploads\/2024\/03\/cropped-cropped-cropped-young-colleagues-giving-high-five-each-other-scaled-1.jpg\" title=\"young-colleagues-giving-high-five-each-other\" alt=\"Qui sommes nous ? Une \u00e9cole sup\u00e9rieure de formation sp\u00e9cialis\u00e9 en 100% alternance\"><\/div> <\/div> <div  class=\"col-sm-6\" data-type=\"column\">  <h2  class=\"\"><span  style=\"font-weight: 600; color: rgb(34, 34, 34);\">\ufeffQui sommes nous\u202f?<\/span><\/h2><h4  class=\"\"><span  style=\"font-family: Helvetica, Arial, sans-serif, arial, helvetica, sans-serif; color: rgb(34, 34, 34);\">Notre implantation<\/span><\/h4> <p  class=\"\" style=\"text-align: justify;\"><span  style=\"color: rgb(34, 34, 34);\">\u2022 Le campus de Chalon est situ\u00e9 au coeur de la ville de Chalon-sur-Sa\u00f4ne en S\u00e2one-et-Loire (71).\n<\/span><br ><span  style=\"color: rgb(34, 34, 34);\">\u2022 Le campus de Dijon est situ\u00e9 \u00e0 Qu\u00e9tigny, dans l\u2019agglom\u00e9ration de Dijon en C\u00f4te-d\u2019Or (21).<\/span><br ><span  style=\"color: rgb(34, 34, 34);\">\n\u2022 L\u2019Institut du Management ISMACC est li\u00e9 \u00e0 nos 2 campus. Il est donc pr\u00e9sent \u00e0 Dijon Formation et \u00e0 Chalon Formation.<\/span><\/p><h4  class=\"\"><span  style=\"font-family: Helvetica, Arial, sans-serif, arial, helvetica, sans-serif; color: rgb(34, 34, 34);\">Nos \u00e9quipes<\/span><\/h4><p  class=\"\" style=\"text-align: justify;\"><span  style=\"color: rgb(34, 34, 34);\">Nos \u00e9coles se d\u00e9marquent gr\u00e2ce \u00e0 l\u2019accompagnement de l\u2019\u00e9quipe p\u00e9dagogique et administrative aupr\u00e8s des \u00e9tudiants et des entreprises. Notre environnement \u00e0 taille humaine favorise la communication entre l\u2019\u00e9quipe administrative, les intervenants ext\u00e9rieurs, les formateurs et les \u00e9tudiants en alternance, assurant donc la bonne circulation d\u2019informations et une dynamique sociale agr\u00e9able.<\/span><\/p><h4  class=\"\"><span  style=\"font-family: Helvetica, Arial, sans-serif, arial, helvetica, sans-serif; color: rgb(34, 34, 34);\">Nos dipl\u00f4mes reconnus au RNCP: 0 \u20ac de frais<\/span><\/h4><p  class=\"\" style=\"text-align: justify;\"><span  style=\"color: rgb(34, 34, 34);\">Toutes les formations dispens\u00e9es dans nos \u00e9coles sont reconnues par le RNCP (R\u00e9pertoire National des Certifications Professionnelles).\ufeff Nos formations permettent aussi aux \u00e9tudiants de s\u2019exercer \u00e0 l\u2019\u00e9chelle nationale en particpant \u00e0 des Business Games et comp\u00e9titions nationales.<\/span><br ><span  style=\"color: rgb(34, 34, 34);\">\nToutes nos formations sont dispens\u00e9es sans frais de scolarit\u00e9 pour les alternants, de l\u2019inscription jusqu\u2019\u00e0 l\u2019obtention du dipl\u00f4me.<\/span><\/p><h4  class=\"\"><span  style=\"font-family: Helvetica, Arial, sans-serif, arial, helvetica, sans-serif; color: rgb(34, 34, 34);\">Notre accompagnement<\/span><\/h4><p  class=\"\" style=\"text-align: justify;\"><span  style=\"color: rgb(34, 34, 34);\">Nous accompagnons nos alternants vers la r\u00e9ussite de leurs projets acad\u00e9miques et professionnels. Chalon Formation, Dijon Formation et ISMACC assurent:<\/span><br ><span  style=\"color: rgb(34, 34, 34);\">\n\u2022 Un entretien individuel avant l\u2019inscription<\/span><br ><span  style=\"color: rgb(34, 34, 34);\">\n\u2022 Un accompagnement pour la recherche d\u2019entreprise et pendant la formation<\/span><br ><span  style=\"color: rgb(34, 34, 34);\">\n\u2022 Le pr\u00eat de mat\u00e9riel (ordinateur portable \u00e0 l\u2019ann\u00e9e, Pack Office, Word, Excel\u2026)<\/span><\/p><h4  class=\"\"><span  style=\"font-family: Helvetica, Arial, sans-serif, arial, helvetica, sans-serif; color: rgb(34, 34, 34);\">Notre objectif<\/span><\/h4><p  class=\"\" style=\"text-align: justify;\"><span  style=\"color: rgb(34, 34, 34);\">Notre \u00e9quipe assure \u00e9galement un suivi appuy\u00e9 tout au long de la formation:<\/span><br ><span  style=\"color: rgb(34, 34, 34);\">\n\u2022 Bilan d\u2019int\u00e9gration en entreprise<\/span><br ><span  style=\"color: rgb(34, 34, 34);\">\n\u2022 Rendez-vous avec les tuteurs en entreprise<\/span><br ><span  style=\"color: rgb(34, 34, 34);\">\n\u2022 Suivi du projet professionnel et p\u00e9dagogique<\/span><br ><span  style=\"color: rgb(34, 34, 34);\">\n\u2022 Accompagnement individualis\u00e9 tout au long de la formation<\/span><br ><span  style=\"color: rgb(34, 34, 34);\">\n\u2022 Bilan semestriel<\/span><\/p><\/div> <\/div><\/div> <\/div><div  data-label=\"Content\" data-id=\"content--3\" data-export-id=\"content-16\" data-category=\"content\" class=\"content-16 content-section content-section-spacing\" id=\"content-3\" style=\"background-color: rgb(255, 255, 255);\"><div  class=\"gridContainer\"> <div  class=\"row middle-sm\"><div  class=\"col-sm-6 space-bottom-xs\" data-type=\"column\">   <h2  class=\"\"><span  style=\"color: rgb(34, 34, 34);\">L\u2019approche 100% alternance<\/span><\/h2><p  class=\"\" style=\"text-align: justify;\"><span  style=\"color: rgb(34, 34, 34);\">Nos formateurs diplom\u00e9s d\u2019Etat et intervenants professionnels guident nos \u00e9tudiants tout au long de leur parcours acad\u00e9mique en s\u2019appuyant sur leur expertise et leur exp\u00e9rience professionnelle.\n<\/span><br ><br ><span  style=\"color: rgb(34, 34, 34);\">\nNos dipl\u00f4mes de Bac+2 \u00e0 Bac+5, reconnus au RNCP m\u00ealant th\u00e9orie \u00e0 l\u2019\u00e9cole et pratique en entreprise, renforcent de fa\u00e7on significative l\u2019employabilit\u00e9 des \u00e9tudiants \u00e0 la fin de la formation.\n<\/span><br ><br ><span  style=\"color: rgb(34, 34, 34);\">\nChalon Formation, Dijon Formation et ISMACC pr\u00e9parent aux BTS (Bac+2), Bachelors et Licences (Bac+3) et Mast\u00e8re (Bac+5) dans les fili\u00e8res suivantes : Administratif, Assurance, Banque, Commerce, Communication, Comptabilit\u00e9, Gestion, Informatique, Management, Marketing, Vente, Ressources Humaines.<\/span><\/p><\/div> <div  class=\"col-sm-6 flexbox around-xs top-xs space-top-xs space-bottom-xs\"><div  class=\"overlay-box flexbox middle-xs center-xs overlay-holder\"> <div  class=\"overlay-box-offset offset-border shadow-medium border-color2 hide-xs\"><\/div> <img  decoding=\"async\" class=\"flexbox shadow-large img1\" data-size=\"500x500\" src=\"https:\/\/chalonformation.com\/wp-content\/uploads\/2024\/03\/cropped-people-2557396_1280.jpg\" title=\"cropped-people-2557396_1280.jpg\" alt=\"L'approche 100% alternance \u00e0 Chalon Formation\"><\/div> <\/div><\/div> <\/div><\/div><div  data-label=\"Content\" data-id=\"content--4\" data-export-id=\"content-15\" data-category=\"content\" class=\"content-15 content-section content-section-spacing\" id=\"content-4\" style=\"background-color: rgb(245, 250, 253);\"><div  class=\"gridContainer\"> <div  class=\"row middle-sm\"><div  class=\"col-sm-6 flexbox around-xs top-xs space-bottom-xs space-top-xs\"> <div  class=\"overlay-box flexbox middle-xs center-xs overlay-holder\"><div  class=\"overlay-box-offset offset-border shadow-medium border-color2 hide-xs\"><\/div> <img  decoding=\"async\" class=\"flexbox shadow-large img1\" data-size=\"500x500\" src=\"https:\/\/chalonformation.com\/wp-content\/uploads\/2024\/03\/cropped-tassels-6285329_1280.jpg\" title=\"cropped-tassels-6285329_1280.jpg\" alt=\"S'orienter apr\u00e8s le Bac Formation Post Bac\"><\/div> <\/div> <div  class=\"col-sm-6\" data-type=\"column\">  <h2  class=\"\"><span  style=\"color: rgb(34, 34, 34);\">Postbac, Bac+2 : s\u2019orienter apr\u00e8s le Bac<\/span><\/h2><p  class=\"\" style=\"text-align: justify;\"><span style=\"color: rgb(34, 34, 34);\" >Vous \u00eates \u00e9tudiant en postbac ou en reconversion professionnelle ? Vous souhaitez poursuivre vos \u00e9tudes dans le sup\u00e9rieur en Bourgogne Franche-Comt\u00e9 ? L\u2019alternance vous permet d\u2019\u00e9tudier et de travailler en \u00e9tant r\u00e9mun\u00e9r\u00e9.\n<\/span><br ><br ><span style=\"color: rgb(34, 34, 34);\" >\nApr\u00e8s l\u2019obtention de votre Baccalaur\u00e9at, de nouvelles opportunit\u00e9s s\u2019offrent \u00e0 vous.  Comment choisir votre formation postbac ? Dans quelle voie s\u2019orienter ? Dans quelle fili\u00e8re vous \u00e9panouir ?<\/span><br ><span style=\"color: rgb(34, 34, 34);\" >Chalon Formation, Dijon Formation et ISMACC sont l\u00e0 pour vous guider \u00e0 travers ces interrogations courantes.\n<\/span><br ><br ><span style=\"color: rgb(34, 34, 34);\" >\nNos conseillers en formation vous accompagnent d\u00e8s le premier entretien jusqu\u2019\u00e0 l\u2019obtention de votre dipl\u00f4me. Nous proposons 8 fili\u00e8res de BTS en Bac+2: Administratif\ufeff, Assurance, Communication, Comptabilit\u00e9 et Gestion, Gestion de la PME, Informatique, Commerce, N\u00e9gociation client.\n<\/span><br ><br ><span style=\"color: rgb(34, 34, 34);\" >\nNos Bac+2 premi\u00e8re ann\u00e9e b\u00e9n\u00e9ficient aussi d\u2019un programme appel\u00e9 \u00ab Journ\u00e9es de l\u2019apprenti \u00bb ayant lieu une fois par mois, journ\u00e9es lors desquelles ils participent \u00e0 des activt\u00e9s \u00e0 th\u00e8mes tr\u00e8s vari\u00e9s comme la sensibilisation au bien \u00eatre animal, au don de sang et d\u2019organes, aux nouvelles technologies comme la r\u00e9alit\u00e9 virtuelle, aux arts et \u00e0 la culture etc\u2026<\/span><\/p> <\/div> <\/div><\/div> <\/div><div  data-label=\"Content\" data-id=\"content--5\" data-export-id=\"content-16\" data-category=\"content\" class=\"content-16 content-section content-section-spacing\" id=\"content-5\" style=\"background-color: rgb(255, 255, 255);\"><div  class=\"gridContainer\"> <div  class=\"row middle-sm\"><div  class=\"col-sm-6 space-bottom-xs\" data-type=\"column\">  <h2  class=\"\"><span  style=\"color: rgb(34, 34, 34);\">Bac+3 : Bachelors et Licences\ufeff<\/span><\/h2><p  class=\"\" style=\"text-align: justify;\"><span style=\"color: rgb(34, 34, 34);\" >Vous souhaitez poursuivre vos \u00e9tudes en Bachelor ou Licence (Bac+3) et continuer de d\u00e9velopper vos comp\u00e9tences gr\u00e2ce \u00e0 nos programmes de formations\u202f?\n<\/span><br ><br ><span style=\"color: rgb(34, 34, 34);\" >\nLe niveau Bac+3 repr\u00e9sente un niveau essentiel dans le parcours acad\u00e9mique des \u00e9tudiants. \u00c0 ce stade, vous avez d\u00e9j\u00e0 acquis des bases solides, et il est temps de choisir une sp\u00e9cialisation qui fa\u00e7onnera votre avenir professionnel.\n<\/span><br ><br ><span style=\"color: rgb(34, 34, 34);\" >Chalon Formation, Dijon Formation et ISMACC proposent 9 domaines d\u2019\u00e9tudes\u202f: Banque et Assurance, Commerce, Communication, Comptabilit\u00e9 DCG, Gestion, Informatique, Management, Marketing, Vente.<\/span><\/p> <\/div> <div  class=\"col-sm-6 flexbox around-xs top-xs space-top-xs space-bottom-xs\"><div  class=\"overlay-box flexbox middle-xs center-xs overlay-holder\"> <div  class=\"overlay-box-offset offset-border shadow-medium border-color2 hide-xs\"><\/div> <img  decoding=\"async\" class=\"flexbox shadow-large img1\" data-size=\"500x500\" src=\"https:\/\/chalonformation.com\/wp-content\/uploads\/2024\/03\/cropped-medium-shot-smiley-graduate-student-scaled-1.jpg\" title=\"medium-shot-smiley-graduate-student\" alt=\"Le Niveau Bac 3 - Les Licences\"><\/div> <\/div><\/div> <\/div><\/div><div  data-label=\"Content\" data-id=\"content--6\" data-export-id=\"content-15\" data-category=\"content\" class=\"content-15 content-section content-section-spacing\" id=\"content-6\" style=\"background-color: rgb(245, 250, 253);\"><div  class=\"gridContainer\"> <div  class=\"row middle-sm\"><div  class=\"col-sm-6 flexbox around-xs top-xs space-bottom-xs space-top-xs\"> <div  class=\"overlay-box flexbox middle-xs center-xs overlay-holder\"><div  class=\"overlay-box-offset offset-border shadow-medium border-color2 hide-xs\"><\/div> <img  decoding=\"async\" class=\"flexbox shadow-large img1\" data-size=\"500x500\" src=\"https:\/\/chalonformation.com\/wp-content\/uploads\/2024\/03\/cropped-group-colleagues-with-diploma-scaled-1.jpg\" title=\"group-colleagues-with-diploma\" alt=\"Le Niveau Bac 5 - Le Manager Sp\u00e9cialis\u00e9 \u00e0 Chalon Formation\"><\/div> <\/div> <div  class=\"col-sm-6\" data-type=\"column\"> <h2  class=\"\"><span  style=\"color: rgb(34, 34, 34);\">Bac+5 : Managers et Mat\u00e8re europ\u00e9en<\/span><\/h2> <p  class=\"\" style=\"text-align: justify;\"><span  style=\"color: rgb(34, 34, 34);\">Les Bac+5 repr\u00e9sentent une voie d\u2019excellence. Ils sont comme tous les dipl\u00f4mes dispens\u00e9s dans nos \u00e9coles reconnus par le RNCP (Registre National des Certifications Professionnelles) et sont con\u00e7us en collaboration avec des entreprises et des experts du secteur, ces programmes de formations sont hautement pertinents sur le march\u00e9 du travail pour acc\u00e9der \u00e0 des postes \u00e0 responsabilit\u00e9s dans les domaines suivants: Commerce, Marketing, Gestion, Management et Ressources Humaines\u2026<\/span><\/p> <\/div> <\/div><\/div> <\/div><div  data-label=\"Content\" data-id=\"content--10\" data-export-id=\"content-2\" data-category=\"content\" class=\"content-2 content-section content-section-spacing\" id=\"content-10\" style=\"background-color: rgb(245, 250, 253);\"><div > <div  class=\"row middle-xs\"><div  class=\"col-sm-5 bg-image shadow-large-black\" data-bg=\"image\" style=\"background-image: url(&quot;https:\/\/chalonformation.com\/wp-content\/uploads\/2024\/03\/cropped-cropped-job-4131482_1280.jpg&quot;);\"><\/div> <div  class=\"col-sm-7 full-col-left-padding full-col-right-padding\"> <div  class=\"row\"> <div  data-type=\"column\" class=\"space-bottom-small content-title-col\">  <h2  class=\"\" style=\"text-align: center;\"><span  style=\"color: rgb(34, 34, 34);\">Alternance et entreprise :<\/span><br ><span  style=\"color: rgb(34, 34, 34);\">\nun duo gagnant<\/span><\/h2> <p  class=\"\" style=\"text-align: justify;\"><span  style=\"color: rgb(34, 34, 34);\">Vous \u00eates une entreprise d\u00e9sireuse de collaborer avec des alternants de Bac 2, Bac 3 et Bac 5 ? Prenez contact avec nos conseillers formation sur les campus de Chalon et Dijon sur S\u00e2one pour recueillir toutes les informations.<\/span><\/p><p  class=\"\" style=\"text-align: center;\"><span  style=\"color: rgb(255, 97, 0); font-weight: 600;\">Campus Chalon : 03 85 41 84 54&nbsp; &nbsp; &nbsp;|&nbsp; &nbsp; &nbsp;Campus Dijon : 03 80 48 99 99<\/span><\/p><h3  class=\"\" style=\"text-align: left;\"><span  style=\"font-weight: 600; color: rgb(34, 34, 34);\">Pourquoi faire le choix de l\u2019alternance \n<br >pour une entreprise ?<\/span><\/h3><\/div> <\/div> <div  class=\"row spaced-cols center-sm\" data-type=\"row\">  <div  class=\"col-xs-6\" data-type=\"column\"> <h5  class=\"\" style=\"text-align: center;\"><span  style=\"font-weight: 600; font-family: Helvetica, Arial, sans-serif, arial, helvetica, sans-serif; color: rgb(34, 34, 34);\">Une nouvelle dynamique<\/span><\/h5> <p  class=\"\" style=\"text-align: justify;\"><span  style=\"color: rgb(34, 34, 34);\">Les alternants apportent de nouvelles perspectives et des id\u00e9es innovantes dans l\u2019entreprise en s\u2019appuyant sur les notions novatrices des nouveaux programmes de formation.<\/span><\/p><\/div><div  class=\"col-xs-6\" data-type=\"column\"><h5  class=\"\" style=\"text-align: center;\"><span  style=\"font-family: Helvetica, Arial, sans-serif, arial, helvetica, sans-serif; font-weight: 600; color: rgb(34, 34, 34);\">Un travail d\u2019\u00e9quipe<\/span><\/h5> <p  class=\"\" style=\"text-align: justify;\"><span  style=\"color: rgb(34, 34, 34);\">L\u2019int\u00e9gration d\u2019alternants dans des \u00e9quipes peut renforcer la collaboration et favoriser un environnement de travail plus dynamique. Les tuteurs en entreprises sont plus motiv\u00e9s \u00e0 partager leur expertise et \u00e0 travailler en \u00e9troite collaboration avec les alternants pour les aider \u00e0 r\u00e9ussir.<\/span><\/p><\/div>  <div  class=\"col-xs-6\" data-type=\"column\"><h5  class=\"\" style=\"text-align: center;\"><span  style=\"font-weight: 600; color: rgb(34, 34, 34); font-family: Helvetica, Arial, sans-serif, arial, helvetica, sans-serif;\">Augmentation<\/span><br ><span  style=\"font-weight: 600; color: rgb(34, 34, 34); font-family: Helvetica, Arial, sans-serif, arial, helvetica, sans-serif;\">\nde la capacit\u00e9 de travail<\/span><\/h5> <p  class=\"\" style=\"text-align: justify;\"><span  style=\"color: rgb(34, 34, 34);\">Les alternants peuvent effectuer des t\u00e2ches essentielles qui lib\u00e8rent les employ\u00e9s plus exp\u00e9riment\u00e9s pour se concentrer sur des projets plus complexes. Cela permet d\u2019augmenter la capacit\u00e9 de travail de l\u2019entreprise. L\u2019alternance est une r\u00e9elle opportunit\u00e9 de croissance pour les entreprises mais aussi pour les alternants voulant acqu\u00e9rir de nouvelles comp\u00e9tences sur le march\u00e9 du travail.<\/span><\/p><\/div> <\/div><\/div> <\/div><\/div> <\/div><div  data-label=\"Cta\" data-id=\"cta--1\" data-export-id=\"cta-centered-section-grid\" data-category=\"cta\" class=\"cta-centered-section-grid content-section content-section-spacing-medium bg-color1 white-text\" id=\"cta-1\" style=\"background-image: none; background-color: rgb(0, 0, 0);\"><div  class=\"gridContainer\"> <div  class=\"row text-center\"><div  class=\"col-xs-12 col-sm-10 col-sm-offset-1 col-md-8 col-md-offset-2\" data-type=\"column\">   <h3  class=\"\"><\/h3><h3  class=\"\" style=\"margin-bottom: 16px; outline-color: rgb(204, 204, 204); outline-style: solid; background-color: rgb(4, 4, 4);\">Pour plus d\u2019informations, pr\u00e9inscrivez-vous<\/h3><a  class=\"button color1\" href=\"https:\/\/chalonformation.com\/index.php\/happy-hour-job-dating-de-lalternance-a-chalon-formation\" target=\"_blank\" data-cp-link=\"1\" data-icon=\"\" rel=\"noopener\">SE PR\u00c9INSCRIRE<\/a><\/div> <\/div><\/div> <\/div>","protected":false},"excerpt":{"rendered":"<p>Bienvenue \u00e0 Chalon Formation, Dijon Formation et ISMACCISMACC: Institut Sup\u00e9rieur de Management, Administration, Commerce et Communication)Depuis 25 ans, nos \u00e9coles sup\u00e9rieures 100 % alternance \u2013 Chalon Formation, Dijon Formation et ISMACC \u2013 s\u2019inscrivent comme des acteurs incontournables de la formation sup\u00e9rieure en alternance en r\u00e9gion Bourgogne Franche-Comt\u00e9. Chaque ann\u00e9e, plus de 600 candidats sur les&hellip; <br \/> <a class=\"read-more\" href=\"https:\/\/chalonformation.com\/index.php\/chalon-formation\/\">Read more<\/a><\/p>\n","protected":false},"author":1,"featured_media":0,"parent":0,"menu_order":0,"comment_status":"closed","ping_status":"closed","template":"pro\/page-templates\/full-width-page.php","meta":{"om_disable_all_campaigns":false,"_monsterinsights_skip_tracking":false,"_monsterinsights_sitenote_active":false,"_monsterinsights_sitenote_note":"","_monsterinsights_sitenote_category":0,"_uf_show_specific_survey":0,"_uf_disable_surveys":false,"footnotes":""},"class_list":["post-435","page","type-page","status-publish","hentry"],"_links":{"self":[{"href":"https:\/\/chalonformation.com\/index.php\/wp-json\/wp\/v2\/pages\/435","targetHints":{"allow":["GET"]}}],"collection":[{"href":"https:\/\/chalonformation.com\/index.php\/wp-json\/wp\/v2\/pages"}],"about":[{"href":"https:\/\/chalonformation.com\/index.php\/wp-json\/wp\/v2\/types\/page"}],"author":[{"embeddable":true,"href":"https:\/\/chalonformation.com\/index.php\/wp-json\/wp\/v2\/users\/1"}],"replies":[{"embeddable":true,"href":"https:\/\/chalonformation.com\/index.php\/wp-json\/wp\/v2\/comments?post=435"}],"version-history":[{"count":48,"href":"https:\/\/chalonformation.com\/index.php\/wp-json\/wp\/v2\/pages\/435\/revisions"}],"predecessor-version":[{"id":2544,"href":"https:\/\/chalonformation.com\/index.php\/wp-json\/wp\/v2\/pages\/435\/revisions\/2544"}],"wp:attachment":[{"href":"https:\/\/chalonformation.com\/index.php\/wp-json\/wp\/v2\/media?parent=435"}],"curies":[{"name":"wp","href":"https:\/\/api.w.org\/{rel}","templated":true}]}}