{"id":48,"date":"2023-03-06T13:59:13","date_gmt":"2023-03-06T12:59:13","guid":{"rendered":"https:\/\/www2.chalonformation.com\/?page_id=48"},"modified":"2025-04-28T09:37:30","modified_gmt":"2025-04-28T07:37:30","slug":"acces-a-la-formation","status":"publish","type":"page","link":"https:\/\/chalonformation.com\/index.php\/acces-a-la-formation\/","title":{"rendered":"Les contrats en alternance"},"content":{"rendered":"<div  data-label=\"Content\" data-id=\"content--1\" data-export-id=\"content-12\" data-category=\"content\" class=\"content-12 content-section content-section-spacing\" id=\"content-1\" style=\"background-color: rgb(245, 250, 253);\"><div  class=\"gridContainer\"> <div  class=\"row text-center\"><div  class=\"section-title-col\" data-type=\"column\">  <h2  class=\"\"><span  style=\"color: rgb(255, 97, 0); font-weight: 700;\"><br ><span style=\"font-weight: 600;\" >Toutes nos formations sont sans frais pour les \u00e9tudiants de l\u2019inscription \u00e0 l\u2019obtention du dipl\u00f4me<\/span><\/span><\/h2><h2  class=\"\"><span style=\"color: rgb(34, 34, 34);\" >Alternance : quels sont les contrats possibles ?<\/span><\/h2><\/div> <\/div> <div  class=\"row center-xs middle-xs\"> <div  class=\"col-sm-9\" data-type=\"column\"> <h4  class=\"\"><span  style=\"font-family: Helvetica, Arial, sans-serif, arial, helvetica, sans-serif; font-weight: 400; color: rgb(34, 34, 34);\">Dans le cadre d\u2019une alternance, plusieurs contrats sont propos\u00e9s: contrat d\u2019apprentissage,<\/span><br ><span  style=\"font-family: Helvetica, Arial, sans-serif, arial, helvetica, sans-serif; font-weight: 400; color: rgb(34, 34, 34);\">\ncontrat de professionnalisation, CPF et Pro-A.<\/span><\/h4><h2  class=\"\"><span style=\"color: rgb(34, 34, 34);\" >Contrat d\u2019apprentissage<\/span><br ><span style=\"color: rgb(34, 34, 34);\" >\net contrat de professionnalisation<\/span><\/h2><\/div> <\/div><\/div> <\/div><div  data-label=\"Features\" data-id=\"features--1\" data-export-id=\"features-12-card-bordered\" data-category=\"features\" class=\"features-12-card-bordered content-section content-section-spacing \" id=\"features-1\" style=\"background-color: rgb(255, 255, 255);\" data-section-ov=\"1\"><div  class=\"gridContainer\">  <div  class=\"row spaced-cols\" data-type=\"row\"> <div  class=\"col-sm-6\"> <div  class=\"card row-card bordered y-move\"> <div  class=\"row\"> <div  class=\"col-sm-fit icon-column\"> <i  class=\"fa icon fa-check bordered round color1\"><\/i> <\/div> <div  class=\"col-sm\" data-type=\"column\"> <h5  class=\"color2\"><span  style=\"color: rgb(255, 97, 0); font-family: Helvetica, Arial, sans-serif, arial, helvetica, sans-serif; font-weight: 600;\">De quoi s\u2019agit-il ?&nbsp;<\/span><\/h5> <p  class=\"\"><span style=\"color: rgb(34, 34, 34);\" >Les contrats d\u2019apprentissage ou de professionnalisation sont des contrats de travail en alternance qui permettent d\u2019associer l\u2019acquisition :<\/span><br ><span style=\"color: rgb(34, 34, 34);\" >\n\u2022 d\u2019un savoir th\u00e9orique en cours<\/span><br ><span style=\"color: rgb(34, 34, 34);\" >\n\u2022 d\u2019un savoir-faire pratique au sein d\u2019une entreprise<\/span><br ><span style=\"color: rgb(34, 34, 34);\" >\nIl vise l\u2019obtention de titres ou dipl\u00f4mes correspondant \u00e0 des qualifications enregistr\u00e9es dans le r\u00e9pertoire national des certifications professionnelles (RNCP).<\/span><\/p><\/div> <\/div><\/div> <\/div> <div  class=\"col-sm-6\"> <div  class=\"card row-card bordered y-move\"> <div  class=\"row\"> <div  class=\"col-sm-fit icon-column\"> <i  class=\"fa icon fa-credit-card-alt bordered round color1\"><\/i> <\/div> <div  class=\"col-sm\" data-type=\"column\"> <h5  class=\"color2\"><span  style=\"color: rgb(255, 97, 0); font-family: Helvetica, Arial, sans-serif, arial, helvetica, sans-serif; font-weight: 600;\">Prise en charge des frais de formation<\/span><\/h5> <p  class=\"\"><span  style=\"font-weight: 600; color: rgb(34, 34, 34);\">Aucun frais d\u2019inscription ni aucun frais de scolarit\u00e9 pour les \u00e9tudiants de&nbsp;Chalon Formation, Dijon Formation et ISMACC.<\/span><br ><span style=\"color: rgb(34, 34, 34);\" >\nLes frais p\u00e9dagogiques (c\u2019est-\u00e0-dire les frais de formation) et les frais annexes (frais de transport, repas, h\u00e9bergement) peuvent \u00eatre pris en charge par l\u2019OPCO (Op\u00e9rateur de Comp\u00e9tences). L\u2019OPCO est un organisme qui collecte la contribution financi\u00e8re revers\u00e9e par les entreprises ou directement par l\u2019entreprise de l\u2019alternant elle-m\u00eame.<\/span><\/p><\/div> <\/div><\/div> <\/div> <div  class=\"col-sm-6\"> <div  class=\"card row-card bordered y-move\"> <div  class=\"row\"> <div  class=\"col-sm-fit icon-column\"> <i  class=\"fa icon fa-clock-o bordered round color1\"><\/i> <\/div> <div  class=\"col-sm\" data-type=\"column\"> <h5  class=\"color2\"><span  style=\"color: rgb(255, 97, 0); font-family: Helvetica, Arial, sans-serif, arial, helvetica, sans-serif; font-weight: 600;\">Forme de contrat et dur\u00e9e<\/span><\/h5> <p  class=\"\"><span style=\"color: rgb(34, 34, 34);\" >Les contrats d\u2019apprentissage ou de professionnalisation doivent \u00eatre \u00e9crits et peuvent \u00eatre conclus dans le cadre d\u2019un contrat :<\/span><br ><span  style=\"color: rgb(34, 34, 34);\">&nbsp;\u2022 \u00e0 dur\u00e9e d\u00e9termin\u00e9e (CDD)<\/span><br ><span  style=\"color: rgb(34, 34, 34);\">&nbsp;\u2022 \u00e0 dur\u00e9e ind\u00e9termin\u00e9e (CDI)\n<\/span><br ><span style=\"color: rgb(34, 34, 34);\" >La p\u00e9riode d\u2019essai peut aller de 30 \u00e0 45 jours selon le type de contrat.<\/span><\/p><\/div> <\/div><\/div> <\/div> <div  class=\"col-sm-6\"> <div  class=\"card row-card bordered y-move\"> <div  class=\"row\"> <div  class=\"col-sm-fit icon-column\"> <i  class=\"fa icon fa-database bordered round color1\"><\/i> <\/div> <div  class=\"col-sm\" data-type=\"column\"> <h5  class=\"color2\"><span  style=\"color: rgb(255, 97, 0); font-family: Helvetica, Arial, sans-serif, arial, helvetica, sans-serif; font-weight: 600;\">Les r\u00e9mun\u00e9rations<\/span><\/h5> <img  decoding=\"async\" class=\"custom-image\" src=\"https:\/\/chalonformation.com\/wp-content\/uploads\/2024\/06\/Capture-decran-2024-04-17-120446.png\" title=\"R\u00e9mun\u00e9ration des contrats\" alt=\"\"><\/div> <\/div><\/div> <\/div><\/div> <\/div><\/div><div  data-label=\"Cta\" data-id=\"cta--2\" data-export-id=\"cta-blue-section\" data-category=\"cta\" class=\"cta-blue-section content-section content-section-spacing-medium bg-color1 white-text\" id=\"cta-2\"><div  class=\"gridContainer\"> <div  class=\"row middle-xs\"><div  class=\"col-sm-8 space-bottom-xs\" data-type=\"column\">  <\/div> <div  class=\"col-sm-4 end-sm\" data-type=\"column\"> <\/div> <\/div><\/div> <\/div><div  data-label=\"Features\" data-id=\"features--3\" data-export-id=\"features-12-card-bordered\" data-category=\"features\" class=\"features-12-card-bordered content-section content-section-spacing \" id=\"features-3\" style=\"background-color: rgb(255, 255, 255);\"><div  class=\"gridContainer\"> <div  class=\"row text-center\"><div  class=\"section-title-col\" data-type=\"column\"> <h2  class=\"\"><span  style=\"color: rgb(34, 34, 34);\">Compte personnel de formation (CPF)<\/span><\/h2> <\/div> <\/div> <div  class=\"row spaced-cols\" data-type=\"row\"> <div  class=\"col-sm-6\"> <div  class=\"card row-card bordered y-move\"> <div  class=\"row\"> <div  class=\"col-sm-fit icon-column\"> <i  class=\"fa icon fa-check bordered round color1\"><\/i> <\/div> <div  class=\"col-sm\" data-type=\"column\"> <h5  class=\"color2\"><span  style=\"color: rgb(255, 97, 0); font-weight: 600; font-family: Helvetica, Arial, sans-serif, arial, helvetica, sans-serif;\">Le CPF, de quoi s\u2019agit-il ?<\/span><\/h5> <p  class=\"\" style=\"text-align: justify;\"><span  style=\"color: rgb(34, 34, 34);\">Le CPF resence les informations suivantes :<\/span><br ><span  style=\"color: rgb(34, 34, 34);\">\n \u2022 Droits acquis tout au long de votre vie active et jusqu\u2019\u00e0 votre d\u00e9part \u00e0 la retraite<\/span><br ><span  style=\"color: rgb(34, 34, 34);\">\n \u2022 Formations dont vous pouvez b\u00e9n\u00e9ficier personnellement<\/span><\/p><\/div> <\/div><\/div> <\/div> <div  class=\"col-sm-6\"> <div  class=\"card row-card bordered y-move\"> <div  class=\"row\"> <div  class=\"col-sm-fit icon-column\"> <i  class=\"fa icon fa-user bordered round color1\"><\/i> <\/div> <div  class=\"col-sm\" data-type=\"column\"> <h5  class=\"color2\"><span  style=\"color: rgb(255, 97, 0); font-weight: 600; font-family: Helvetica, Arial, sans-serif, arial, helvetica, sans-serif;\">Qui est concern\u00e9 ?<\/span><span  id=\"_mce_caret\" data-mce-bogus=\"1\" data-mce-type=\"format-caret\"><span  style=\"color: rgb(255, 97, 0); font-weight: 600; font-family: Helvetica, Arial, sans-serif, arial, helvetica, sans-serif;\">\ufeff<\/span><\/span><\/h5> <p  class=\"\" style=\"text-align: justify;\"><span  style=\"color: rgb(34, 34, 34);\">Le CPF s\u2019adresse \u00e0 toute personne :<\/span><br ><span  style=\"color: rgb(34, 34, 34);\">\n \u2022 Salari\u00e9e<\/span><br ><span  style=\"color: rgb(34, 34, 34);\">\n \u2022 Fonctionnaire ou agent contractuel de la fonction publique<\/span><br ><span  style=\"color: rgb(34, 34, 34);\">\n \u2022 Membre d\u2019une profession lib\u00e9rale ou d\u2019une profession non salari\u00e9e<\/span><br ><span  style=\"color: rgb(34, 34, 34);\">\n \u2022 Conjoint collaborateur<\/span><br ><span  style=\"color: rgb(34, 34, 34);\">\n \u2022 \u00c0 la recherche d\u2019un emploi.\n<\/span><br ><span  style=\"color: rgb(34, 34, 34);\">\nLe CPF s\u2019applique aux travailleurs ind\u00e9pendants depuis le 1er janvier 2018 (leur compte sera donc visible au 1er janvier 2019).<\/span><\/p><\/div> <\/div><\/div> <\/div> <div  class=\"col-sm-6\"> <div  class=\"card row-card bordered y-move\"> <div  class=\"row\"> <div  class=\"col-sm-fit icon-column\"> <i  class=\"fa icon fa-building-o bordered round color1\"><\/i> <\/div> <div  class=\"col-sm\" data-type=\"column\"> <h5  class=\"color2\"><span  style=\"color: rgb(255, 97, 0); font-weight: 600; font-family: Helvetica, Arial, sans-serif, arial, helvetica, sans-serif;\">O\u00f9 s\u2019adresser ?<\/span><\/h5> <p  class=\"\" style=\"text-align: justify;\"><span  style=\"color: rgb(255, 97, 0);\"><a  data-mce-href=\"moncompteactivite.gouv.fr\" href=\"https:\/\/chalonformation.com\/index.php\/acces-a-la-formation\/moncompteactivite.gouv.fr\" target=\"_self\" data-mce-selected=\"inline-boundary\" data-cp-link=\"1\" rel=\"noopener\">moncompteactivite.gouv.fr<\/a><\/span>\n<br ><span style=\"color: rgb(34, 34, 34);\" >Une fois votre compte cr\u00e9\u00e9 en ligne, vous pouvez obtenir des informations sur l\u2019utilisation de votre compte CPF.<\/span><\/p><\/div> <\/div><\/div> <\/div> <div  class=\"col-sm-6\"> <div  class=\"card row-card bordered y-move\"> <div  class=\"row\"> <div  class=\"col-sm-fit icon-column\"> <i  class=\"fa icon fa-clock-o bordered round color1\"><\/i> <\/div> <div  class=\"col-sm\" data-type=\"column\"> <h5  class=\"color2\"><span  style=\"color: rgb(255, 97, 0); font-weight: 600; font-family: Helvetica, Arial, sans-serif, arial, helvetica, sans-serif;\">L\u2019utilisations de vos droits<\/span><\/h5> <p  class=\"\" style=\"text-align: justify;\"><span  style=\"color: rgb(34, 34, 34);\">&nbsp;\u2022 L\u2019utilisation du CPF rel\u00e8ve de votre seule initiative.<\/span><br ><span  style=\"color: rgb(34, 34, 34);\">&nbsp;\u2022 Votre employeur ne peut donc pas vous imposer d\u2019utiliser&nbsp; &nbsp; &nbsp; &nbsp; &nbsp;votre     CPF pour financer une formation. Il faut votre accord.<\/span><br ><span  style=\"color: rgb(34, 34, 34);\">&nbsp;\u2022 Votre refus d\u2019utiliser votre CPF ne constitue pas une faute.<\/span><br ><span  style=\"color: rgb(34, 34, 34);\">&nbsp;\u2022 Vous conservez vos droits acquis au titre du Dif, \u00e0 condition&nbsp; &nbsp; &nbsp;de     les avoir report\u00e9s \u00e0 votre CPF avant le 1er juillet 2021.<\/span><\/p><\/div> <\/div><\/div> <\/div><div  class=\"col-sm-6\"> <div  class=\"card row-card bordered y-move\"> <div  class=\"row\"> <div  class=\"col-sm-fit icon-column\"> <i  class=\"fa icon fa-tasks bordered round color1\"><\/i> <\/div> <div  class=\"col-sm\" data-type=\"column\"> <h5  class=\"color2\"><span  style=\"color: rgb(255, 97, 0); font-weight: 600; font-family: Helvetica, Arial, sans-serif, arial, helvetica, sans-serif;\">Les d\u00e9marches<\/span><\/h5> <p  class=\"\" style=\"text-align: justify;\"><span style=\"color: rgb(34, 34, 34);\" >Si le salari\u00e9 souhaite participer \u00e0 une formation se d\u00e9roulant pendant son temps de travail, il doit s\u2019adresser \u00e0 son employeur et lui demander son autorisation :\n<\/span><br  style=\"color: rgb(255, 152, 0); font-family: Helvetica, Arial, sans-serif; font-size: 17px;\"><span style=\"color: rgb(34, 34, 34);\" >\u2022 Au moins 60 jours avant le d\u00e9but de la formation si celle-ci a une dur\u00e9e inf\u00e9rieure \u00e0 6 mois<\/span><br ><span style=\"color: rgb(34, 34, 34);\" >\n \u2022 Au moins ou 120 jours avant le d\u00e9but de la formation si celle-ci a une dur\u00e9e sup\u00e9rieure \u00e0 6 mois<\/span><br ><span style=\"color: rgb(34, 34, 34);\" >\nL\u2019employeur dispose de 30 jours calendaires pour notifier sa r\u00e9ponse au salari\u00e9. L\u2019absence de r\u00e9ponse dans ce d\u00e9lai vaut acceptation de la demande de formation.\n<\/span><br ><span style=\"color: rgb(34, 34, 34);\" >\nEn revanche, lorsque la formation demand\u00e9e est suivie en dehors du temps de travail, le salari\u00e9 n\u2019a pas \u00e0 demander l\u2019accord de son employeur et peut mobiliser ses heures de formation librement. Dans ce cas, il peut faire valider sa demande de formation par un conseiller en \u00e9volution professionnelle.<\/span><\/p><\/div> <\/div><\/div> <\/div><div  class=\"col-sm-6\"> <div  class=\"card row-card bordered y-move\"> <div  class=\"row\"> <div  class=\"col-sm-fit icon-column\"> <i  class=\"fa icon fa-hand-paper-o bordered round color1\"><\/i> <\/div> <div  class=\"col-sm\" data-type=\"column\"> <h5  class=\"color2\"><span  style=\"color: rgb(255, 97, 0); font-weight: 600; font-family: Helvetica, Arial, sans-serif, arial, helvetica, sans-serif;\">La prise en charge des frais de formation<\/span><\/h5> <p  class=\"\" style=\"text-align: justify;\"><span  style=\"color: rgb(34, 34, 34);\">\u2022 Les frais p\u00e9dagogiques (c\u2019est-\u00e0-dire les frais de formation)             peuvent \u00eatre pris en charge au titre du compte personnel de           formation.\n<\/span><br ><span  style=\"color: rgb(34, 34, 34);\">\n \u2022 Les frais de mobilit\u00e9 et annexes (exemples : transport et repas)     sont exclus de cette prise en charge.<\/span><br ><span  style=\"color: rgb(34, 34, 34);\">\n \u2022 Si le CPF ne couvre pas le prix total des frais de la formation,       d\u2019autres acteurs peuvent compl\u00e9ter ce financement.<\/span><\/p><\/div> <\/div><\/div> <\/div><\/div> <\/div><\/div><div  data-label=\"Cta\" data-id=\"cta--3\" data-export-id=\"cta-blue-section\" data-category=\"cta\" class=\"cta-blue-section content-section content-section-spacing-medium bg-color1 white-text\" id=\"cta-3\"><div  class=\"gridContainer\"> <div  class=\"row middle-xs\"><div  class=\"col-sm-8 space-bottom-xs\" data-type=\"column\">  <\/div> <div  class=\"col-sm-4 end-sm\" data-type=\"column\"> <\/div> <\/div><\/div> <\/div><div  data-label=\"Features\" data-id=\"features--4\" data-export-id=\"features-12-card\" data-category=\"features\" class=\"features-12-card content-section content-section-spacing \" id=\"features-4\" style=\"background-color: rgb(255, 255, 255);\"><div  class=\"gridContainer\"> <div  class=\"row text-center\"><div  class=\"section-title-col\" data-type=\"column\"> <h2  class=\"\"><span style=\"color: rgb(34, 34, 34);\" >Pro-A<\/span><\/h2> <\/div> <\/div> <div  class=\"row spaced-cols\" data-type=\"row\"> <div  class=\"col-sm-6\"> <div  class=\"card row-card\"> <div  class=\"row\"> <div  class=\"col-sm-fit icon-column\"> <i  class=\"fa icon fa-check bordered round color1\"><\/i> <\/div> <div  class=\"col-sm\" data-type=\"column\"> <h5  class=\"color2\"><span  style=\"color: rgb(255, 97, 0); font-family: Helvetica, Arial, sans-serif, arial, helvetica, sans-serif; font-weight: 600;\">Pro-A, de quoi s\u2019agit-il ?<\/span><\/h5> <p  class=\"\" style=\"text-align: justify;\"><span style=\"color: rgb(34, 34, 34);\" >Le dispositif Pro-A vise \u00e0 favoriser l\u2019\u00e9volution professionnelle d\u2019un salari\u00e9 au sein d\u2019une entreprise ou son maintien dans l\u2019emploi. Les personnes concern\u00e9es sont les salari\u00e9s\u202fen CDI, en contrat unique d\u2019insertion \u00e0 dur\u00e9e ind\u00e9termin\u00e9e (CUI-CDI) ou en activit\u00e9 partielle, dont le niveau de qualification est inf\u00e9rieur \u00e0 Bac+3 (Licence).<\/span><\/p><\/div> <\/div><\/div> <\/div> <div  class=\"col-sm-6\"> <div  class=\"card row-card\"> <div  class=\"row\"> <div  class=\"col-sm-fit icon-column\"> <i  class=\"fa icon fa-codepen bordered round color1\"><\/i> <\/div> <div  class=\"col-sm\" data-type=\"column\"> <h5  class=\"color2\"><span  style=\"color: rgb(255, 97, 0); font-family: Helvetica, Arial, sans-serif, arial, helvetica, sans-serif; font-weight: 600;\">Les d\u00e9marches et financement<\/span><\/h5> <p  class=\"\" style=\"text-align: justify;\"><span style=\"color: rgb(34, 34, 34);\" >Le dispositif Pro-A peut \u00eatre mobilis\u00e9 \u00e0 l\u2019initiative du salari\u00e9 ou propos\u00e9 par l\u2019employeur. Le salari\u00e9 doit signer un avenant \u00e0 son contrat de travail pour la dur\u00e9e de la formation en alternance.\n<\/span><br ><br ><span style=\"color: rgb(34, 34, 34);\" >\nLes actions mises en \u0153uvre au titre de Pro-A sont financ\u00e9es, en tout ou partie, par l\u2019entreprise et\/ou l\u2019OPCO EP.<\/span><\/p><\/div> <\/div><\/div> <\/div>  <\/div> <\/div><\/div>","protected":false},"excerpt":{"rendered":"<p>Toutes nos formations sont sans frais pour les \u00e9tudiants de l\u2019inscription \u00e0 l\u2019obtention du dipl\u00f4meAlternance : quels sont les contrats possibles ? Dans le cadre d\u2019une alternance, plusieurs contrats sont propos\u00e9s: contrat d\u2019apprentissage, contrat de professionnalisation, CPF et Pro-A.Contrat d\u2019apprentissage et contrat de professionnalisation De quoi s\u2019agit-il ?&nbsp; Les contrats d\u2019apprentissage ou de professionnalisation sont&hellip; <br \/> <a class=\"read-more\" href=\"https:\/\/chalonformation.com\/index.php\/acces-a-la-formation\/\">Read more<\/a><\/p>\n","protected":false},"author":1,"featured_media":0,"parent":0,"menu_order":0,"comment_status":"closed","ping_status":"closed","template":"pro\/page-templates\/full-width-page.php","meta":{"om_disable_all_campaigns":false,"_monsterinsights_skip_tracking":false,"_monsterinsights_sitenote_active":false,"_monsterinsights_sitenote_note":"","_monsterinsights_sitenote_category":0,"_uf_show_specific_survey":0,"_uf_disable_surveys":false,"footnotes":""},"class_list":["post-48","page","type-page","status-publish","hentry"],"_links":{"self":[{"href":"https:\/\/chalonformation.com\/index.php\/wp-json\/wp\/v2\/pages\/48","targetHints":{"allow":["GET"]}}],"collection":[{"href":"https:\/\/chalonformation.com\/index.php\/wp-json\/wp\/v2\/pages"}],"about":[{"href":"https:\/\/chalonformation.com\/index.php\/wp-json\/wp\/v2\/types\/page"}],"author":[{"embeddable":true,"href":"https:\/\/chalonformation.com\/index.php\/wp-json\/wp\/v2\/users\/1"}],"replies":[{"embeddable":true,"href":"https:\/\/chalonformation.com\/index.php\/wp-json\/wp\/v2\/comments?post=48"}],"version-history":[{"count":18,"href":"https:\/\/chalonformation.com\/index.php\/wp-json\/wp\/v2\/pages\/48\/revisions"}],"predecessor-version":[{"id":2566,"href":"https:\/\/chalonformation.com\/index.php\/wp-json\/wp\/v2\/pages\/48\/revisions\/2566"}],"wp:attachment":[{"href":"https:\/\/chalonformation.com\/index.php\/wp-json\/wp\/v2\/media?parent=48"}],"curies":[{"name":"wp","href":"https:\/\/api.w.org\/{rel}","templated":true}]}}