{"id":50,"date":"2023-03-06T13:59:36","date_gmt":"2023-03-06T12:59:36","guid":{"rendered":"https:\/\/www2.chalonformation.com\/?page_id=50"},"modified":"2026-02-11T11:52:21","modified_gmt":"2026-02-11T10:52:21","slug":"nos-indicateurs-et-tarifs","status":"publish","type":"page","link":"https:\/\/chalonformation.com\/index.php\/nos-indicateurs-et-tarifs\/","title":{"rendered":"Nos indicateurs et tarifs"},"content":{"rendered":"<div  data-label=\"Content\" data-id=\"content--2\" data-export-id=\"content-12\" data-category=\"content\" class=\"content-12 content-section content-section-spacing\" id=\"content-2\" style=\"background-color: rgb(245, 250, 253);\"><div  class=\"gridContainer\"> <div  class=\"row text-center\"><div  class=\"section-title-col\" data-type=\"column\"> <h2  class=\"\"><span  style=\"color: rgb(34, 34, 34);\">Nos Tarifs<\/span><\/h2> <h4  class=\"\" style=\"text-align: justify;\"><span  style=\"font-family: Helvetica, Arial, sans-serif, arial, helvetica, sans-serif; font-weight: 400; color: rgb(34, 34, 34);\">Les formations en alternance \u00e0 Chalon Formation, Dijon Formation et ISMACC sont sans frais pour les \u00e9tudiants tout au long de leur cursus scolaire: de l\u2019inscription \u00e0 l\u2019\u00e9cole jusqu\u2019\u00e0 l\u2019obtention du dipl\u00f4me. C\u00f4t\u00e9 entreprise, les formations engag\u00e9es en contrat d\u2019apprentissage ou contrat de professionnalisation peuvent \u00eatre prises en charge par les OPCO. Le montant de ces prises en charge sont d\u00e9finies par France Comp\u00e9tences. Pour les contrats de professionalisation, veuillez contacter un de nos conseillers.<\/span><\/h4><a  class=\"button color1\" href=\"https:\/\/www.francecompetences.fr\/referentiels-et-bases-de-donnees\" target=\"_blank\" data-cp-link=\"1\" data-icon=\"\" rel=\"noopener\">VOIR LES GRILLES FRANCE COMP\u00c9TENCES <\/a><h4  class=\"\"><span  style=\"font-family: Helvetica, Arial, sans-serif, arial, helvetica, sans-serif; color: rgb(34, 34, 34);\">Pour obtenir un devis, contactez nos conseillers formation<\/span><\/h4><a  class=\"button color1\" href=\"mailto:acceuil@chalonformation.com\" target=\"_blank\" data-cp-link=\"1\" data-icon=\"\" rel=\"noopener\">ENVOYER UN MAIL<\/a><a  class=\"button color1\" href=\"#\" target=\"_self\" data-cp-link=\"1\" data-icon=\"\" rel=\"noopener\">03 85 41 84 54<\/a><h6  class=\"\"><span  style=\"text-decoration: underline; font-family: Helvetica, Arial, sans-serif, arial, helvetica, sans-serif; font-weight: 600; color: rgb(34, 34, 34);\">Se r\u00e9f\u00e9rer \u00e0 la page du site France Comp\u00e9tences<\/span><\/h6><\/div> <\/div> <div  class=\"row center-xs middle-xs\"> <div  class=\"col-sm-9\" data-type=\"column\"> <\/div> <\/div><\/div> <\/div><div  data-label=\"Clients\" data-id=\"clients--1\" data-export-id=\"clients-2\" data-category=\"clients\" class=\"clients-2 content-section content-section-spacing\" id=\"clients-1\" style=\"background-color: rgb(255, 255, 255);\"><div  class=\"gridContainer\"> <div  class=\"row\"><div  class=\"section-title-col\" data-type=\"column\"> <h2  class=\"font-700\"><span  style=\"font-weight: 600; color: rgb(34, 34, 34);\">Nos certifications<\/span><\/h2> <p  class=\"lead\"><span  style=\"font-weight: 600; color: rgb(34, 34, 34);\">Les certifications attestent de la qualit\u00e9 et de la pertinence de nos programmes.<\/span><\/p><\/div> <\/div> <div  class=\"row center-xs spaced-cols padding-lr\" data-type=\"row\"> <div  class=\"col-xs-6 col-sm-3\"> <img  decoding=\"async\" src=\"https:\/\/chalonformation.com\/wp-content\/uploads\/2024\/06\/DATADOCK.png\" class=\"\" title=\"DATADOCK\" alt=\"\"><\/div> <div  class=\"col-xs-6 col-sm-3\"> <img  decoding=\"async\" src=\"https:\/\/chalonformation.com\/wp-content\/uploads\/2024\/06\/cropped-cropped-EDUSIGN-CERTIFICATE-SITE.png\" class=\"\" title=\"cropped-cropped-EDUSIGN-CERTIFICATE-SITE.png\" alt=\"\"><\/div> <div  class=\"col-xs-6 col-sm-3\"> <img  decoding=\"async\" src=\"https:\/\/chalonformation.com\/wp-content\/uploads\/2024\/06\/QUALIOPI.jpg\" class=\"\" title=\"QUALIOPI\" alt=\"\"><\/div> <div  class=\"col-xs-6 col-sm-3\"> <img  decoding=\"async\" src=\"https:\/\/chalonformation.com\/wp-content\/uploads\/2024\/06\/cropped-FRANCE-COMPETENCES.jpg\" class=\"\" title=\"cropped-FRANCE-COMPETENCES.jpg\" alt=\"\"><\/div> <\/div><\/div> <\/div><div  data-label=\"Counters\" data-id=\"counters--3\" data-export-id=\"counters-1\" data-category=\"counters\" class=\"counters-1 content-section content-section-spacing\" id=\"counters-3\" style=\"background-color: rgb(245, 250, 253);\"><div  class=\"gridContainer\"> <div  class=\"row text-center\"><div  class=\"section-title-col\" data-type=\"column\"> <h2  class=\"\"><span  style=\"color: rgb(34, 34, 34);\">Nos clients<\/span><\/h2> <\/div> <\/div> <div  class=\"row spaced-cols\" data-type=\"row\" data-fixed=\"true\"> <div  class=\"col-xs-12 col-sm-4 space-bottom-small col-padding-xs\"> <div  class=\"circle-counter color1\"> <svg  class=\"circle-svg\" viewBox=\"0 0 100 100\"> <circle  r=\"48\" stroke-linecap=\"round\" cx=\"50\" cy=\"50\" fill=\"transparent\" stroke-dasharray=\"301.6\" stroke-dashoffset=\"301.6px\"><\/circle> <circle  class=\"circle-bar\" r=\"48\" stroke-linecap=\"round\" cx=\"50\" cy=\"50\" fill=\"transparent\" stroke-dasharray=\"301.6\" stroke-dashoffset=\"301.6px\" style=\"stroke-dashoffset: 84.446px;\"><\/circle><\/svg> <div  class=\"circle-content\"><h2  class=\"font-100\" data-min=\"0\" data-max=\"100\" data-stop=\"72\" data-prefix=\"\" data-suffix=\"%\" data-countup=\"true\" data-duration=\"2000\"><\/h2> <p ><span  style=\"color: rgb(255, 97, 0);\">des entreprises<\/span><br ><span  style=\"color: rgb(255, 97, 0);\">\npartenaires actuelles<\/span><br ><span  style=\"color: rgb(255, 97, 0);\">\nont renouvel\u00e9<\/span><br ><span  style=\"color: rgb(255, 97, 0);\">\nleur confiance<\/span><\/p><\/div> <\/div><\/div>   <div  class=\"col-xs-12 col-sm-4 space-bottom-small col-padding-xs\"> <div  class=\"circle-counter color6\"> <svg  class=\"circle-svg\" viewBox=\"0 0 100 100\"> <circle  r=\"48\" stroke-linecap=\"round\" cx=\"50\" cy=\"50\" fill=\"transparent\" stroke-dasharray=\"301.6\" stroke-dashoffset=\"301.6px\"><\/circle> <circle  class=\"circle-bar\" r=\"48\" stroke-linecap=\"round\" cx=\"50\" cy=\"50\" fill=\"transparent\" stroke-dasharray=\"301.6\" stroke-dashoffset=\"301.6px\" style=\"stroke-dashoffset: 0px;\"><\/circle><\/svg> <div  class=\"circle-content\"><h2  class=\"font-100\" data-min=\"0\" data-max=\"100\" data-stop=\"100\" data-prefix=\"\" data-suffix=\"%\" data-countup=\"true\" data-duration=\"2000\"><\/h2> <p >des entreprises<br >\npartenaires sont satisfaites<br >\nde l\u2019accompagnement<br >\net du suivi propos\u00e9s<br >\npar l\u2019\u00e9cole<\/p><\/div> <\/div><\/div><div  class=\"col-xs-12 col-sm-4 space-bottom-small col-padding-xs\"> <div  class=\"circle-counter color1\"> <svg  class=\"circle-svg\" viewBox=\"0 0 100 100\"> <circle  r=\"48\" stroke-linecap=\"round\" cx=\"50\" cy=\"50\" fill=\"transparent\" stroke-dasharray=\"301.6\" stroke-dashoffset=\"301.6px\"><\/circle> <circle  class=\"circle-bar\" r=\"48\" stroke-linecap=\"round\" cx=\"50\" cy=\"50\" fill=\"transparent\" stroke-dasharray=\"301.6\" stroke-dashoffset=\"301.6px\" style=\"stroke-dashoffset: 0px;\"><\/circle><\/svg> <div  class=\"circle-content\"><h2  class=\"font-100\" data-min=\"0\" data-max=\"100\" data-stop=\"100\" data-prefix=\"\" data-suffix=\"%\" data-countup=\"true\" data-duration=\"2000\"><\/h2> <p ><span  style=\"color: rgb(255, 97, 0);\">des entreprises<\/span><br ><span  style=\"color: rgb(255, 97, 0);\">\npartenaires<\/span><br ><span  style=\"color: rgb(255, 97, 0);\">\nnous recommandent<\/span><\/p><\/div> <\/div><\/div><\/div><\/div> <\/div><div  data-label=\"Counters\" data-id=\"counters--4\" data-export-id=\"counters-1\" data-category=\"counters\" class=\"counters-1 content-section content-section-spacing\" id=\"counters-4\" style=\"background-color: rgb(255, 255, 255);\"><div  class=\"gridContainer\"> <div  class=\"row text-center\"><div  class=\"section-title-col\" data-type=\"column\"> <h2  class=\"\"><span  style=\"color: rgb(34, 34, 34);\">Taux de r\u00e9ussite en 2025<\/span><\/h2> <\/div> <\/div> <div  class=\"row spaced-cols\" data-type=\"row\" data-fixed=\"true\"> <div  class=\"col-xs-12 col-sm-4 space-bottom-small col-padding-xs\"> <div  class=\"circle-counter color1\"> <svg  class=\"circle-svg\" viewBox=\"0 0 100 100\"> <circle  r=\"48\" stroke-linecap=\"round\" cx=\"50\" cy=\"50\" fill=\"transparent\" stroke-dasharray=\"301.6\" stroke-dashoffset=\"301.6px\"><\/circle> <circle  class=\"circle-bar\" r=\"48\" stroke-linecap=\"round\" cx=\"50\" cy=\"50\" fill=\"transparent\" stroke-dasharray=\"301.6\" stroke-dashoffset=\"301.6px\" style=\"stroke-dashoffset: 33.1752px;\"><\/circle><\/svg> <div  class=\"circle-content\"><h2  class=\"font-100\" data-min=\"0\" data-max=\"100\" data-stop=\"89\" data-prefix=\"\" data-suffix=\"%\" data-countup=\"true\" data-duration=\"2000\"><\/h2> <p ><span  style=\"color: rgb(255, 97, 0);\">Bac +2<\/span><\/p><\/div> <\/div><\/div> <div  class=\"col-xs-12 col-sm-4 space-bottom-small col-padding-xs\"><div  class=\"circle-counter color6\"> <svg  class=\"circle-svg\" viewBox=\"0 0 100 100\"><circle  r=\"48\" stroke-linecap=\"round\" cx=\"50\" cy=\"50\" fill=\"transparent\" stroke-dasharray=\"301.6\" stroke-dashoffset=\"301.6px\"><\/circle> <circle  class=\"circle-bar\" r=\"48\" stroke-linecap=\"round\" cx=\"50\" cy=\"50\" fill=\"transparent\" stroke-dasharray=\"301.6\" stroke-dashoffset=\"301.6px\" style=\"stroke-dashoffset: 0px;\"><\/circle><\/svg> <div  class=\"circle-content\"><h2  class=\"font-100\" data-min=\"0\" data-max=\"100\" data-stop=\"100\" data-prefix=\"\" data-suffix=\"%\" data-countup=\"true\" data-duration=\"2000\"><\/h2> <p >Bac +3<\/p><\/div> <\/div><\/div> <div  class=\"col-xs-12 col-sm-4 space-bottom-small col-padding-xs\"><div  class=\"circle-counter color1\"> <svg  class=\"circle-svg\" viewBox=\"0 0 100 100\"><circle  r=\"48\" stroke-linecap=\"round\" cx=\"50\" cy=\"50\" fill=\"transparent\" stroke-dasharray=\"301.6\" stroke-dashoffset=\"301.6px\"><\/circle> <circle  class=\"circle-bar\" r=\"48\" stroke-linecap=\"round\" cx=\"50\" cy=\"50\" fill=\"transparent\" stroke-dasharray=\"301.6\" stroke-dashoffset=\"301.6px\" style=\"stroke-dashoffset: 0px;\"><\/circle><\/svg> <div  class=\"circle-content\"><h2  class=\"font-100\" data-min=\"0\" data-max=\"100\" data-stop=\"100\" data-prefix=\"\" data-suffix=\"%\" data-countup=\"true\" data-duration=\"2000\"><\/h2> <p ><span  style=\"color: rgb(255, 97, 0);\">Bac +5<\/span><\/p><\/div> <\/div><\/div> <\/div><\/div> <\/div><div  data-label=\"Counters\" data-id=\"counters--2\" data-export-id=\"counters-1\" data-category=\"counters\" class=\"counters-1 content-section content-section-spacing\" id=\"counters-2\" style=\"background-color: rgb(255, 255, 255);\"><div  class=\"gridContainer\"> <div  class=\"row text-center\"><div  class=\"section-title-col\" data-type=\"column\"> <h2  class=\"\"><span  style=\"color: rgb(34, 34, 34);\">Taux de poursuite d\u2019\u00e9tudes\n<br >et insertion professionnelle<\/span><\/h2> <\/div> <\/div> <div  class=\"row spaced-cols\" data-type=\"row\" data-fixed=\"true\"> <div  class=\"col-xs-12 col-sm-4 space-bottom-small col-padding-xs\"> <div  class=\"circle-counter color1\"> <svg  class=\"circle-svg\" viewBox=\"0 0 100 100\"> <circle  r=\"48\" stroke-linecap=\"round\" cx=\"50\" cy=\"50\" fill=\"transparent\" stroke-dasharray=\"301.6\" stroke-dashoffset=\"301.6px\"><\/circle> <circle  class=\"circle-bar\" r=\"48\" stroke-linecap=\"round\" cx=\"50\" cy=\"50\" fill=\"transparent\" stroke-dasharray=\"301.6\" stroke-dashoffset=\"301.6px\" style=\"stroke-dashoffset: 24.1274px;\"><\/circle><\/svg> <div  class=\"circle-content\"><h2  class=\"font-100\" data-min=\"0\" data-max=\"100\" data-stop=\"92\" data-prefix=\"\" data-suffix=\"%\" data-countup=\"true\" data-duration=\"2000\"><\/h2> <p ><span  style=\"color: rgb(255, 97, 0);\">des \u00e9tudiants Bac+3<\/span><br ><span  style=\"color: rgb(255, 97, 0);\">\nsouhaitant poursuivre en<\/span><br ><span  style=\"color: rgb(255, 97, 0);\">\nBac+ 5, le font au sein<\/span><br ><span  style=\"color: rgb(255, 97, 0);\">\nde nos centres<\/span><\/p><\/div> <\/div><\/div> <div  class=\"col-xs-12 col-sm-4 space-bottom-small col-padding-xs\"><div  class=\"circle-counter color6\"> <svg  class=\"circle-svg\" viewBox=\"0 0 100 100\"><circle  r=\"48\" stroke-linecap=\"round\" cx=\"50\" cy=\"50\" fill=\"transparent\" stroke-dasharray=\"301.6\" stroke-dashoffset=\"301.6px\"><\/circle> <circle  class=\"circle-bar\" r=\"48\" stroke-linecap=\"round\" cx=\"50\" cy=\"50\" fill=\"transparent\" stroke-dasharray=\"301.6\" stroke-dashoffset=\"301.6px\" style=\"stroke-dashoffset: 105.558px;\"><\/circle><\/svg> <div  class=\"circle-content\"><h2  class=\"font-100\" data-min=\"0\" data-max=\"100\" data-stop=\"65\" data-prefix=\"\" data-suffix=\"%\" data-countup=\"true\" data-duration=\"2000\"><\/h2> <p >des \u00e9tudiants Bac+2 ou<br >\nBac+3 souhaitant poursuivre<br >\nleur formation, le font<br >\nau sein de nos centres<\/p><\/div> <\/div><\/div>  <div  class=\"col-xs-12 col-sm-4 space-bottom-small col-padding-xs\"> <div  class=\"circle-counter color1\"> <svg  class=\"circle-svg\" viewBox=\"0 0 100 100\"> <circle  r=\"48\" stroke-linecap=\"round\" cx=\"50\" cy=\"50\" fill=\"transparent\" stroke-dasharray=\"301.6\" stroke-dashoffset=\"301.6px\"><\/circle> <circle  class=\"circle-bar\" r=\"48\" stroke-linecap=\"round\" cx=\"50\" cy=\"50\" fill=\"transparent\" stroke-dasharray=\"301.6\" stroke-dashoffset=\"301.6px\" style=\"stroke-dashoffset: 0px;\"><\/circle><\/svg> <div  class=\"circle-content\"><h2  class=\"font-100\" data-min=\"0\" data-max=\"100\" data-stop=\"100\" data-prefix=\"\" data-suffix=\"%\" data-countup=\"true\" data-duration=\"2000\"><\/h2> <p  style=\"text-align: center;\"><span  style=\"color: rgb(255, 97, 0);\">des \u00e9tudiants s\u2019ins\u00e8rent<\/span><br ><span  style=\"color: rgb(255, 97, 0);\">\nprofessionnellement<\/span><\/p><\/div> <\/div><\/div><\/div><\/div> <\/div><div  data-label=\"Counters\" data-id=\"counters--1\" data-export-id=\"counters-1\" data-category=\"counters\" class=\"counters-1 content-section content-section-spacing\" id=\"counters-1\" style=\"background-color: rgb(245, 250, 253);\"><div  class=\"gridContainer\"> <div  class=\"row text-center\"><div  class=\"section-title-col\" data-type=\"column\"> <h2  class=\"\"><span  style=\"color: rgb(34, 34, 34);\">Taux de rupture et resignature 2025<\/span><\/h2> <\/div> <\/div> <div  class=\"row spaced-cols\" data-type=\"row\" data-fixed=\"true\"> <div  class=\"col-xs-12 col-sm-4 space-bottom-small col-padding-xs\"> <div  class=\"circle-counter color1\"> <svg  class=\"circle-svg\" viewBox=\"0 0 100 100\"> <circle  r=\"48\" stroke-linecap=\"round\" cx=\"50\" cy=\"50\" fill=\"transparent\" stroke-dasharray=\"301.6\" stroke-dashoffset=\"301.6px\"><\/circle> <circle  class=\"circle-bar\" r=\"48\" stroke-linecap=\"round\" cx=\"50\" cy=\"50\" fill=\"transparent\" stroke-dasharray=\"301.6\" stroke-dashoffset=\"301.6px\" style=\"stroke-dashoffset: 283.497px;\"><\/circle><\/svg> <div  class=\"circle-content\"><h2  class=\"font-100\" data-min=\"0\" data-max=\"100\" data-stop=\"6.20\" data-prefix=\"\" data-suffix=\"%\" data-countup=\"true\" data-duration=\"2000\"><\/h2> <p ><span  style=\"color: rgb(255, 97, 0);\">Taux de rupture\n<br >(liss\u00e9 sur 2025)<\/span><\/p><\/div> <\/div><\/div> <div  class=\"col-xs-12 col-sm-4 space-bottom-small col-padding-xs\"><div  class=\"circle-counter color6\"> <svg  class=\"circle-svg\" viewBox=\"0 0 100 100\"><circle  r=\"48\" stroke-linecap=\"round\" cx=\"50\" cy=\"50\" fill=\"transparent\" stroke-dasharray=\"301.6\" stroke-dashoffset=\"301.6px\"><\/circle> <circle  class=\"circle-bar\" r=\"48\" stroke-linecap=\"round\" cx=\"50\" cy=\"50\" fill=\"transparent\" stroke-dasharray=\"301.6\" stroke-dashoffset=\"301.6px\" style=\"stroke-dashoffset: 171.908px;\"><\/circle><\/svg> <div  class=\"circle-content\"><h2  class=\"font-100\" data-min=\"0\" data-max=\"100\" data-stop=\"43\" data-prefix=\"\" data-suffix=\"%\" data-countup=\"true\" data-duration=\"2000\"><\/h2> <p >des \u00e9tudiants retrouvent \n<br >une entreprise apr\u00e8s \n<br >une rupture anticip\u00e9e<\/p><\/div> <\/div><\/div>  <\/div><\/div> <\/div>","protected":false},"excerpt":{"rendered":"<p>Nos Tarifs Les formations en alternance \u00e0 Chalon Formation, Dijon Formation et ISMACC sont sans frais pour les \u00e9tudiants tout au long de leur cursus scolaire: de l\u2019inscription \u00e0 l\u2019\u00e9cole jusqu\u2019\u00e0 l\u2019obtention du dipl\u00f4me. C\u00f4t\u00e9 entreprise, les formations engag\u00e9es en contrat d\u2019apprentissage ou contrat de professionnalisation peuvent \u00eatre prises en charge par les OPCO. Le&hellip; <br \/> <a class=\"read-more\" href=\"https:\/\/chalonformation.com\/index.php\/nos-indicateurs-et-tarifs\/\">Read more<\/a><\/p>\n","protected":false},"author":1,"featured_media":0,"parent":0,"menu_order":0,"comment_status":"closed","ping_status":"closed","template":"pro\/page-templates\/full-width-page.php","meta":{"om_disable_all_campaigns":false,"_monsterinsights_skip_tracking":false,"_monsterinsights_sitenote_active":false,"_monsterinsights_sitenote_note":"","_monsterinsights_sitenote_category":0,"_uf_show_specific_survey":0,"_uf_disable_surveys":false,"footnotes":""},"class_list":["post-50","page","type-page","status-publish","hentry"],"_links":{"self":[{"href":"https:\/\/chalonformation.com\/index.php\/wp-json\/wp\/v2\/pages\/50","targetHints":{"allow":["GET"]}}],"collection":[{"href":"https:\/\/chalonformation.com\/index.php\/wp-json\/wp\/v2\/pages"}],"about":[{"href":"https:\/\/chalonformation.com\/index.php\/wp-json\/wp\/v2\/types\/page"}],"author":[{"embeddable":true,"href":"https:\/\/chalonformation.com\/index.php\/wp-json\/wp\/v2\/users\/1"}],"replies":[{"embeddable":true,"href":"https:\/\/chalonformation.com\/index.php\/wp-json\/wp\/v2\/comments?post=50"}],"version-history":[{"count":29,"href":"https:\/\/chalonformation.com\/index.php\/wp-json\/wp\/v2\/pages\/50\/revisions"}],"predecessor-version":[{"id":2879,"href":"https:\/\/chalonformation.com\/index.php\/wp-json\/wp\/v2\/pages\/50\/revisions\/2879"}],"wp:attachment":[{"href":"https:\/\/chalonformation.com\/index.php\/wp-json\/wp\/v2\/media?parent=50"}],"curies":[{"name":"wp","href":"https:\/\/api.w.org\/{rel}","templated":true}]}}