{"id":54,"date":"2023-03-06T14:00:39","date_gmt":"2023-03-06T13:00:39","guid":{"rendered":"https:\/\/www2.chalonformation.com\/?page_id=54"},"modified":"2026-02-11T11:31:13","modified_gmt":"2026-02-11T10:31:13","slug":"toutes-nos-formations","status":"publish","type":"page","link":"https:\/\/chalonformation.com\/index.php\/toutes-nos-formations\/","title":{"rendered":"Toutes nos formations"},"content":{"rendered":"<div  data-label=\"Features\" data-id=\"features--2\" data-export-id=\"features-16-card-bordered\" data-category=\"features\" class=\"features-16-card-bordered content-section content-section-spacing\" id=\"features-2\" style=\"background-color: rgb(255, 255, 255);\"><div  class=\"gridContainer\"> <div  class=\"row text-center\"><div  class=\"section-title-col\" data-type=\"column\"> <h2  class=\"\"><span  style=\"color: rgb(34, 34, 34);\">Campus de Chalon&nbsp;Formation | ISMACC<\/span><\/h2> <\/div> <\/div> <div  class=\"row spaced-cols content-left-sm start-sm\" data-type=\"row\"> <div  class=\"col-xs-12 col-sm-6 col-md-4\"> <div  class=\"card no-padding bordered y-move\"> <img  decoding=\"async\" class=\"face\" src=\"https:\/\/chalonformation.com\/wp-content\/uploads\/2024\/03\/cropped-cropped-cropped-2-2-1.png\" title=\"cropped-cropped-cropped-2-2-1.png\" alt=\"Formation Bac  2 \u00e0 Chalon Formation\"> <div  data-type=\"column\" class=\"col-padding-small col-padding-small-xs description-container\"> <h3  class=\"\" style=\"text-align: center;\"><span  style=\"font-family: Helvetica, Arial, sans-serif, arial, helvetica, sans-serif; color: rgb(34, 34, 34);\">BAC +2<\/span><\/h3> <a  class=\"button small color1\" href=\"https:\/\/chalonformation.com\/index.php\/bts-comptabilite-et-gestion-a-chalon-formation\" target=\"_blank\" data-cp-link=\"1\" data-icon=\"\" rel=\"noopener\">BTS Comptabilit\u00e9 et Gestion<\/a><a  class=\"button small color1\" href=\"https:\/\/chalonformation.com\/index.php\/bts-gestion-de-la-pme-a-chalon-formation\" target=\"_blank\" data-cp-link=\"1\" data-icon=\"\" rel=\"noopener\">BTS GPME<\/a><a  class=\"button small color1\" href=\"https:\/\/chalonformation.com\/index.php\/bts-management-commercial-operationnel\" target=\"_blank\" data-cp-link=\"1\" data-icon=\"\" rel=\"noopener\">BTS MCO<\/a><a  class=\"button small color1\" href=\"#https:\/\/chalonformation.com\/index.php\/bts-negociation-et-digitalisation-de-la-relation-client-a-chalon-formation-ndrc\" target=\"_blank\" data-cp-link=\"1\" data-icon=\"\">BTS NDRC<\/a><a  class=\"button small color1\" href=\"https:\/\/chalonformation.com\/index.php\/bts-support-a-laction-manageriale-a-chalon-formation\" target=\"_blank\" data-cp-link=\"1\" data-icon=\"\" rel=\"noopener\">BTS SAM<\/a><\/div> <div  data-type=\"column\" class=\"col-padding-small col-padding-small-xs read-more-container\"><\/div> <\/div><\/div> <div  class=\"col-xs-12 col-sm-6 col-md-4\"><div  class=\"card no-padding bordered y-move\"> <img  decoding=\"async\" class=\"face\" src=\"https:\/\/chalonformation.com\/wp-content\/uploads\/2024\/03\/cropped-cropped-cropped-3-2.png\" title=\"cropped-cropped-cropped-3-2.png\" alt=\"Formation Bac  3 \u00e0 ISMACC\"> <div  data-type=\"column\" class=\"col-padding-small col-padding-small-xs description-container\">  <h3  class=\"\" style=\"text-align: center;\"><span  style=\"font-family: Helvetica, Arial, sans-serif, arial, helvetica, sans-serif; color: rgb(34, 34, 34);\">BAC +3<\/span><\/h3><a  class=\"button small color1\" href=\"https:\/\/chalonformation.com\/index.php\/bachelor-office-manager\" target=\"_blank\" data-cp-link=\"1\" data-icon=\"\">Bachelor Office Manager<\/a><a  class=\"button small color1\" href=\"https:\/\/chalonformation.com\/index.php\/bachelor-ressources-humaines\" target=\"_blank\" data-cp-link=\"1\" data-icon=\"\" rel=\"noopener\">Bachelor Ressources Humaines<\/a><a  class=\"button small color1\" href=\"https:\/\/chalonformation.com\/index.php\/bachelor-rdc\" target=\"_blank\" data-cp-link=\"1\" data-icon=\"\" rel=\"noopener\">Bachelor Resp. du D\u00e9veloppement Commercial<\/a><a  class=\"button small color1\" href=\"https:\/\/chalonformation.com\/index.php\/licence-gestion-des-organisations-du-cnam\" target=\"_blank\" data-cp-link=\"1\" data-icon=\"\" rel=\"noopener\">Licence Gestion des Organisations du CNAM<\/a><\/div> <div  data-type=\"column\" class=\"col-padding-small col-padding-small-xs read-more-container\"><\/div> <\/div><\/div> <div  class=\"col-xs-12 col-sm-6 col-md-4\"><div  class=\"card no-padding bordered y-move\"> <img  decoding=\"async\" class=\"face\" src=\"https:\/\/chalonformation.com\/wp-content\/uploads\/2024\/03\/cropped-5-2-1.png\" title=\"cropped-5-2-1\" alt=\"Formation Bac  5 \u00e0 ISMACC campus Chalon\"> <div  data-type=\"column\" class=\"col-padding-small col-padding-small-xs description-container\"> <h3  class=\"\" style=\"text-align: center;\"><span  style=\"font-family: Helvetica, Arial, sans-serif, arial, helvetica, sans-serif; color: rgb(34, 34, 34);\">BAC +5<\/span><\/h3> <\/div> <div  data-type=\"column\" class=\"col-padding-small col-padding-small-xs read-more-container\"><a  class=\"button small color1\" href=\"https:\/\/chalonformation.com\/index.php\/manager-affaires\" target=\"_blank\" data-cp-link=\"1\" data-icon=\"\">Manager d\u2019Affaires<\/a><a  class=\"button small color1\" href=\"https:\/\/chalonformation.com\/index.php\/manager-ressources-humaines\" target=\"_blank\" data-cp-link=\"1\" data-icon=\"\" rel=\"noopener\">Manager des Ressources Humaines<\/a><\/div> <\/div><\/div> <\/div><\/div> <\/div><div  data-label=\"Features\" data-id=\"features--3\" data-export-id=\"features-16-card-bordered\" data-category=\"features\" class=\"features-16-card-bordered content-section content-section-spacing\" id=\"features-3\" style=\"background-color: rgb(245, 250, 253);\"><div  class=\"gridContainer\"> <div  class=\"row text-center\"><div  class=\"section-title-col\" data-type=\"column\"> <h2  class=\"\"><span  style=\"color: rgb(34, 34, 34);\">Campus Dijon&nbsp;Formation | ISMACC<\/span><\/h2> <\/div> <\/div> <div  class=\"row spaced-cols start-sm content-left-sm\" data-type=\"row\"> <div  class=\"col-xs-12 col-sm-6 col-md-4\"> <div  class=\"card no-padding bordered y-move\"> <img  decoding=\"async\" class=\"face\" src=\"https:\/\/chalonformation.com\/wp-content\/uploads\/2024\/03\/cropped-BAC2-2-1.png\" title=\"cropped-BAC2-2\" alt=\"Formation Bac  2 \u00e0 Dijon Formation\"> <div  data-type=\"column\" class=\"col-padding-small col-padding-small-xs description-container\"> <h3  class=\"\" style=\"text-align: center;\"><span  style=\"font-family: Helvetica, Arial, sans-serif, arial, helvetica, sans-serif; color: rgb(34, 34, 34);\">BAC +2<\/span><\/h3> <\/div> <div  data-type=\"column\" class=\"col-padding-small col-padding-small-xs read-more-container\"><a  class=\"button small color1\" href=\"https:\/\/dijonformation.com\/index.php\/bts-assurance\" target=\"_blank\" data-cp-link=\"1\" data-icon=\"\" rel=\"noopener\">BTS Assurance<\/a><a  class=\"button small color1\" href=\"https:\/\/dijonformation.com\/index.php\/bts-communication\" target=\"_blank\" data-cp-link=\"1\" data-icon=\"\" rel=\"noopener\">BTS Communication<\/a><a  class=\"button small color1\" href=\"https:\/\/dijonformation.com\/index.php\/bts-comptabilite-et-gestion-a-dijon-formation\" target=\"_blank\" data-cp-link=\"1\" data-icon=\"\" rel=\"noopener\">BTS Comptabilit\u00e9 Gestion<\/a><a  class=\"button small color1\" href=\"https:\/\/dijonformation.com\/index.php\/bts-gestion-de-la-pme-a-dijon-formation\" target=\"_blank\" data-cp-link=\"1\" data-icon=\"\" rel=\"noopener\">BTS GPME<\/a><a  class=\"button small color1\" href=\"https:\/\/dijonformation.com\/index.php\/bts-management-commercial-operationnel\" target=\"_blank\" data-cp-link=\"1\" data-icon=\"\" rel=\"noopener\">BTS MCO<\/a><a  class=\"button small color1\" href=\"https:\/\/dijonformation.com\/index.php\/bts-ndrc-negociation-et-digitalisation-de-la-relation-client\" target=\"_blank\" data-cp-link=\"1\" data-icon=\"\" rel=\"noopener\">BTS NDRC<\/a><a  class=\"button small color1\" href=\"https:\/\/dijonformation.com\/index.php\/bts-services-informatiques-aux-organisations\" target=\"_blank\" data-cp-link=\"1\" data-icon=\"\" rel=\"noopener\">BTS SIO options SLAM et SISR<\/a><a  class=\"button small color1\" href=\"https:\/\/dijonformation.com\/index.php\/bts-support-a-laction-manageriale-a-dijon-formation\" target=\"_blank\" data-cp-link=\"1\" data-icon=\"\" rel=\"noopener\">BTS SAM<\/a><\/div> <\/div><\/div> <div  class=\"col-xs-12 col-sm-6 col-md-4\"><div  class=\"card no-padding bordered y-move\"> <img  decoding=\"async\" class=\"face\" src=\"https:\/\/chalonformation.com\/wp-content\/uploads\/2024\/03\/cropped-cropped-BAC3-1-1.png\" title=\"cropped-cropped-BAC3-1\" alt=\"Formation Bac  3 \u00e0 Dijon Formation\"> <div  data-type=\"column\" class=\"col-padding-small col-padding-small-xs description-container\"> <h3  class=\"\" style=\"text-align: center;\"><span  style=\"color: rgb(34, 34, 34); font-family: Helvetica, Arial, sans-serif, arial, helvetica, sans-serif;\">BAC +3<\/span><\/h3> <a  class=\"button small color1\" href=\"https:\/\/dijonformation.com\/index.php\/bachelor-banque\" target=\"_blank\" data-cp-link=\"1\" data-icon=\"\" rel=\"noopener\">Bachelor Banque et Assurance<\/a><a  class=\"button small color1\" href=\"https:\/\/dijonformation.com\/index.php\/bachelor-communication\" target=\"_blank\" data-cp-link=\"1\" data-icon=\"\" rel=\"noopener\">Bachelor Communication<\/a><a  class=\"button small color1\" href=\"https:\/\/dijonformation.com\/index.php\/bachelor-informatique\" target=\"_blank\" data-cp-link=\"1\" data-icon=\"\" rel=\"noopener\">Bachelor Informatique<\/a><a  class=\"button small color1\" href=\"https:\/\/dijonformation.com\/index.php\/bachelor-office-manager\" target=\"_blank\" data-cp-link=\"1\" data-icon=\"\">Bachelor Office Manager<\/a><a  class=\"button small color1\" href=\"https:\/\/dijonformation.com\/index.php\/bachelor-responsable-commercial-2\" target=\"_blank\" data-cp-link=\"1\" data-icon=\"\" rel=\"noopener\">Bachelor Resp. du D\u00e9veloppement Commercial<\/a><a  class=\"button small color1\" href=\"https:\/\/dijonformation.com\/index.php\/bachelor-ressources-humaines\" target=\"_blank\" data-cp-link=\"1\" data-icon=\"\" rel=\"noopener\">Bachelor Ressources Humaines<\/a><a  class=\"button small color1\" href=\"https:\/\/dijonformation.com\/index.php\/diplome-de-comptabilite-gestion\" target=\"_blank\" data-cp-link=\"1\" data-icon=\"\" rel=\"noopener\">DCG (Dipl\u00f4me Comptabilit\u00e9 Gestion)<\/a><\/div> <div  data-type=\"column\" class=\"col-padding-small col-padding-small-xs read-more-container\"><\/div> <\/div><\/div> <div  class=\"col-xs-12 col-sm-6 col-md-4\"><div  class=\"card no-padding bordered y-move\"> <img  decoding=\"async\" class=\"face\" src=\"https:\/\/chalonformation.com\/wp-content\/uploads\/2024\/03\/cropped-BAC5-3.png\" title=\"cropped-BAC5-3\" alt=\"Formation Bac  5 \u00e0 ISMACC campus Dijon Formation\"> <div  data-type=\"column\" class=\"col-padding-small col-padding-small-xs description-container\"> <h3  class=\"\" style=\"text-align: center;\"><span  style=\"color: rgb(34, 34, 34); font-family: Helvetica, Arial, sans-serif, arial, helvetica, sans-serif;\">BAC +5<\/span><\/h3> <\/div> <div  data-type=\"column\" class=\"col-padding-small col-padding-small-xs read-more-container\"><a  class=\"button small color1\" href=\"https:\/\/dijonformation.com\/index.php\/manager-affaires\" target=\"_blank\" data-cp-link=\"1\" data-icon=\"\">Manager d\u2019Affaires<\/a><a  class=\"button small color1\" href=\"https:\/\/dijonformation.com\/index.php\/manager-ressources-humaines\" target=\"_blank\" data-cp-link=\"1\" data-icon=\"\">Manager des Ressources Humaines<\/a><\/div> <\/div><\/div> <\/div><\/div> <\/div><div  data-label=\"About\" data-id=\"about--1\" data-export-id=\"about-9\" data-category=\"about\" class=\"about-9 content-section content-section-spacing\" id=\"about-1\" style=\"background-color: rgba(255, 255, 255, 0); background-image: none;\" data-section-ov=\"1\"><div  class=\"gridContainer\"> <div  class=\"row middle-sm text-center\"><div  class=\"col-sm-5 space-bottom-xs content-column content-center-sm\" data-type=\"column\">  <h2  class=\"\" style=\"text-align: center;\"><span  style=\"color: rgb(34, 34, 34);\">Certification Qualiopi<\/span><\/h2> <h3  class=\"\" style=\"text-align: center;\"><span  style=\"font-family: Helvetica, Arial, sans-serif, arial, helvetica, sans-serif; font-weight: 600; color: rgb(34, 34, 34);\">La marque de certification qualit\u00e9 des prestataires de formation<\/span><\/h3><p  class=\"\" style=\"text-align: justify;\"><span  style=\"color: rgb(34, 34, 34);\">Les organismes certificateurs d\u00e9livrent la certification qualit\u00e9 entrainant l\u2019autorisation d\u2019usage de la marque au profit des PAC conform\u00e9ment au r\u00e8glement d\u2019usage. Ils apposent, lors de l\u2019audit initial, la marque sur le certificat d\u00e9livr\u00e9 au PAC, au titre des cat\u00e9gories suivantes :<\/span><br ><span  style=\"color: rgb(34, 34, 34);\">\n\u2022 actions de formation<\/span><br ><span  style=\"color: rgb(34, 34, 34);\">\n\u2022 bilans de comp\u00e9tences<\/span><br ><span  style=\"color: rgb(34, 34, 34);\">\n\u2022 actions permettant de faire valider les acquis de l\u2019exp\u00e9rience<\/span><br ><span  style=\"color: rgb(34, 34, 34);\">\n\u2022 actions de formation par apprentissage<\/span><\/p> <a  class=\"button color1\" href=\"https:\/\/chalonformation.com\/wp-content\/uploads\/2024\/09\/CF-CERTIFICAT-QUALIOPI-03-08-2027.pdf\" target=\"_blank\" data-cp-link=\"1\" data-icon=\"\" rel=\"noopener\">CERTIFICAT<\/a><\/div> <div  class=\"col-sm-7 flexbox flexbox middle-xs center-xs space-bottom-xs\"><div  class=\"overlay-box flexbox middle-xs center-xs overlay-holder \"> <div  class=\"overlay-box-offset offset-background shadow-medium bg-color2 hide-xs\"><\/div> <img  decoding=\"async\" class=\"flexbox shadow-large img1\" src=\"https:\/\/chalonformation.com\/wp-content\/uploads\/2024\/06\/cropped-QUALIOPI.jpg\" data-size=\"600x400\" title=\"cropped-QUALIOPI.jpg\" alt=\"\"><\/div> <\/div><\/div> <\/div><\/div><div  data-label=\"Clients\" data-id=\"clients--1\" data-export-id=\"clients-4\" data-category=\"clients\" class=\"clients-4 content-section content-section-spacing-small\" id=\"clients-1\" style=\"background-color: rgb(255, 255, 255); background-image: none;\"><div  class=\"gridContainer\"> <div  class=\"row\"><div  data-type=\"column\" class=\"section-title-col\"> <h2  class=\"font-700\">Nos certificateurs partenaires<\/h2> <\/div> <\/div> <div  data-type=\"row\" class=\"row spaced-cols middle-xs center-xs space-bottom padding-lr\"> <div  class=\"col-xs-6 col-sm-2\"> <img decoding=\"async\"  src=\"https:\/\/chalonformation.com\/wp-content\/uploads\/2023\/04\/Ministre_de_lEnseignement_superieur.svg_.png\" class=\"\" title=\"Ministre_de_l'Enseignement_sup\u00e9rieur.svg\" alt=\"\"><\/div> <div  class=\"col-xs-6 col-sm-2\"> <img decoding=\"async\"  src=\"https:\/\/chalonformation.com\/wp-content\/uploads\/2024\/06\/cropped-cropped-Ministere_du_Travail.svg_.png\" class=\"\" title=\"Ministere_du_Travail.svg_\" alt=\"\"><\/div> <div  class=\"col-xs-6 col-sm-2\"> <img decoding=\"async\"  src=\"https:\/\/chalonformation.com\/wp-content\/uploads\/2024\/06\/ADMTC.jpg\" class=\"\" title=\"ADMTC\" alt=\"\"><\/div> <div  class=\"col-xs-6 col-sm-2\"> <img decoding=\"async\"  src=\"https:\/\/chalonformation.com\/wp-content\/uploads\/2023\/11\/cropped-collegedeparisecema-300x65-1.png\" class=\"\" title=\"cropped-collegedeparisecema-300x65-1.png\" alt=\"\"><\/div> <div  class=\"col-xs-6 col-sm-2\"> <img decoding=\"async\"  src=\"https:\/\/chalonformation.com\/wp-content\/uploads\/2024\/06\/ASCENCIA.png\" class=\"\" title=\"ASCENCIA\" alt=\"\"><\/div> <div  class=\"col-xs-6 col-sm-2\"> <img decoding=\"async\"  src=\"https:\/\/chalonformation.com\/wp-content\/uploads\/2025\/06\/LOGO-ECEMA-scaled.png\" class=\"\" title=\"LOGO ECEMA\" alt=\"\"><\/div> <div  class=\"col-xs-6 col-sm-2\"> <img decoding=\"async\"  src=\"https:\/\/chalonformation.com\/wp-content\/uploads\/2024\/06\/ISCG.png\" class=\"\" title=\"ISCG\" alt=\"\"><\/div><div  class=\"col-xs-6 col-sm-2\"> <img decoding=\"async\"  src=\"https:\/\/chalonformation.com\/wp-content\/uploads\/2024\/06\/LOGO-IMCP.png\" class=\"\" title=\"LOGO-IMCP\" alt=\"\"><\/div><div  class=\"col-xs-6 col-sm-2\"> <img decoding=\"async\"  src=\"https:\/\/chalonformation.com\/wp-content\/uploads\/2024\/06\/CNAM.png\" class=\"\" title=\"CNAM\" alt=\"\"><\/div><div  class=\"col-xs-6 col-sm-2\"> <img decoding=\"async\"  src=\"https:\/\/chalonformation.com\/wp-content\/uploads\/2024\/06\/ESCOT.png\" class=\"\" title=\"ESCOT\" alt=\"\"><\/div><div  class=\"col-xs-6 col-sm-2\"> <img decoding=\"async\"  src=\"https:\/\/chalonformation.com\/wp-content\/uploads\/2025\/03\/FEDE-scaled.jpg\" class=\"\" title=\"FEDE\" alt=\"\"><\/div><div  class=\"col-xs-6 col-sm-2\"> <img decoding=\"async\"  src=\"https:\/\/chalonformation.com\/wp-content\/uploads\/2024\/09\/FEDE-2.jpeg\" class=\"\" title=\"FEDE 2\" alt=\"\"><\/div><div  class=\"col-xs-6 col-sm-2\"> <img decoding=\"async\"  src=\"https:\/\/chalonformation.com\/wp-content\/uploads\/2026\/01\/cropped-HEAD-1.jpg\" class=\"\" title=\"cropped-HEAD-1.jpg\" alt=\"\"><\/div><div  class=\"col-xs-6 col-sm-2\"> <img decoding=\"async\"  src=\"https:\/\/chalonformation.com\/wp-content\/uploads\/2026\/01\/MANITUDE.png\" class=\"\" title=\"MANITUDE\" alt=\"\"><\/div><\/div><\/div> <\/div>","protected":false},"excerpt":{"rendered":"<p>Campus de Chalon&nbsp;Formation | ISMACC BAC +2 BTS Comptabilit\u00e9 et GestionBTS GPMEBTS MCOBTS NDRCBTS SAM BAC +3Bachelor Office ManagerBachelor Ressources HumainesBachelor Resp. du D\u00e9veloppement CommercialLicence Gestion des Organisations du CNAM BAC +5 Manager d\u2019AffairesManager des Ressources Humaines Campus Dijon&nbsp;Formation | ISMACC BAC +2 BTS AssuranceBTS CommunicationBTS Comptabilit\u00e9 GestionBTS GPMEBTS MCOBTS NDRCBTS SIO options SLAM et&hellip; <br \/> <a class=\"read-more\" href=\"https:\/\/chalonformation.com\/index.php\/toutes-nos-formations\/\">Read more<\/a><\/p>\n","protected":false},"author":1,"featured_media":0,"parent":0,"menu_order":0,"comment_status":"closed","ping_status":"closed","template":"pro\/page-templates\/full-width-page.php","meta":{"om_disable_all_campaigns":false,"_monsterinsights_skip_tracking":false,"_monsterinsights_sitenote_active":false,"_monsterinsights_sitenote_note":"","_monsterinsights_sitenote_category":0,"_uf_show_specific_survey":0,"_uf_disable_surveys":false,"footnotes":""},"class_list":["post-54","page","type-page","status-publish","hentry"],"_links":{"self":[{"href":"https:\/\/chalonformation.com\/index.php\/wp-json\/wp\/v2\/pages\/54","targetHints":{"allow":["GET"]}}],"collection":[{"href":"https:\/\/chalonformation.com\/index.php\/wp-json\/wp\/v2\/pages"}],"about":[{"href":"https:\/\/chalonformation.com\/index.php\/wp-json\/wp\/v2\/types\/page"}],"author":[{"embeddable":true,"href":"https:\/\/chalonformation.com\/index.php\/wp-json\/wp\/v2\/users\/1"}],"replies":[{"embeddable":true,"href":"https:\/\/chalonformation.com\/index.php\/wp-json\/wp\/v2\/comments?post=54"}],"version-history":[{"count":33,"href":"https:\/\/chalonformation.com\/index.php\/wp-json\/wp\/v2\/pages\/54\/revisions"}],"predecessor-version":[{"id":2873,"href":"https:\/\/chalonformation.com\/index.php\/wp-json\/wp\/v2\/pages\/54\/revisions\/2873"}],"wp:attachment":[{"href":"https:\/\/chalonformation.com\/index.php\/wp-json\/wp\/v2\/media?parent=54"}],"curies":[{"name":"wp","href":"https:\/\/api.w.org\/{rel}","templated":true}]}}