{"id":56,"date":"2023-03-06T14:00:59","date_gmt":"2023-03-06T13:00:59","guid":{"rendered":"https:\/\/www2.chalonformation.com\/?page_id=56"},"modified":"2026-02-11T11:49:23","modified_gmt":"2026-02-11T10:49:23","slug":"nos-domaines-dinterventions","status":"publish","type":"page","link":"https:\/\/chalonformation.com\/index.php\/nos-domaines-dinterventions\/","title":{"rendered":"Nos fili\u00e8res et formations"},"content":{"rendered":"<div data-label=\"Content\" data-id=\"content--5\" data-export-id=\"content-12\" data-category=\"content\" class=\"content-12 content-section content-section-spacing\" id=\"content-5\"  style=\"background-color: rgb(255, 255, 255);\"><div class=\"gridContainer\" > <div class=\"row text-center\" ><div class=\"section-title-col\" data-type=\"column\" > <h2 class=\"\" >Nos domaines d\u2019intervention de Bac +2 \u00e0 Bac +5<\/h2> <p class=\"lead\" ><span style=\"font-weight: 700;\" >D\u00e9couvrez nos formations en alternance<\/span><br ><span style=\"font-weight: 700;\" >\ndans les m\u00e9tiers du tertiaire applicables dans tous les secteurs d\u2019activit\u00e9.<\/span><\/p><p  class=\"\">Vous cherchez un ou des \u00e9tudiants en alternance pour votre entreprise ? Vous avez des besoins au sein du service commercial, relation client, RH, communication, comptabilit\u00e9 etc\u2026 ? Prenez contact avec un de nos conseillers formation par mail ou t\u00e9l\u00e9phone afin d\u2019obtenir toutes les informations sur notre \u00e9cole, le fonctionnement de l\u2019alternance, les formations et le profil des candidats.<\/p><a  class=\"button color1\" href=\"mailto:accueil@chalonformation.com\" target=\"_blank\" data-cp-link=\"1\" data-icon=\"\">Contact mail<\/a><a  class=\"button color1\" href=\"#\" target=\"_blank\" data-cp-link=\"1\" data-icon=\"\">03 85 41 84 54<\/a><\/div> <\/div> <div class=\"row center-xs middle-xs\" > <div class=\"col-sm-9\" data-type=\"column\" > <\/div> <\/div><\/div> <\/div><div  data-label=\"Content\" data-id=\"content--1\" data-export-id=\"content-7\" data-category=\"content\" class=\"content-7 content-section content-section-spacing\" id=\"content-1\" style=\"background-color: rgb(245, 250, 253);\"><div  class=\"gridContainer\"> <div  class=\"row middle-sm\"><div  class=\"col-sm-6 space-bottom-xs\" data-type=\"column\"> <h2  class=\"\"><span  style=\"font-weight: 600; font-family: Muli, arial, helvetica, sans-serif; color: rgb(34, 34, 34);\">Commerce&nbsp;<\/span><\/h2> <h3  class=\"\"><span  style=\"color: rgb(34, 34, 34);\">Bac+2<\/span><\/h3><p  class=\"\" style=\"text-align: justify;\"><span  style=\"color: rgb(34, 34, 34);\">\u2022 BTS Management Commercial Op\u00e9rationnel (MCO)<\/span><br ><span  style=\"color: rgb(34, 34, 34);\">\n\u2022 BTS N\u00e9gociation et Digitalisation de la Relation Client (NDRC)<\/span><\/p> <a  class=\"button small color1\" href=\"https:\/\/chalonformation.com\/index.php\/bts-management-commercial-operationnel\" target=\"_blank\" data-cp-link=\"1\" data-icon=\"\" rel=\"noopener\">BTS MCO<\/a><a  class=\"button small color1\" href=\"https:\/\/chalonformation.com\/index.php\/bts-negociation-et-digitalisation-de-la-relation-client-a-chalon-formation-ndrc\" target=\"_blank\" data-cp-link=\"1\" data-icon=\"\" rel=\"noopener\">BTS NDRC<\/a><h3  class=\"\"><span  style=\"color: rgb(34, 34, 34);\">Bac+3<\/span><\/h3><p  class=\"\" style=\"text-align: justify;\"><span  style=\"color: rgb(34, 34, 34);\">\u2022 Bachelor Responsable du D\u00e9veloppement Commercial\n<br >\u2022 Bachelor Office Manager<\/span><\/p><a  class=\"button small color1\" href=\"https:\/\/chalonformation.com\/index.php\/bachelor-rdc\" target=\"_blank\" data-cp-link=\"1\" data-icon=\"\">BACHELOR RDC<\/a><a  class=\"button small color1\" href=\"https:\/\/chalonformation.com\/index.php\/bachelor-office-manager\" target=\"_blank\" data-cp-link=\"1\" data-icon=\"\" rel=\"noopener\">BACHELOR OFFICE MANAGER<\/a><h3  class=\"\"><span  style=\"color: rgb(34, 34, 34);\">Bac+5<\/span><\/h3><p  class=\"\" style=\"text-align: justify;\"><span  style=\"color: rgb(34, 34, 34);\">\u2022 Manager d&#8217;Affaires&nbsp;<\/span><\/p><a  class=\"button small color1\" href=\"https:\/\/chalonformation.com\/index.php\/manager-affaires\" target=\"_blank\" data-cp-link=\"1\" data-icon=\"\" rel=\"noopener\">MANAGER D&#8217;AFFAIRES<\/a><\/div> <div  class=\"col-sm-6\" data-type=\"column\"> <img  decoding=\"async\" class=\"shadow-large\" src=\"https:\/\/chalonformation.com\/wp-content\/uploads\/2024\/05\/cropped-cropped-cropped-job-4131482_1280-1.jpg\" title=\"cropped-cropped-cropped-job-4131482_1280-1.jpg\" alt=\"Formation de Bac 2 \u00e0 Bac 5 dans le domaine tertiaire \u00e0 Chalon Formation\"><\/div> <\/div><\/div> <\/div><div  data-label=\"Content\" data-id=\"content--3\" data-export-id=\"content-8\" data-category=\"content\" class=\"content-8 content-section content-section-spacing\" id=\"content-3\" style=\"background-color: rgb(245, 250, 253);\"><div  class=\"gridContainer\"> <div  class=\"row middle-sm\"><div  class=\"col-sm-6 space-bottom-xs space-top-xs\" data-type=\"column\"> <img  decoding=\"async\" class=\"shadow-large\" src=\"https:\/\/chalonformation.com\/wp-content\/uploads\/2024\/05\/cropped-cropped-cropped-job-5382501_1280.jpg\" title=\"cropped-cropped-cropped-job-5382501_1280.jpg\" alt=\"Formation de Bac 2 \u00e0 Bac 5 dans le domaine tertiaire \u00e0 Chalon Formation\"><\/div> <div  class=\"col-sm-6\" data-type=\"column\"><h2  class=\"\"><span  style=\"font-family: Muli, arial, helvetica, sans-serif; font-weight: 600; color: rgb(34, 34, 34);\">Gestion | Ressources Humaines | Paie<\/span><\/h2> <h3  class=\"\"><span  style=\"color: rgb(34, 34, 34);\">Bac+2<\/span><\/h3><p  class=\"\" style=\"text-align: justify;\"><span  style=\"color: rgb(34, 34, 34);\">\u2022 BTS Gestion de la PME (GPME)<\/span><br ><span  style=\"color: rgb(34, 34, 34);\">\n\u2022 BTS Support \u00e0 l\u2019Action Manag\u00e9riale (SAM)<\/span><\/p> <a  class=\"button small color1\" href=\"https:\/\/chalonformation.com\/index.php\/bts-gestion-de-la-pme-a-chalon-formation\" target=\"_blank\" data-cp-link=\"1\" data-icon=\"\" rel=\"noopener\">BTS GPME<\/a><a  class=\"button small color1\" href=\"https:\/\/chalonformation.com\/index.php\/bts-support-a-laction-manageriale-a-chalon-formation\" target=\"_blank\" data-cp-link=\"1\" data-icon=\"\" rel=\"noopener\">BTS SAM<\/a><h3  class=\"\"><span  style=\"color: rgb(34, 34, 34);\">Bac+3<\/span><\/h3><p  class=\"\" style=\"text-align: justify;\"><span  style=\"color: rgb(34, 34, 34);\">\u2022 Bachelor Office Manager<\/span><br ><span  style=\"color: rgb(34, 34, 34);\">\n\u2022 Bachelor Ressources Humaines&nbsp;<\/span><\/p><a  class=\"button small color1\" href=\"https:\/\/chalonformation.com\/index.php\/bachelor-office-manager\" target=\"_blank\" data-cp-link=\"1\" data-icon=\"\" rel=\"noopener\">BACHELOR OFFICE MANAGER<\/a><a  class=\"button small color1\" href=\"https:\/\/chalonformation.com\/index.php\/bachelor-ressources-humaines\" target=\"_blank\" data-cp-link=\"1\" data-icon=\"\" rel=\"noopener\">BACHELOR RH<\/a><h3  class=\"\">Bac+5<\/h3><p  class=\"\" style=\"text-align: justify;\"><span  style=\"color: rgb(52, 58, 64);\">\u2022 Manager Ressources Humaines&nbsp;<br >\u2022&nbsp;Manager d&#8217;Affaires<\/span><\/p><a  class=\"button small color1\" href=\"https:\/\/chalonformation.com\/index.php\/manager-affaires\" target=\"_blank\" data-cp-link=\"1\" data-icon=\"\" rel=\"noopener\">MANAGER D&#8217;AFFAIRES<\/a><a  class=\"button small color1\" href=\"https:\/\/chalonformation.com\/index.php\/manager-ressources-humaines\" target=\"_blank\" data-cp-link=\"1\" data-icon=\"\" rel=\"noopener\">MANAGER RH<\/a><\/div> <\/div><\/div> <\/div><div  data-label=\"Content\" data-id=\"content--4\" data-export-id=\"content-7\" data-category=\"content\" class=\"content-7 content-section content-section-spacing\" id=\"content-4\" style=\"background-color: rgb(255, 255, 255);\"><div  class=\"gridContainer\"> <div  class=\"row middle-sm\"><div  class=\"col-sm-6 space-bottom-xs\" data-type=\"column\"> <h2  class=\"\"><span  style=\"font-family: Muli, arial, helvetica, sans-serif; font-weight: 600; color: rgb(34, 34, 34);\">Comptabilit\u00e9 | Finance<\/span><\/h2> <h3  class=\"\"><span  style=\"color: rgb(34, 34, 34);\">Bac+2<\/span><\/h3><p  class=\"\" style=\"text-align: justify;\"><span  style=\"color: rgb(34, 34, 34);\">\u2022 BTS Comptabilit\u00e9 Gestion (CG)\n<\/span><br ><span  style=\"color: rgb(34, 34, 34);\">\u2022 BTS Gestion de la PME (GPME)<\/span><\/p> <a  class=\"button small color1\" href=\"https:\/\/chalonformation.com\/index.php\/bts-comptabilite-et-gestion-a-chalon-formation\" target=\"_blank\" data-cp-link=\"1\" data-icon=\"\" rel=\"noopener\">BTS CG<\/a><a  class=\"button small color1\" href=\"https:\/\/chalonformation.com\/index.php\/bts-gestion-de-la-pme-a-chalon-formation\" target=\"_blank\" data-cp-link=\"1\" data-icon=\"\" rel=\"noopener\">BTS GPME<\/a><h3  class=\"\"><span  style=\"color: rgb(34, 34, 34);\">Bac+3<\/span><\/h3><p  class=\"\" style=\"text-align: justify;\"><span  style=\"color: rgb(34, 34, 34);\">\u2022 Bachelor Office Manager<\/span><br ><span  style=\"color: rgb(34, 34, 34);\">\u2022 Bachelor Ressources Humaines&nbsp;<\/span><\/p><a  class=\"button small color1\" href=\"https:\/\/chalonformation.com\/index.php\/bachelor-office-manager\" target=\"_blank\" data-cp-link=\"1\" data-icon=\"\" rel=\"noopener\">BACHELOR OFFICE MANAGER<\/a><a  class=\"button small color1\" href=\"https:\/\/chalonformation.com\/index.php\/bachelor-ressources-humaines\" target=\"_blank\" data-cp-link=\"1\" data-icon=\"\" rel=\"noopener\">BACHELOR RH<\/a><h3  class=\"\"><span  style=\"color: rgb(34, 34, 34);\">Bac+5<\/span><\/h3><p  class=\"\" style=\"text-align: justify;\"><span  style=\"color: rgb(34, 34, 34);\">\u2022 Manager Ressources Humaines<\/span><br ><span  style=\"color: rgb(34, 34, 34);\">\n\u2022 Manager d&#8217;Affaires<\/span><\/p><a  class=\"button small color1\" href=\"https:\/\/chalonformation.com\/index.php\/manager-ressources-humaines\" target=\"_blank\" data-cp-link=\"1\" data-icon=\"\" rel=\"noopener\">MANAGER RH<\/a><a  class=\"button small color1\" href=\"https:\/\/chalonformation.com\/index.php\/manager-affaires\" target=\"_blank\" data-cp-link=\"1\" data-icon=\"\" rel=\"noopener\">MANAGER D&#8217;AFFAIRES <\/a><\/div> <div  class=\"col-sm-6\" data-type=\"column\"> <img  decoding=\"async\" class=\"shadow-large\" src=\"https:\/\/chalonformation.com\/wp-content\/uploads\/2024\/03\/cropped-cropped-job-interview-candidate-selection-employment-scaled-1.jpg\" title=\"Job interview and candidate selection for employment.\" alt=\"Formation en alternance de Bac 2 \u00e0 Bac 5 dans le domaine de la comptabilit\u00e9 \u00e0 Chalon Formation\"><\/div> <\/div><\/div> <\/div><div  data-label=\"Cta\" data-id=\"cta--1\" data-export-id=\"cta-blue-section\" data-category=\"cta\" class=\"cta-blue-section content-section content-section-spacing-medium bg-color1 white-text\" id=\"cta-1\"><div  class=\"gridContainer\"> <div  class=\"row middle-xs\"><div  class=\"col-sm-8 space-bottom-xs\" data-type=\"column\">  <h3  class=\"\"><span  style=\"font-family: Muli, arial, helvetica, sans-serif; font-weight: 600;\">Besoin de plus d\u2019informations ?<\/span><br ><span  style=\"font-family: Muli, arial, helvetica, sans-serif; font-weight: 600;\">\nPrenez contact avec un de nos conseillers formation<\/span><\/h3><\/div> <div  class=\"col-sm-4 end-sm\" data-type=\"column\"> <a  class=\"button color9 dark-text\" href=\"mailto:acceuil@chalonformation.com\" target=\"_blank\" data-cp-link=\"1\" data-icon=\"\" rel=\"noopener\">NOUS CONTACTER<\/a><a  class=\"button color9 dark-text\" href=\"https:\/\/chalonformation.com\/index.php\/notre-equipe-vous-accompagne\" target=\"_blank\" data-cp-link=\"1\" data-icon=\"\" rel=\"noopener\">NOTRE \u00c9QUIPE<\/a><\/div> <\/div><\/div> <\/div>","protected":false},"excerpt":{"rendered":"<p>Nos domaines d\u2019intervention de Bac +2 \u00e0 Bac +5 D\u00e9couvrez nos formations en alternance dans les m\u00e9tiers du tertiaire applicables dans tous les secteurs d\u2019activit\u00e9.Vous cherchez un ou des \u00e9tudiants en alternance pour votre entreprise ? Vous avez des besoins au sein du service commercial, relation client, RH, communication, comptabilit\u00e9 etc\u2026 ? Prenez contact avec&hellip; <br \/> <a class=\"read-more\" href=\"https:\/\/chalonformation.com\/index.php\/nos-domaines-dinterventions\/\">Read more<\/a><\/p>\n","protected":false},"author":1,"featured_media":0,"parent":0,"menu_order":0,"comment_status":"closed","ping_status":"closed","template":"pro\/page-templates\/full-width-page.php","meta":{"om_disable_all_campaigns":false,"_monsterinsights_skip_tracking":false,"_monsterinsights_sitenote_active":false,"_monsterinsights_sitenote_note":"","_monsterinsights_sitenote_category":0,"_uf_show_specific_survey":0,"_uf_disable_surveys":false,"footnotes":""},"class_list":["post-56","page","type-page","status-publish","hentry"],"_links":{"self":[{"href":"https:\/\/chalonformation.com\/index.php\/wp-json\/wp\/v2\/pages\/56","targetHints":{"allow":["GET"]}}],"collection":[{"href":"https:\/\/chalonformation.com\/index.php\/wp-json\/wp\/v2\/pages"}],"about":[{"href":"https:\/\/chalonformation.com\/index.php\/wp-json\/wp\/v2\/types\/page"}],"author":[{"embeddable":true,"href":"https:\/\/chalonformation.com\/index.php\/wp-json\/wp\/v2\/users\/1"}],"replies":[{"embeddable":true,"href":"https:\/\/chalonformation.com\/index.php\/wp-json\/wp\/v2\/comments?post=56"}],"version-history":[{"count":27,"href":"https:\/\/chalonformation.com\/index.php\/wp-json\/wp\/v2\/pages\/56\/revisions"}],"predecessor-version":[{"id":2877,"href":"https:\/\/chalonformation.com\/index.php\/wp-json\/wp\/v2\/pages\/56\/revisions\/2877"}],"wp:attachment":[{"href":"https:\/\/chalonformation.com\/index.php\/wp-json\/wp\/v2\/media?parent=56"}],"curies":[{"name":"wp","href":"https:\/\/api.w.org\/{rel}","templated":true}]}}