{"id":6,"date":"2023-03-06T12:00:14","date_gmt":"2023-03-06T11:00:14","guid":{"rendered":"https:\/\/www2.chalonformation.com\/index.php\/mesmerize-pro\/"},"modified":"2026-03-11T16:07:16","modified_gmt":"2026-03-11T15:07:16","slug":"bienvenue-au-centre-de-formation-chalon-formation","status":"publish","type":"page","link":"https:\/\/chalonformation.com\/","title":{"rendered":"Accueil | Chalon Formation"},"content":{"rendered":"<div  data-label=\"Features\" data-id=\"features--2\" data-export-id=\"features-16\" data-category=\"features\" class=\"features-16 content-section content-section-spacing\" id=\"features-2\" style=\"background-color: rgb(245, 250, 253);\"><div  class=\"gridContainer\"> <div  class=\"row text-center\"><div  class=\"section-title-col\" data-type=\"column\">  <\/div> <\/div> <div  class=\"row spaced-cols\" data-type=\"row\"> <div  class=\"col-xs-12 col-sm-6 col-md-4 space-bottom\"> <img  decoding=\"async\" class=\"face\" src=\"https:\/\/chalonformation.com\/wp-content\/uploads\/2026\/02\/INFOS-1.png\" title=\"INFOS 1\" alt=\"\"> <div  data-type=\"column\" class=\"col-padding-small col-padding-small-xs description-container\">  <h3  class=\"\" style=\"text-align: center;\"><span  style=\"font-weight: 900;\">LES BONNES INFOS POUR NOS FUTURS ETUDIANTS !<\/span><\/h3><p  class=\"\" style=\"text-align: justify;\">\u2022 Tous nos dipl\u00f4mes du BTS au Bac+5 sont reconnus au RNCP.<br >\n\u2022 Les BTS sont d\u00e9livr\u00e9s par le Minist\u00e8re Charg\u00e9 de l\u2019Enseignement Sup\u00e9rieur et de la Recherche.<br >\n\u2022 Nos formations 100% en alternance.<br >\n\u2022 Toutes nos formations sont sans frais de l\u2019inscription jusqu\u2019\u00e0 l\u2019obtention du dipl\u00f4me pour les \u00e9tudiants.<br >\n\u2022 La pr\u00e9inscription est ouverte 365 jours par an.<\/p> <\/div> <\/div> <div  class=\"col-xs-12 col-sm-6 col-md-4 space-bottom\"> <img  decoding=\"async\" class=\"face\" src=\"https:\/\/chalonformation.com\/wp-content\/uploads\/2026\/02\/PREREQUIS-2.png\" title=\"PREREQUIS 2\" alt=\"\"> <div  data-type=\"column\" class=\"col-padding-small col-padding-small-xs description-container\">  <h3  class=\"\" style=\"text-align: center;\"><span  style=\"font-weight: 900;\">PR\u00c9REQUIS ET ACC\u00c8S<\/span><br ><span  style=\"font-weight: 900;\">\nAUX FORMATIONS<\/span><\/h3><h4  class=\"\" style=\"text-align: center;\"><span  style=\"font-weight: 800;\">Inscription en BTS<\/span><\/h4><p  class=\"\" style=\"text-align: justify;\">\u2022 Avoir obtenu un baccalaur\u00e9at (g\u00e9n\u00e9ral, professionnel, technologique) ou un DAEU (dipl\u00f4me d\u2019acc\u00e8s aux \u00e9tudes universitaires), ou un titre ou dipl\u00f4me de niveau 4 class\u00e9 au RNCP.&nbsp;<\/p> <h4  class=\"\" style=\"text-align: center;\"><span  style=\"font-weight: 800;\">Inscription en Bac+3 ou Bac+5<\/span><\/h4><h4  class=\"\" style=\"text-align: justify;\"><span  style=\"font-weight: 400; font-family: Helvetica, Arial, sans-serif, arial, helvetica, sans-serif;\">\u2022 Bac+3 : Avoir obtenu un Bac+2, BTS, titre ou dipl\u00f4me de niveau 5.<\/span><br ><span  style=\"font-weight: 400; font-family: Helvetica, Arial, sans-serif, arial, helvetica, sans-serif;\">\n\u2022 Bac+5 : Avoir obtenu un Bac+3, titre ou dipl\u00f4me de niveau 6.\n<\/span><br ><span  style=\"font-weight: 400; font-family: Helvetica, Arial, sans-serif, arial, helvetica, sans-serif;\">\n(Voir les pr\u00e9requis sur les fiches formations).<\/span><\/h4><\/div> <\/div> <div  class=\"col-xs-12 col-sm-6 col-md-4 space-bottom\"> <img  decoding=\"async\" class=\"face\" src=\"https:\/\/chalonformation.com\/wp-content\/uploads\/2026\/02\/PARCOURSUP.png\" title=\"PARCOURSUP\" alt=\"\"> <div  data-type=\"column\" class=\"col-padding-small col-padding-small-xs description-container\">  <h3  class=\"\" style=\"text-align: center;\"><span  style=\"font-weight: 900;\">PARCOURSUP<\/span><\/h3><p  class=\"\" style=\"text-align: justify;\">\u2022 N\u2019attendez pas de r\u00e9aliser vos voeux sur PARCOURSUP ou bien d\u2019avoir re\u00e7u la validation pour vous pr\u00e9inscrire et commencer vos recherches d\u2019alternance.\n<br ><br >\n\u2022 N\u2019attendez pas les r\u00e9sultats du Baccalaur\u00e9at.\n<br ><br >\n\u2022 La pr\u00e9inscription \u00e0 Dijon Formation est possible toute l\u2019ann\u00e9e via et en dehors de Parcoursup. Elle vous permet de prendre rendez-vous avec un de nos charg\u00e9s de recrutement et de b\u00e9n\u00e9ficier des offres en alternance des entreprises partenaires d\u00e8s janvier.<\/p> <\/div> <\/div><\/div> <\/div><\/div><div  data-label=\"Content\" data-id=\"content--1\" data-export-id=\"content-7\" data-category=\"content\" class=\"content-7 content-section content-section-spacing\" id=\"content-1\" style=\"background-color: rgb(255, 97, 0); background-image: none;\"><div  class=\"gridContainer\"> <div  class=\"row middle-sm\"><div  class=\"col-sm-6 space-bottom-xs\" data-type=\"column\"> <h2  class=\"\"><span  style=\"color: rgb(255, 255, 255);\">Prochaine rentr\u00e9e scolaire : septembre 2026<\/span><\/h2> <h4  class=\"\"><span  style=\"color: rgb(255, 255, 255); font-family: Helvetica, Arial, sans-serif, arial, helvetica, sans-serif;\">L\u2019inscription est accessible :<\/span><br ><span  style=\"color: rgb(255, 255, 255); font-family: Helvetica, Arial, sans-serif, arial, helvetica, sans-serif;\">\n\u2022 365 jours par an<\/span><br ><span  style=\"color: rgb(255, 255, 255); font-family: Helvetica, Arial, sans-serif, arial, helvetica, sans-serif;\">\n\u2022 Avec ou sans Parcoursup<\/span><br ><span  style=\"color: rgb(255, 255, 255);\"><span  style=\"font-family: Helvetica, Arial, sans-serif, arial, helvetica, sans-serif;\">\n\u2022 100% gratuit de l\u2019inscription \u00e0 l\u2019obtention d<span  style=\"font-weight: 600;\">u dipl\u00f4me<\/span><\/span><\/span><\/h4> <a  class=\"button big color9 dark-text\" href=\"https:\/\/inscriptions.chalonformation.com\/bienvenue?site=chalon\" target=\"_blank\" data-cp-link=\"1\" data-icon=\"\">SE PR\u00c9INSCRIRE<\/a><\/div> <div  class=\"col-sm-6\" data-type=\"column\"> <img  decoding=\"async\" class=\"shadow-large\" src=\"https:\/\/chalonformation.com\/wp-content\/uploads\/2025\/05\/cropped-cropped-IMG_3194-scaled-1.jpg\" title=\"IMG_3194\" alt=\"\"><\/div> <\/div><\/div> <\/div><div  data-label=\"Portfolio\" data-id=\"portfolio--1\" data-export-id=\"portfolio-6\" data-category=\"portfolio\" class=\"portfolio-6 content-section content-section-spacing\" id=\"portfolio-1\" style=\"background-color: rgb(255, 255, 255);\"><div  class=\"gridContainer\"> <div  class=\"row text-center\"><div  class=\"section-title-col\" data-type=\"column\">  <p  class=\"\" style=\"text-align: justify;\">Depuis plus de 25 ans, Chalon Formation est un acteur majeur de l\u2019enseignement sup\u00e9rieur en alternance \u00e0 Chalon et en Bourgogne Franche-Comt\u00e9. Notre \u00e9tablissement forme chaque ann\u00e9e des centaines d\u2019\u00e9tudiants au BTS (Bac+2), Bachelor (Bac+3) et Mast\u00e8re (Bac+5), dans les principaux m\u00e9tiers du tertiaire : administratif, commerce, communication, marketing, management, ressources humaines, comptabilit\u00e9, gestion, administration, vente et n\u00e9gociation.<\/p><h3  class=\"\" style=\"text-align: left;\">Est-ce que les dipl\u00f4mes sont reconnus ?<\/h3><p  class=\"\" style=\"text-align: justify;\">Tous les dipl\u00f4mes dispens\u00e9s \u00e0 Chalon Formation sont reconnus par l\u2019\u00c9tat, inscrits au RNCP (r\u00e9pertoire national des certifications professionnelles), et permettent d\u2019acc\u00e9der au niveau sup\u00e9rieur.<br >\n\u2022 Les BTS sont d\u00e9livr\u00e9s sous l\u2019autorit\u00e9 du minist\u00e8re de l\u2019\u00c9ducation nationale<br >\n\u2022 De Bac+3 (Bachelors et Licences) \u00e0 Bac+5 (Mast\u00e8res et Managers), Chalon Formation dispense des formations reconnues par France Comp\u00e9tences, con\u00e7ues et valid\u00e9es par des certificateurs partenaires, comme le CNAM, FEDE, Ascencia Business School, ECEMA, l\u2019IMCP, etc\u2026 En tant que centre partenaire, nous assurons la formation des apprenants conform\u00e9ment aux r\u00e8gles \u00e9tablies par les certificateurs, garantissant ainsi la reconnaissance nationale ou internationale des dipl\u00f4mes ou certifications professionnelles, d\u00e9livr\u00e9s par nos partenaires. L\u2019\u00e9tudiant obtient donc un dipl\u00f4me au nom du certificateur.<br >\n\u2022 Exemples concrets :<br >\n\u2013 Un \u00e9tudiant en BTS, sera dipl\u00f4m\u00e9 de Chalon Formation, \u00e9cole agr\u00e9\u00e9e pour d\u00e9livr\u00e9e le dipl\u00f4me national du BTS du Minist\u00e8re de l\u2019Education Nationale<br >\n\u2013 Un \u00e9tudiant en Licence Gestion des Organisations, sera dipl\u00f4m\u00e9 du CNAM, et obtiendra un titre RNCP de niveau 6<br >\n\u2013 Un \u00e9tudiant en Manager des Organisations sera dipl\u00f4m\u00e9 d\u2019un Mast\u00e8re europ\u00e9en Management et Strat\u00e9gie d\u2019Entreprise de la FEDE et obtiendra un titre RNCP de niveau 7<\/p><h3  class=\"\" style=\"text-align: left;\">Est-ce que l\u2019\u00e9cole aide pour la recherche d\u2019alternance ?<\/h3><p  class=\"\" style=\"text-align: justify;\">Chalon Formation est sp\u00e9cialiste de l\u2019alternance depuis plus de 25 ans. D\u00e8s le premier contact, nos charg\u00e9s de recrutement accompagnent les candidats dans toutes les \u00e9tapes cl\u00e9s :<br >\n\u2022 Aide \u00e0 la r\u00e9daction du CV et de la lettre de motivation<br >\n\u2022 Coaching pour passer des entretiens<br >\n\u2022 Appui dans la recherche d\u2019alternance, gr\u00e2ce \u00e0 un r\u00e9seau d\u2019entreprises partenaires solide et actif. Par exemple, une entreprise partenaire contacte l\u2019\u00e9cole avec une offre pour un poste \u00e0 pourvoir en alternance, les charg\u00e9s de recrutement \u00e9tudient l\u2019offre puis contactent les \u00e9tudiants de la fili\u00e8re concern\u00e9e, une fois l\u2019accord donn\u00e9 par l\u2019\u00e9tudiant, le CV et la lettre de motivation sont transmis \u00e0 l\u2019entreprise.<br >\n\u2022 Suivi r\u00e9gulier pendant la formation et en entreprise<\/p><h3  class=\"\" style=\"text-align: left;\">Pourquoi choisir Chalon Formation ?<\/h3><p  class=\"\" style=\"text-align: justify;\">\u2022 Une \u00e9cole r\u00e9f\u00e9rente dans le domaine de l\u2019alternance, sans frais pour l\u2019\u00e9tudiant.<br >\n\u2022 Des dipl\u00f4mes certifi\u00e9s par l\u2019\u00c9tat et organismes reconnus par France Comp\u00e9tences<br >\n\u2022 Un accompagnement sur mesure de la recherche d\u2019entreprise \u00e0 l\u2019obtention du dipl\u00f4me<br >\n\u2022 Un r\u00e9seau d\u2019entreprises partenaires solide pour faciliter votre insertion professionnelle<br >\n\u2022 Une \u00e9cole \u00e0 taille humaine, proche de ses \u00e9tudiants<br >\n\u2022 Une proximit\u00e9 avec les formateurs et l\u2019\u00e9quipe p\u00e9dagogique\n<br ><br >\n<br ><span  style=\"font-weight: 600;\">Pr\u00eat \u00e0 construire votre avenir avec nous ?\n<br >Rejoignez Chalon Formation d\u00e8s aujourd\u2019hui et donnez un vrai tremplin \u00e0 votre carri\u00e8re !<\/span><\/p><a  class=\"button big color1\" href=\"https:\/\/inscriptions.chalonformation.com\/bienvenue?site=chalon\" target=\"_blank\" data-cp-link=\"1\" data-icon=\"\" rel=\"noopener\">PREINSCRIPTION<\/a><\/div> <\/div> <div  class=\"row space-bottom spaced-cols\" data-type=\"row\"> <div  class=\"col-xs-12 col-sm-4 text-center\"> <div  class=\"card no-padding \"> <div  data-hover-fx=\"portfolio-5\" class=\"contentswap-effect\"> <div  class=\"initial-image\"> <img  decoding=\"async\" data-size=\"500x333\" src=\"https:\/\/chalonformation.com\/wp-content\/uploads\/2024\/03\/cropped-cropped-BAC2-1-7-9.png\"><\/div> <div  class=\"overlay bg-color6\"><\/div> <div  class=\"swap-inner col-xs-12\"> <div  class=\"row full-height-row middle-xs middle-sm\"> <div  class=\"col-xs-12 text-center content-holder\"> <a  href=\"https:\/\/chalonformation.com\/index.php\/formations-bac2\" target=\"_blank\" rel=\"noopener\"><i  class=\"fa icon portfolio-icon fa-search big color-black\" aria-hidden=\"true\"><\/i><\/a><\/div> <\/div><\/div> <\/div> <div  class=\"space-bottom space-top col-xs-12\" data-type=\"column\"><h4  class=\"\"><span  style=\"text-decoration: underline; font-family: Helvetica, Arial, sans-serif, arial, helvetica, sans-serif; color: rgb(34, 34, 34); font-weight: 400;\">Nos formations Bac+2<\/span><\/h4>  <\/div> <\/div><\/div> <div  class=\"col-xs-12 col-sm-4 text-center\"><div  class=\"card no-padding \"> <div  data-hover-fx=\"portfolio-5\" class=\"contentswap-effect\"><div  class=\"initial-image\"> <img  decoding=\"async\" data-size=\"500x333\" src=\"https:\/\/chalonformation.com\/wp-content\/uploads\/2024\/03\/cropped-BAC3-1-7.png\"><\/div> <div  class=\"overlay bg-color6\"><\/div> <div  class=\"swap-inner col-xs-12\"> <div  class=\"row full-height-row middle-xs middle-sm\"> <div  class=\"col-xs-12 text-center content-holder\"> <a  href=\"https:\/\/chalonformation.com\/index.php\/formations-bac-3\" target=\"_blank\" rel=\"noopener\" class=\"\"><i  class=\"fa icon portfolio-icon fa-search big color-black\" aria-hidden=\"true\"><\/i><\/a><\/div> <\/div><\/div> <\/div> <div  class=\"space-bottom space-top col-xs-12\" data-type=\"column\"><h4  class=\"\"><span  style=\"text-decoration: underline; font-family: Helvetica, Arial, sans-serif, arial, helvetica, sans-serif; color: rgb(34, 34, 34); font-weight: 400;\">Nos formations Bac+3<\/span><\/h4>  <\/div> <\/div><\/div> <div  class=\"col-xs-12 col-sm-4 text-center\"><div  class=\"card no-padding \"> <div  data-hover-fx=\"portfolio-5\" class=\"contentswap-effect\"><div  class=\"initial-image\"> <img  decoding=\"async\" data-size=\"500x333\" src=\"https:\/\/chalonformation.com\/wp-content\/uploads\/2024\/03\/cropped-BAC5-1-5.png\"><\/div> <div  class=\"overlay bg-color6\"><\/div> <div  class=\"swap-inner col-xs-12\"> <div  class=\"row full-height-row middle-xs middle-sm\"> <div  class=\"col-xs-12 text-center content-holder\"> <a  href=\"https:\/\/ismacc.fr\/index.php\/formations-bac-5\" target=\"_blank\" rel=\"noopener\" class=\"\"><i  class=\"fa icon portfolio-icon fa-search big color-black\" aria-hidden=\"true\"><\/i><\/a><\/div> <\/div><\/div> <\/div> <div  class=\"space-bottom space-top col-xs-12\" data-type=\"column\"><h4  class=\"\"><span  style=\"text-decoration: underline; font-family: Helvetica, Arial, sans-serif, arial, helvetica, sans-serif; color: rgb(34, 34, 34); font-weight: 400;\">Nos formations Bac+5<\/span><\/h4>  <\/div> <\/div><\/div> <\/div> <div  class=\"row\"> <div  data-type=\"column\" class=\"col-xs-12 text-center\"> <\/div> <\/div><\/div> <\/div><div  data-label=\"Cta\" data-id=\"cta--1\" data-export-id=\"cta-centered-bg-section\" data-category=\"cta\" data-section-ov=\"1\" class=\"cta-centered-bg-section content-section content-section-spacing-medium white-text\" data-parallax-depth=\"20\" id=\"cta-1\" style=\"background-size: cover; background-position: center top; background-image: url(&quot;https:\/\/chalonformation.com\/wp-content\/uploads\/2024\/03\/VISUELS-ACTUS.png&quot;);\"><div  class=\"\"> <div  class=\"row text-center\"><div  data-type=\"column\" class=\"\"> <h2  class=\"\"><span  style=\"font-weight: 600;\">LES ACTUS<\/span><\/h2><h3  class=\"\"><span  style=\"font-family: Helvetica, Arial, sans-serif, arial, helvetica, sans-serif;\">Suivez toutes les actualit\u00e9s du campus sur les r\u00e9seaux sociaux<\/span><\/h3> <a  class=\"button color9 dark-text\" href=\"https:\/\/chalonformation.com\/index.php\/actualites\" target=\"_blank\" data-cp-link=\"1\" data-icon=\"\" rel=\"noopener\">EN SAVOIR PLUS<\/a><\/div> <\/div><\/div> <\/div><div  data-label=\"Counters\" data-id=\"counters--1\" data-export-id=\"counters-1\" data-category=\"counters\" class=\"counters-1 content-section content-section-spacing\" id=\"counters-1\" style=\"background-color: rgb(245, 250, 253);\"><div  class=\"gridContainer\"> <div  class=\"row text-center\"><div  class=\"section-title-col\" data-type=\"column\"> <h2  class=\"\"><span  style=\"color: rgb(34, 34, 34);\">Taux de r\u00e9ussite<\/span><\/h2> <p  class=\"lead\"><span  style=\"font-weight: 600; color: rgb(34, 34, 34);\">2025<\/span><\/p><\/div> <\/div> <div  class=\"row spaced-cols\" data-type=\"row\" data-fixed=\"true\"> <div  class=\"col-xs-12 col-sm-4 space-bottom-small col-padding-xs\"> <div  class=\"circle-counter color-black\"> <svg  class=\"circle-svg\" viewBox=\"0 0 100 100\"> <circle  r=\"48\" stroke-linecap=\"round\" cx=\"50\" cy=\"50\" fill=\"transparent\" stroke-dasharray=\"301.6\" stroke-dashoffset=\"301.6px\"><\/circle> <circle  class=\"circle-bar\" r=\"48\" stroke-linecap=\"round\" cx=\"50\" cy=\"50\" fill=\"transparent\" stroke-dasharray=\"301.6\" stroke-dashoffset=\"301.6px\" style=\"stroke-dashoffset: 301.592895px;\"><\/circle><\/svg> <div  class=\"circle-content\"><h2  class=\"font-100\" data-min=\"0\" data-max=\"100\" data-stop=\"89\" data-prefix=\"\" data-suffix=\"%\" data-countup=\"true\" data-duration=\"2000\"><\/h2> <p ><span  style=\"color: rgb(34, 34, 34);\">BAC+2<\/span><\/p><\/div> <\/div><\/div> <div  class=\"col-xs-12 col-sm-4 space-bottom-small col-padding-xs\"><div  class=\"circle-counter color7\"> <svg  class=\"circle-svg\" viewBox=\"0 0 100 100\"><circle  r=\"48\" stroke-linecap=\"round\" cx=\"50\" cy=\"50\" fill=\"transparent\" stroke-dasharray=\"301.6\" stroke-dashoffset=\"301.6px\"><\/circle> <circle  class=\"circle-bar\" r=\"48\" stroke-linecap=\"round\" cx=\"50\" cy=\"50\" fill=\"transparent\" stroke-dasharray=\"301.6\" stroke-dashoffset=\"301.6px\" style=\"stroke-dashoffset: 301.592895px;\"><\/circle><\/svg> <div  class=\"circle-content\"><h2  class=\"font-100\" data-min=\"0\" data-max=\"100\" data-stop=\"100\" data-prefix=\"\" data-suffix=\"%\" data-countup=\"true\" data-duration=\"2000\"><\/h2> <p ><span  style=\"color: rgb(255, 97, 0);\">BAC+3<\/span><\/p><\/div> <\/div><\/div> <div  class=\"col-xs-12 col-sm-4 space-bottom-small col-padding-xs\"><div  class=\"circle-counter color6\"> <svg  class=\"circle-svg\" viewBox=\"0 0 100 100\"><circle  r=\"48\" stroke-linecap=\"round\" cx=\"50\" cy=\"50\" fill=\"transparent\" stroke-dasharray=\"301.6\" stroke-dashoffset=\"301.6px\"><\/circle> <circle  class=\"circle-bar\" r=\"48\" stroke-linecap=\"round\" cx=\"50\" cy=\"50\" fill=\"transparent\" stroke-dasharray=\"301.6\" stroke-dashoffset=\"301.6px\" style=\"stroke-dashoffset: 301.592895px;\"><\/circle><\/svg> <div  class=\"circle-content\"><h2  class=\"font-100\" data-min=\"0\" data-max=\"100\" data-stop=\"100\" data-prefix=\"\" data-suffix=\"%\" data-countup=\"true\" data-duration=\"2000\"><\/h2> <p ><span  style=\"color: rgb(34, 34, 34);\">BAC+5<\/span><\/p><\/div> <\/div><\/div> <\/div><\/div> <\/div><div  data-label=\"Features\" data-id=\"features--1\" data-export-id=\"features-6\" data-category=\"features\" class=\"features-6 content-section-spacing\" id=\"features-1\" style=\"background-color: rgb(245, 250, 253);\"><div  class=\"gridContainer\"> <div  class=\"row text-center\"><div  class=\"section-title-col\" data-type=\"column\"> <h2  class=\"\"><span  style=\"color: rgb(34, 34, 34);\">L\u2019alternance<\/span><span  id=\"_mce_caret\" data-mce-bogus=\"1\" data-mce-type=\"format-caret\"><span  style=\"color: rgb(34, 34, 34);\">\ufeff<\/span><\/span><span  style=\"color: rgb(34, 34, 34);\"> \u00e0 Chalon Formation<\/span><\/h2> <\/div> <\/div> <div  data-type=\"row\" class=\"row space-bottom\"> <div  class=\"col-xs-12 col-sm-4 col-padding-small-xs\"> <div  class=\"row\"> <div  class=\"col-xs-fit\" data-preview-empty=\"1\"> <\/div> <div  class=\"col-xs left-text\" data-type=\"column\"> <h2  class=\"\" style=\"text-align: center;\"><span  style=\"font-weight: 900; color: rgb(255, 97, 0);\">1500 m\u00b2<\/span><\/h2><p  class=\"\" style=\"text-align: center;\"><span  style=\"font-weight: 600; font-family: Muli, arial, helvetica, sans-serif; color: rgb(34, 34, 34);\">de locaux<\/span><\/p><\/div> <\/div><\/div> <div  class=\"col-xs-12 col-sm-4 col-padding-small-xs\"><div  class=\"row\"> <div  class=\"col-xs-fit\" data-preview-empty=\"1\"><\/div> <div  class=\"col-xs left-text\" data-type=\"column\"> <h2  class=\"\" style=\"text-align: center;\"><span  style=\"font-weight: 900; color: rgb(255, 97, 0);\">+300<\/span><\/h2><p  class=\"\" style=\"text-align: center;\"><span  style=\"font-weight: 600; font-family: Muli, arial, helvetica, sans-serif; color: rgb(34, 34, 34);\">\u00e9tudiants sur le campus de Chalon<\/span><\/p><\/div> <\/div><\/div> <div  class=\"col-xs-12 col-sm-4 col-padding-small-xs\"><div  class=\"row\"> <div  class=\"col-xs-fit\" data-preview-empty=\"1\"><\/div> <div  class=\"col-xs left-text\" data-type=\"column\"> <h2  class=\"\" style=\"text-align: center;\"><span  style=\"font-weight: 900; color: rgb(255, 97, 0);\">1000<\/span><\/h2><p  class=\"\" style=\"text-align: center;\"><span  style=\"font-weight: 600; font-family: Muli, arial, helvetica, sans-serif; color: rgb(34, 34, 34);\">entreprises partenaires<\/span><\/p><\/div> <\/div><\/div> <\/div> <div  class=\"row\"> <div  data-type=\"column\" class=\"col-xs-12 text-center\"> <\/div> <\/div><\/div> <\/div><div  data-label=\"About\" data-id=\"about--1\" data-export-id=\"about-1\" data-category=\"about\" class=\"about-1 content-section\" id=\"about-1\" style=\"background-color: rgb(255, 255, 255);\"><div  class=\"gridContainer\"> <div  class=\"row text-center\"><div  class=\"section-title-col\" data-type=\"column\">   <\/div> <\/div> <div  class=\"row\"> <div  class=\"button-holder space-bottom space-bottom-small\" data-type=\"column\"> <\/div> <div  class=\"col-xs bottom-xs flexbox image-group-bottom-3-img space-bottom-xs center-xs\"> <img  decoding=\"async\" class=\"left-img shadow-large-black\" data-size=\"500x300\" src=\"https:\/\/chalonformation.com\/wp-content\/uploads\/2024\/03\/cropped-IMG_9659-scaled-1.jpg\" title=\"IMG_9659\" alt=\"Manager sp\u00e9cialis\u00e9 Ressources Humaines 1ann\u00e9e \u00e0 Chalon Formation\"> <img  decoding=\"async\" class=\"center-img shadow-large-black\" data-size=\"500x300\" src=\"https:\/\/chalonformation.com\/wp-content\/uploads\/2024\/03\/cropped-IMG_5916-scaled-1.jpg\" title=\"IMG_5916\" alt=\"BTS SAM 1 ann\u00e9e \u00e0 Chalon Formation\"> <img  decoding=\"async\" class=\"right-img shadow-large-black\" data-size=\"500x300\" src=\"https:\/\/chalonformation.com\/wp-content\/uploads\/2024\/03\/cropped-cropped-IMG_5198-scaled-1.jpg\" title=\"IMG_5198\" alt=\"Challenge \u00e0 Chalon Formation\"><\/div> <\/div><\/div> <\/div>","protected":false},"excerpt":{"rendered":"<p>LES BONNES INFOS POUR NOS FUTURS ETUDIANTS !\u2022 Tous nos dipl\u00f4mes du BTS au Bac+5 sont reconnus au RNCP. \u2022 Les BTS sont d\u00e9livr\u00e9s par le Minist\u00e8re Charg\u00e9 de l\u2019Enseignement Sup\u00e9rieur et de la Recherche. \u2022 Nos formations 100% en alternance. \u2022 Toutes nos formations sont sans frais de l\u2019inscription jusqu\u2019\u00e0 l\u2019obtention du dipl\u00f4me pour&hellip; <br \/> <a class=\"read-more\" href=\"https:\/\/chalonformation.com\/\">Read more<\/a><\/p>\n","protected":false},"author":1,"featured_media":0,"parent":0,"menu_order":0,"comment_status":"closed","ping_status":"closed","template":"page-templates\/homepage.php","meta":{"om_disable_all_campaigns":false,"_monsterinsights_skip_tracking":false,"_monsterinsights_sitenote_active":false,"_monsterinsights_sitenote_note":"","_monsterinsights_sitenote_category":0,"_uf_show_specific_survey":0,"_uf_disable_surveys":false,"footnotes":""},"class_list":["post-6","page","type-page","status-publish","hentry"],"_links":{"self":[{"href":"https:\/\/chalonformation.com\/index.php\/wp-json\/wp\/v2\/pages\/6","targetHints":{"allow":["GET"]}}],"collection":[{"href":"https:\/\/chalonformation.com\/index.php\/wp-json\/wp\/v2\/pages"}],"about":[{"href":"https:\/\/chalonformation.com\/index.php\/wp-json\/wp\/v2\/types\/page"}],"author":[{"embeddable":true,"href":"https:\/\/chalonformation.com\/index.php\/wp-json\/wp\/v2\/users\/1"}],"replies":[{"embeddable":true,"href":"https:\/\/chalonformation.com\/index.php\/wp-json\/wp\/v2\/comments?post=6"}],"version-history":[{"count":86,"href":"https:\/\/chalonformation.com\/index.php\/wp-json\/wp\/v2\/pages\/6\/revisions"}],"predecessor-version":[{"id":2911,"href":"https:\/\/chalonformation.com\/index.php\/wp-json\/wp\/v2\/pages\/6\/revisions\/2911"}],"wp:attachment":[{"href":"https:\/\/chalonformation.com\/index.php\/wp-json\/wp\/v2\/media?parent=6"}],"curies":[{"name":"wp","href":"https:\/\/api.w.org\/{rel}","templated":true}]}}