{"id":64,"date":"2023-03-06T14:03:14","date_gmt":"2023-03-06T13:03:14","guid":{"rendered":"https:\/\/www2.chalonformation.com\/?page_id=64"},"modified":"2025-04-28T09:27:24","modified_gmt":"2025-04-28T07:27:24","slug":"les-reseaux-partenaires-chalon-formation","status":"publish","type":"page","link":"https:\/\/chalonformation.com\/index.php\/les-reseaux-partenaires-chalon-formation\/","title":{"rendered":"Notre r\u00e9seau partenaires"},"content":{"rendered":"<div  data-label=\"Content\" data-id=\"content--1\" data-export-id=\"content-12\" data-category=\"content\" class=\"content-12 content-section content-section-spacing\" id=\"content-1\" style=\"background-color: rgb(255, 255, 255);\"><div  class=\"gridContainer\"> <div  class=\"row text-center\"><div  class=\"section-title-col\" data-type=\"column\"> <h2  class=\"\"><span  style=\"font-weight: 600; color: rgb(34, 34, 34);\">Ils nous font confiance<\/span><\/h2> <p  class=\"lead\"><span style=\"font-weight: 600; color: rgb(34, 34, 34);\" >Depuis 25 ans, notre r\u00e9seau de plus de 2000 entreprises partenaires permet aux \u00e9tudiants de se former au sein d\u2019entreprises tous secteurs d\u2019activit\u00e9s confondus.<\/span><\/p><h3  class=\"\"><span style=\"font-family: Helvetica, Arial, sans-serif, arial, helvetica, sans-serif; color: rgb(34, 34, 34); font-weight: 400;\" >D\u00e9couvrez une partie de nos partenaires\n<\/span><\/h3><\/div> <\/div> <div  class=\"row center-xs middle-xs\"> <div  class=\"col-sm-9\" data-type=\"column\"><img  decoding=\"async\" class=\"custom-image\" src=\"https:\/\/www2.chalonformation.com\/wp-content\/uploads\/2023\/04\/Logo-Chalon.png\" title=\"Logo Chalon\" alt=\"\"> <\/div> <\/div><\/div> <\/div><div  data-label=\"Cta\" data-id=\"cta--1\" data-export-id=\"cta-blue-section\" data-category=\"cta\" class=\"cta-blue-section content-section content-section-spacing-medium bg-color1 white-text\" id=\"cta-1\"><div  class=\"gridContainer\"> <div  class=\"row middle-xs\"><div  class=\"col-sm-8 space-bottom-xs\" data-type=\"column\"><h3  class=\"\"><span style=\"font-family: Helvetica, Arial, sans-serif, arial, helvetica, sans-serif; font-weight: 400;\" >Pour avoir acc\u00e8s \u00e0 toutes les informations sur nos partenaires, pr\u00e9inscrivez-vous et prenez rendez-vous avec un conseiller formation<\/span><\/h3>  <\/div> <div  class=\"col-sm-4 end-sm\" data-type=\"column\"> <a  class=\"button color9 dark-text\" href=\"https:\/\/https:\/\/inscriptions.chalonformation.com\/bienvenue?site=chalon\" target=\"_blank\" data-cp-link=\"1\" data-icon=\"\" rel=\"noopener\">SE PR\u00c9INSCRIRE<\/a><\/div> <\/div><\/div> <\/div>","protected":false},"excerpt":{"rendered":"<p>Ils nous font confiance Depuis 25 ans, notre r\u00e9seau de plus de 2000 entreprises partenaires permet aux \u00e9tudiants de se former au sein d\u2019entreprises tous secteurs d\u2019activit\u00e9s confondus.D\u00e9couvrez une partie de nos partenaires Pour avoir acc\u00e8s \u00e0 toutes les informations sur nos partenaires, pr\u00e9inscrivez-vous et prenez rendez-vous avec un conseiller formation SE PR\u00c9INSCRIRE<\/p>\n","protected":false},"author":1,"featured_media":0,"parent":0,"menu_order":0,"comment_status":"closed","ping_status":"closed","template":"pro\/page-templates\/full-width-page.php","meta":{"om_disable_all_campaigns":false,"_monsterinsights_skip_tracking":false,"_monsterinsights_sitenote_active":false,"_monsterinsights_sitenote_note":"","_monsterinsights_sitenote_category":0,"_uf_show_specific_survey":0,"_uf_disable_surveys":false,"footnotes":""},"class_list":["post-64","page","type-page","status-publish","hentry"],"_links":{"self":[{"href":"https:\/\/chalonformation.com\/index.php\/wp-json\/wp\/v2\/pages\/64","targetHints":{"allow":["GET"]}}],"collection":[{"href":"https:\/\/chalonformation.com\/index.php\/wp-json\/wp\/v2\/pages"}],"about":[{"href":"https:\/\/chalonformation.com\/index.php\/wp-json\/wp\/v2\/types\/page"}],"author":[{"embeddable":true,"href":"https:\/\/chalonformation.com\/index.php\/wp-json\/wp\/v2\/users\/1"}],"replies":[{"embeddable":true,"href":"https:\/\/chalonformation.com\/index.php\/wp-json\/wp\/v2\/comments?post=64"}],"version-history":[{"count":21,"href":"https:\/\/chalonformation.com\/index.php\/wp-json\/wp\/v2\/pages\/64\/revisions"}],"predecessor-version":[{"id":2562,"href":"https:\/\/chalonformation.com\/index.php\/wp-json\/wp\/v2\/pages\/64\/revisions\/2562"}],"wp:attachment":[{"href":"https:\/\/chalonformation.com\/index.php\/wp-json\/wp\/v2\/media?parent=64"}],"curies":[{"name":"wp","href":"https:\/\/api.w.org\/{rel}","templated":true}]}}