{"id":729,"date":"2024-02-20T10:57:11","date_gmt":"2024-02-20T09:57:11","guid":{"rendered":"https:\/\/chalonformation.com\/?page_id=729"},"modified":"2026-02-11T13:43:00","modified_gmt":"2026-02-11T12:43:00","slug":"happy-hour-job-dating-de-lalternance-a-chalon-formation","status":"publish","type":"page","link":"https:\/\/chalonformation.com\/index.php\/happy-hour-job-dating-de-lalternance-a-chalon-formation\/","title":{"rendered":"Happy Hour, job dating"},"content":{"rendered":"<div  data-label=\"Overlappable\" data-id=\"overlappable--2\" data-export-id=\"overlappable-4\" data-category=\"overlappable\" class=\"overlappable-4 content-section content-section-spacing\" data-overlap=\"true\" id=\"overlappable-1\" style=\"background-color: rgb(255, 255, 255);\"><div  class=\"gridContainer\"> <div  data-type=\"row\" class=\"row spaced-cols text-center center-sm content-center-sm\"> <div  class=\"col-xs-12 col-sm-4 col-padding\"> <a  data-cp-link=\"1\" href=\"https:\/\/forms.office.com\/e\/QtgZC5Y9yb?origin=lprLink\" target=\"_blank\" class=\"\"><i  class=\"fa icon shadow-large-black aligncenter fa-handshake-o reverse round large color1\"><\/i><\/a> <div  data-type=\"column\" class=\"\"><h5  class=\"\"><span  style=\"font-family: Helvetica, Arial, sans-serif, arial, helvetica, sans-serif; font-weight: 600; color: rgb(34, 34, 34);\">Vous \u00eates un entreprise<\/span><\/h5> <p  class=\"\"><span  style=\"color: rgb(34, 34, 34);\">S\u2019inscrire au job dating<\/span><\/p><\/div> <\/div> <div  class=\"col-xs-12 col-sm-4 col-padding\"> <a  data-cp-link=\"1\" href=\"https:\/\/forms.office.com\/e\/FxsNeHNbS2?origin=lprLink\" target=\"_blank\" class=\"\"><i  class=\"fa icon shadow-large-black aligncenter fa-mortar-board reverse round large color1\"><\/i><\/a> <div  data-type=\"column\" class=\"\"><h5  class=\"\"><span  style=\"font-weight: 600; color: rgb(34, 34, 34); font-family: Helvetica, Arial, sans-serif, arial, helvetica, sans-serif;\">Vous \u00eates \u00e9tudiant<\/span><\/h5> <p  class=\"\"><span  style=\"color: rgb(34, 34, 34);\">S\u2019inscrie au job dating<\/span><\/p><\/div> <\/div><\/div> <\/div><\/div><div  data-label=\"About\" data-id=\"about--1\" data-export-id=\"about-10\" data-category=\"about\" class=\"about-10 content-section content-section-spacing\" id=\"about-1\" style=\"background-color: rgb(255, 255, 255);\"><div  class=\"gridContainer\"> <div  class=\"row middle-sm text-center\"><div  class=\"col-sm-5 space-bottom-xs content-column\" data-type=\"column\">  <h2  class=\"\" _msttexthash=\"101842\" _msthash=\"9136\"><span  style=\"font-weight: 600; color: rgb(34, 34, 34);\">Happy Hour, job dating de l\u2019alternance<\/span><\/h2><h3  class=\"\"><span  style=\"color: rgb(255, 97, 0); font-weight: 900;\">Mercredi 25 mars 2026<\/span><br ><span  style=\"color: rgb(255, 97, 0); font-weight: 900;\">\n15h \u2013 19h<\/span><\/h3><p  class=\"\" style=\"text-align: justify;\"><span  style=\"color: rgb(34, 34, 34);\">L\u2019Happy Hour est l\u2019un des \u00e9v\u00e8nements phares de Chalon Formation lors duquel les entreprises, tous secteurs confondus, et les \u00e9tudiants de post Bac \u00e0 Bac+5 (ou en reconversion) ont l\u2019opportunit\u00e9 de se rencontrer dans le but de conclure un contrat en alternance (apprentissage ou professionnalisation).<\/span><\/p>  <h3  class=\"\" _msttexthash=\"967096\" _msthash=\"9138\"><span  style=\"color: rgb(34, 34, 34); font-family: Helvetica, Arial, sans-serif, arial, helvetica, sans-serif;\">Pourquoi participer \u00e0 notre job dating ?<\/span><span  id=\"_mce_caret\" data-mce-bogus=\"1\" data-mce-type=\"format-caret\"><span  style=\"color: rgb(34, 34, 34); font-family: Helvetica, Arial, sans-serif, arial, helvetica, sans-serif;\">\ufeff<\/span><\/span><\/h3><p  class=\"\" style=\"text-align: justify;\" _msttexthash=\"169820027\" _msthash=\"9139\"><span  style=\"color: rgb(34, 34, 34);\">Pour les recruteurs, c\u2019est l\u2019occasion de pr\u00e9senter leur secteur d\u2019activit\u00e9 et leurs postes \u00e0 pourvoir en alternance en ad\u00e9quation avec les formations de Chalon Formation.\n<\/span><br ><br ><span  style=\"color: rgb(34, 34, 34);\">\nPour les candidats, c\u2019est l\u2019opportunit\u00e9 pour les candidats d\u2019\u00e9changer avec des professionnels dans un cadre plus convivial et informel ce qui facilite les \u00e9changes entre les deux parties.\n<\/span><br ><br ><span  style=\"color: rgb(34, 34, 34);\">\n\ufeffL\u2019Happy Hour, job dating de l\u2019alternance d\u2019avril 2025 en chiffres :<\/span><\/p><h3  class=\"\" _msttexthash=\"2360527\" _msthash=\"9140\"><span  style=\"color: rgb(34, 34, 34); font-family: Helvetica, Arial, sans-serif, arial, helvetica, sans-serif;\">Nombre d\u2019entreprises pr\u00e9sentes<\/span><\/h3><h2  class=\"\"><span  style=\"font-weight: 900; color: rgb(34, 34, 34);\">19<\/span><\/h2><h3  class=\"\" _msttexthash=\"126659\" _msthash=\"9142\"><span  style=\"font-family: Helvetica, Arial, sans-serif, arial, helvetica, sans-serif; color: rgb(34, 34, 34);\">Nombre de postes \u00e0 pourvoir&nbsp;<\/span><\/h3><h2  class=\"\"><span  style=\"color: rgb(34, 34, 34); font-weight: 900;\">37<\/span><\/h2><\/div> <div  class=\"col-sm-7 flexbox middle-xs center-xs space-bottom-xs\"><div  class=\"overlay-box middle-xs center-xs flexbox\"> <div  class=\"overlay-box-offset offset-border shadow-medium border-color1 hide-xs\"><\/div> <a  data-cp-link=\"1\" href=\"https:\/\/docs.google.com\/forms\/d\/1gEfauOpFcVXCr0XQt9hCyOZyHYMwNkDKqCdHA6RU7Z0\/edit\" target=\"_self\" rel=\"noopener\" class=\"\"><img  decoding=\"async\" class=\"shadow-large\" data-size=\"485x705\" src=\"https:\/\/chalonformation.com\/wp-content\/uploads\/2026\/01\/AFFICHE-RS-HAPPY-HOUR-2026_.png\" title=\"AFFICHE A4 HAPPY HOUR CF 2024 ENTREPRISE\" alt=\"Happy Hour Job Dating de l'alternance \u00e0 Chalon Formation pr\u00e9vu le mercredi 24 avril 2024\" _mstalt=\"4218851\"><\/a><\/div> <\/div><\/div> <\/div><\/div><div  data-label=\"Content\" data-id=\"content--1\" data-export-id=\"content-2\" data-category=\"content\" class=\"content-2 content-section content-section-spacing\" id=\"content-1\" style=\"background-color: rgb(245, 250, 253);\"><div > <div  class=\"row middle-xs\"><div  class=\"col-sm-5 bg-image shadow-large-black\" data-bg=\"image\" style=\"background-image: url(&quot;https:\/\/chalonformation.com\/wp-content\/uploads\/2024\/03\/cropped-job-interview-candidate-selection-employment-scaled-1.jpg&quot;);\"><\/div> <div  class=\"col-sm-7 full-col-left-padding full-col-right-padding\"> <div  class=\"row\"> <div  data-type=\"column\" class=\"space-bottom-small content-title-col\">  <h2  class=\"\" _msttexthash=\"3674606\" _msthash=\"9144\" style=\"text-align: justify;\"><span  style=\"font-weight: 600; color: rgb(34, 34, 34);\">Comment se pr\u00e9parer \n<br >\u00e0 l\u2019Happy Hour ?<\/span><\/h2> <p  class=\"\" style=\"text-align: justify;\"><span  style=\"color: rgb(34, 34, 34);\" _msttexthash=\"6951451\" _msthash=\"9145\">Se pr\u00e9parer \u00e0 un job dating est crucial pour maximiser vos chances de succ\u00e8s. Voici quelques \u00e9tapes \u00e0 suivre :<\/span><\/p><\/div> <\/div> <div  class=\"row spaced-cols \" data-type=\"row\"> <div  class=\"col-xs-6\" data-type=\"column\"> <h3  class=\"\" _msttexthash=\"545168\" _msthash=\"9146\" style=\"text-align: left;\"><span  style=\"font-family: Helvetica, Arial, sans-serif, arial, helvetica, sans-serif; color: rgb(34, 34, 34);\">Vous \u00eates une entreprise :<\/span><\/h3> <p  class=\"\" _msttexthash=\"127574811\" _msthash=\"9147\" style=\"text-align: justify;\"><span  style=\"color: rgb(34, 34, 34);\"><span  style=\"font-weight: 600; color: rgb(255, 97, 0);\" _istranslated=\"1\">D\u00e9finir les postes \u00e0 pourvoir : <\/span>Identifiez clairement les postes \u00e0 pourvoir et d\u00e9terminez les comp\u00e9tences, les qualifications et les traits de personnalit\u00e9 recherch\u00e9s pour chaque poste.  <\/span><br  _istranslated=\"1\"><br  _istranslated=\"1\"><span  style=\"color: rgb(34, 34, 34);\"><span  style=\"font-weight: 600;\" _istranslated=\"1\"> <span  style=\"color: rgb(255, 97, 0);\">S\u00e9lectionner les recruteurs :&nbsp;<\/span><\/span>Choisissez avec soin les membres de votre \u00e9quipe de recrutement qui participeront au job dating.  <\/span><br  _istranslated=\"1\"><br  _istranslated=\"1\"><span  style=\"color: rgb(34, 34, 34);\"><span  style=\"font-weight: 600;\" _istranslated=\"1\"> <span  style=\"color: rgb(255, 97, 0);\">Prendre des notes :<\/span><\/span> Mettez en place un syst\u00e8me de collecte d\u2019informations et de donn\u00e9es de chaque candidat.<\/span><\/p><\/div>  <div  class=\"col-xs-6\" data-type=\"column\"> <h3  class=\"\" _msttexthash=\"422318\" _msthash=\"9148\"><span  style=\"font-family: Helvetica, Arial, sans-serif, arial, helvetica, sans-serif; color: rgb(34, 34, 34);\">Vous \u00eates un candidat :<\/span><\/h3><p  class=\"\" _msttexthash=\"134754360\" _msthash=\"9149\" style=\"text-align: justify;\"><span  style=\"color: rgb(34, 34, 34);\"><span  style=\"font-weight: 600;\" _istranslated=\"1\"><span  style=\"color: rgb(255, 97, 0);\">Pr\u00e9parer son CV :<\/span>&nbsp;<\/span>Assurez-vous que votre CV est \u00e0 jour, clair et pertinent pour la formation \u00e0 laquelle vous postulez.  <\/span><br  _istranslated=\"1\"><br  _istranslated=\"1\"><span  style=\"color: rgb(34, 34, 34);\"><span  style=\"font-weight: 600;\" _istranslated=\"1\"> <span  style=\"color: rgb(255, 97, 0);\">Pr\u00e9parer son pitch de pr\u00e9sentation :<\/span><\/span> R\u00e9fl\u00e9chissez \u00e0 une br\u00e8ve pr\u00e9sentation de vous-m\u00eame mettant en \u00e9vidence vos points forts, vos comp\u00e9tences et ce que vous pouvez apporter \u00e0 l\u2019entreprise.  <\/span><br  _istranslated=\"1\"><br  _istranslated=\"1\"><span  style=\"color: rgb(34, 34, 34);\"><span  style=\"font-weight: 600; color: rgb(255, 97, 0);\">Dress code :<\/span> Professionnel et appropri\u00e9 pour l\u2019occasion.<\/span><span  id=\"_mce_caret\" data-mce-bogus=\"1\" data-mce-type=\"format-caret\"><span  style=\"color: rgb(34, 34, 34);\">\ufeff<\/span><\/span><\/p><\/div>  <\/div><\/div> <\/div><\/div> <\/div><div  data-label=\"Features\" data-id=\"features--1\" data-export-id=\"features-12-card\" data-category=\"features\" class=\"features-12-card content-section content-section-spacing \" id=\"features-1\" style=\"background-color: rgb(255, 255, 255);\"><div  class=\"gridContainer\"> <div  class=\"row text-center\"><div  class=\"section-title-col\" data-type=\"column\">  <h2  class=\"\" _msttexthash=\"285675\" _msthash=\"9150\"><span  style=\"font-weight: 600; color: rgb(34, 34, 34);\">Chalon Formation<\/span><\/h2><p  class=\"lead\" style=\"text-align: center;\"><span  style=\"color: rgb(34, 34, 34); font-weight: 400;\">Chalon Formation, l\u2019\u00e9cole sup\u00e9rieure sp\u00e9cialiste de la formation en alternance,<\/span><br ><span  style=\"color: rgb(34, 34, 34); font-weight: 400;\">\noffre des programmes allant du Bac+2 au Bac+5.<\/span><\/p><\/div> <\/div> <div  class=\"row spaced-cols\" data-type=\"row\"> <div  class=\"col-sm-6\"> <div  class=\"card row-card\"> <div  class=\"row\"> <div  class=\"col-sm-fit icon-column\"> <i  class=\"fa icon fa-group bordered round color1\"><\/i> <\/div> <div  class=\"col-sm\" data-type=\"column\"> <h5  class=\"color2\"><span  style=\"color: rgb(34, 34, 34); font-weight: 600; font-family: Helvetica, Arial, sans-serif, arial, helvetica, sans-serif;\" _msttexthash=\"728715\" _msthash=\"9152\">Opportunit\u00e9s de formation pour tous&nbsp;<\/span><\/h5> <p  class=\"\" style=\"text-align: justify;\"><span  style=\"color: rgb(34, 34, 34);\">Vous \u00eates en poursuite d\u2019\u00e9tudes ou en reconversion professionnelle, vous cherchez \u00e0 vous r\u00e9orienter ? Chalon Formation est l\u2019\u00e9cole sup\u00e9rieure de l\u2019alternance id\u00e9ale gr\u00e2ce \u00e0 nos programmes de formation qui offrent aux \u00e9tudiants une exp\u00e9rience en alternance enrichissante et des comp\u00e9tences professionnelles solides pour r\u00e9ussir dans leur projet professionnel.<\/span><br >\n<\/p><\/div> <\/div><\/div> <\/div> <div  class=\"col-sm-6\"> <div  class=\"card row-card\"> <div  class=\"row\"> <div  class=\"col-sm-fit icon-column\"> <i  class=\"fa icon fa-compress bordered round color1\"><\/i> <\/div> <div  class=\"col-sm\" data-type=\"column\"> <h5  class=\"color2\"><span  style=\"color: rgb(34, 34, 34); font-weight: 600; font-family: Helvetica, Arial, sans-serif, arial, helvetica, sans-serif;\">Alternance et entreprise: un duo gagnant<\/span><\/h5> <p  class=\"\" _msttexthash=\"192403146\" _msthash=\"9155\" style=\"text-align: justify;\"><span  style=\"color: rgb(34, 34, 34); font-weight: 400;\" _istranslated=\"1\"><span  style=\"font-weight: 600;\">Entreprise :<\/span> L\u2019alternance a de nombreuses opportunit\u00e9s telles que&nbsp;:<\/span><br  _istranslated=\"1\"><span  style=\"color: rgb(34, 34, 34); font-weight: 400;\" _istranslated=\"1\">\u2022&nbsp;Identifier et former des talents qui apportent de nouvelles perspectives et des comp\u00e9tences compl\u00e9mentaires dans l\u2019entreprise.<\/span><br  _istranslated=\"1\"><span  style=\"color: rgb(34, 34, 34); font-weight: 400;\">\u2022 Recevoir un soutien de l\u2019Etat gr\u00e2ce \u00e0 des aides :<a  data-mce-href=\"https:\/\/travail-emploi.gouv.fr\/decret-sur-les-aides-lapprentissage-le-gouvernement-continue-de-soutenir-lapprentissage\" href=\"https:\/\/travail-emploi.gouv.fr\/decret-sur-les-aides-lapprentissage-le-gouvernement-continue-de-soutenir-lapprentissage\" target=\"_self\" data-mce-selected=\"inline-boundary\" data-cp-link=\"1\" class=\"\">\ufeff<\/a><\/span><br  _istranslated=\"1\"><span  style=\"color: rgb(34, 34, 34); font-weight: 400;\" _istranslated=\"1\"> \n<br ><span  style=\"font-weight: 600;\">Alternants :<\/span> possibilit\u00e9 de se former dans un environnement professionnel qui combine la th\u00e9orie et la pratique.<\/span><\/p><\/div> <\/div><\/div> <\/div> <div  class=\"col-sm-6\"> <div  class=\"card row-card\"> <div  class=\"row\"> <div  class=\"col-sm-fit icon-column\"> <i  class=\"fa icon fa-chain bordered round color1\"><\/i> <\/div> <div  class=\"col-sm\" data-type=\"column\"> <h5  class=\"color2\"><span  style=\"font-weight: 600; font-family: Helvetica, Arial, sans-serif, arial, helvetica, sans-serif; color: rgb(34, 34, 34);\"><font  color=\"#343a40\">R\u00e9seau partenaires<\/font><\/span><\/h5> <p  class=\"\" style=\"text-align: justify;\"><span  style=\"color: rgb(0, 0, 0);\" _msttexthash=\"41560831\" _msthash=\"9157\"><span  style=\"color: rgb(34, 34, 34);\">Chalon Formation b\u00e9n\u00e9ficie d\u2019un large r\u00e9seau d\u2019entreprises partenaires \u00e0 la recherche d\u2019\u00e9tudiants d\u00e9sireux d\u2019\u00e9ffectuer leur formation en alternance.<\/span><br ><br >\n<\/span><\/p><\/div> <\/div><\/div> <\/div> <div  class=\"col-sm-6\"> <div  class=\"card row-card\"> <div  class=\"row\"> <div  class=\"col-sm-fit icon-column\"> <i  class=\"fa icon fa-graduation-cap bordered round color1\"><\/i> <\/div> <div  class=\"col-sm\" data-type=\"column\"> <h5  class=\"color2\"><span  style=\"color: rgb(34, 34, 34); font-weight: 600; font-family: Helvetica, Arial, sans-serif, arial, helvetica, sans-serif;\" _msttexthash=\"350753\" _msthash=\"9158\">Programmes de formation<\/span><\/h5> <p  class=\"\" _msttexthash=\"24585496\" _msthash=\"9159\" style=\"text-align: justify;\"><span  style=\"color: rgb(34, 34, 34);\"><span  style=\"font-weight: 600;\">\u2022 Chalon Formation : <span  style=\"font-weight: 400;\">formations dipl\u00f4mantes et certifiantes allant de Bac+2 \u00e0 Bac+5.<\/span>\n<br >\u2022&nbsp;Dijon Formation :<\/span> formations dipl\u00f4mantes et certifiantes allant de Bac+2 \u00e0 Bac+5.<\/span><\/p><\/div> <\/div><\/div> <\/div><\/div> <\/div><\/div><div  data-label=\"ICONES CTA\" data-id=\"overlappable--1\" data-export-id=\"overlappable-4\" data-category=\"overlappable\" class=\"overlappable-4 content-section content-section-spacing\" data-overlap=\"true\" id=\"icones-cta-1\" style=\"background-color: rgb(255, 255, 255);\"><div  class=\"gridContainer\"> <div  data-type=\"row\" class=\"row spaced-cols text-center\"><div  class=\"col-xs-12 col-sm-4 col-padding\"> <a  data-cp-link=\"1\" href=\"https:\/\/forms.office.com\/e\/QtgZC5Y9yb?origin=lprLink\" target=\"_blank\" class=\"\"><i  class=\"fa icon shadow-large-black aligncenter fa-handshake-o reverse round large color1\"><\/i><\/a> <div  data-type=\"column\" class=\"\"> <h5  class=\"\"><span  style=\"font-family: Helvetica, Arial, sans-serif, arial, helvetica, sans-serif; font-weight: 600; color: rgb(34, 34, 34);\">Entreprise<\/span><\/h5> <p  class=\"\"><span  style=\"color: rgb(34, 34, 34);\">Inscrivez-votre entreprise au job dating<\/span><\/p><\/div> <\/div> <div  class=\"col-xs-12 col-sm-4 col-padding\">  <div  data-type=\"column\" class=\"\"> <\/div> <\/div> <div  class=\"col-xs-12 col-sm-4 col-padding\"> <a  data-cp-link=\"1\" href=\"https:\/\/forms.office.com\/e\/FxsNeHNbS2?origin=lprLink\" target=\"_blank\" rel=\"noopener\" class=\"\"><i  class=\"fa icon shadow-large-black aligncenter fa-mortar-board reverse round large color1\"><\/i><\/a> <div  data-type=\"column\" class=\"\"><h5  class=\"\"><span  style=\"font-family: Helvetica, Arial, sans-serif, arial, helvetica, sans-serif; font-weight: 600; color: rgb(34, 34, 34);\">\u00c9tudiant<\/span><\/h5> <p  class=\"\"><span  style=\"color: rgb(34, 34, 34);\">Inscrivez-vous au job dating<\/span><span  id=\"_mce_caret\" data-mce-bogus=\"1\" data-mce-type=\"format-caret\"><span  style=\"color: rgb(34, 34, 34);\">\ufeff<\/span><\/span><\/p><\/div> <\/div><\/div> <\/div><\/div>","protected":false},"excerpt":{"rendered":"<p>Vous \u00eates un entreprise S\u2019inscrire au job dating Vous \u00eates \u00e9tudiant S\u2019inscrie au job dating Happy Hour, job dating de l\u2019alternanceMercredi 25 mars 2026 15h \u2013 19hL\u2019Happy Hour est l\u2019un des \u00e9v\u00e8nements phares de Chalon Formation lors duquel les entreprises, tous secteurs confondus, et les \u00e9tudiants de post Bac \u00e0 Bac+5 (ou en reconversion) ont&hellip; <br \/> <a class=\"read-more\" href=\"https:\/\/chalonformation.com\/index.php\/happy-hour-job-dating-de-lalternance-a-chalon-formation\/\">Read more<\/a><\/p>\n","protected":false},"author":1,"featured_media":0,"parent":0,"menu_order":0,"comment_status":"closed","ping_status":"closed","template":"pro\/page-templates\/full-width-page.php","meta":{"om_disable_all_campaigns":false,"_monsterinsights_skip_tracking":false,"_monsterinsights_sitenote_active":false,"_monsterinsights_sitenote_note":"","_monsterinsights_sitenote_category":0,"_uf_show_specific_survey":0,"_uf_disable_surveys":false,"footnotes":""},"class_list":["post-729","page","type-page","status-publish","hentry"],"_links":{"self":[{"href":"https:\/\/chalonformation.com\/index.php\/wp-json\/wp\/v2\/pages\/729","targetHints":{"allow":["GET"]}}],"collection":[{"href":"https:\/\/chalonformation.com\/index.php\/wp-json\/wp\/v2\/pages"}],"about":[{"href":"https:\/\/chalonformation.com\/index.php\/wp-json\/wp\/v2\/types\/page"}],"author":[{"embeddable":true,"href":"https:\/\/chalonformation.com\/index.php\/wp-json\/wp\/v2\/users\/1"}],"replies":[{"embeddable":true,"href":"https:\/\/chalonformation.com\/index.php\/wp-json\/wp\/v2\/comments?post=729"}],"version-history":[{"count":69,"href":"https:\/\/chalonformation.com\/index.php\/wp-json\/wp\/v2\/pages\/729\/revisions"}],"predecessor-version":[{"id":2891,"href":"https:\/\/chalonformation.com\/index.php\/wp-json\/wp\/v2\/pages\/729\/revisions\/2891"}],"wp:attachment":[{"href":"https:\/\/chalonformation.com\/index.php\/wp-json\/wp\/v2\/media?parent=729"}],"curies":[{"name":"wp","href":"https:\/\/api.w.org\/{rel}","templated":true}]}}